{"id":27338,"date":"2024-03-14T10:00:09","date_gmt":"2024-03-14T09:00:09","guid":{"rendered":"https:\/\/www.raschvin.com\/produkt\/longrow-21-years-70-cl-46\/"},"modified":"2023-03-16T14:57:02","modified_gmt":"2023-03-16T13:57:02","slug":"longrow-21-years-70-cl-46","status":"publish","type":"product","link":"https:\/\/www.raschvin.com\/sv\/produkt\/longrow-21-years-70-cl-46\/","title":{"rendered":"Longrow 21 Years 70 cl. 46%"},"content":{"rendered":"<p>Sl\u00e4pps i november 2022<\/p>\n<p>Longrow 21 Years Old \u00e4r en r\u00f6kt single malt whisky fr\u00e5n Campbeltown i Skottland. Denna release av Longrow \u00e4r s\u00e4rskilt eftertraktad, eftersom det \u00e4r f\u00f6rsta g\u00e5ngen i urminnes tider som Springbank har sl\u00e4ppt en Longrow \u00e4ldre \u00e4n 18 \u00e5r p\u00e5 v\u00e4rldsmarknaden. Longrow utg\u00f6r endast 10% av Springbanks totala produktion och lagret av gamla Longrow \u00e4r ganska litet! Detta \u00e4r 2022 \u00e5rs utg\u00e5va, lagrad p\u00e5 en sp\u00e4nnande kombination av 30 % bourbon, 60 % sherry och 10 % chardonnay. En intensiv 48 timmars torvningsprocess och dubbeldestillation ger denna Longrow-serie en mycket starkare torv- och oljig karakt\u00e4r! En delikat, kr\u00e4mig dram med toner av hallon, karamelliserat sm\u00f6r och kvardr\u00f6jande torvr\u00f6k.<\/p>\n<p>F\u00e4rg: Amber.<br \/>\nN\u00e4sa: En mjuk torvp\u00e5verkan introducerar denna dram, som p\u00e5minner om r\u00f6kta musslor och chark, balanserad med s\u00f6ta toner av aprikos och persika.<br \/>\nSmak: Den torvaktiga p\u00e5verkan blir mer robust p\u00e5 gommen samtidigt som den beh\u00e5ller de kustn\u00e4ra egenskaperna som \u00e4r typiska f\u00f6r Longrow, med toner av t\u00e5ng och samfir som kommer igenom. En l\u00e4tt s\u00f6tma med toner av mjuka, mogna b\u00e4r.<\/p>\n<p>Serveringsf\u00f6rslag: B\u00f6r avnjutas snyggt.<\/p>\n","protected":false},"excerpt":{"rendered":"<p>Peated Campbeltown Single Malt Scotch Whisky<\/p>\n","protected":false},"featured_media":30780,"template":"","meta":{"_acf_changed":false,"rs_blank_template":"","rs_page_bg_color":"","slide_template_v7":""},"product_brand":[],"product_cat":[2392,9248,9433],"product_tag":[],"class_list":{"0":"post-27338","1":"product","2":"type-product","3":"status-publish","4":"has-post-thumbnail","6":"product_cat-whisky-sv","7":"product_cat-scotch-whisky","8":"product_cat-single-malt-scotch-whisky","9":"pa_aargang-2022-sv","10":"pa_land-skottland","11":"pa_procent-46-sv","12":"pa_producent-springbank-sv","13":"pa_region-campbeltown-sv","14":"pa_volume-70-sv-2","16":"first","17":"instock","18":"taxable","19":"shipping-taxable","20":"purchasable","21":"product-type-simple"},"bundled_by":[],"bundle_stock_status":"instock","bundle_stock_quantity":3,"bundle_virtual":false,"bundle_layout":"","bundle_add_to_cart_form_location":"","bundle_editable_in_cart":false,"bundle_sold_individually_context":"","bundle_item_grouping":"","bundle_min_size":"","bundle_max_size":"","bundle_price":[],"bundled_items":[],"bundle_sell_ids":[],"acf":[],"_links":{"self":[{"href":"https:\/\/www.raschvin.com\/sv\/wp-json\/wp\/v2\/product\/27338","targetHints":{"allow":["GET"]}}],"collection":[{"href":"https:\/\/www.raschvin.com\/sv\/wp-json\/wp\/v2\/product"}],"about":[{"href":"https:\/\/www.raschvin.com\/sv\/wp-json\/wp\/v2\/types\/product"}],"wp:featuredmedia":[{"embeddable":true,"href":"https:\/\/www.raschvin.com\/sv\/wp-json\/wp\/v2\/media\/30780"}],"wp:attachment":[{"href":"https:\/\/www.raschvin.com\/sv\/wp-json\/wp\/v2\/media?parent=27338"}],"wp:term":[{"taxonomy":"product_brand","embeddable":true,"href":"https:\/\/www.raschvin.com\/sv\/wp-json\/wp\/v2\/product_brand?post=27338"},{"taxonomy":"product_cat","embeddable":true,"href":"https:\/\/www.raschvin.com\/sv\/wp-json\/wp\/v2\/product_cat?post=27338"},{"taxonomy":"product_tag","embeddable":true,"href":"https:\/\/www.raschvin.com\/sv\/wp-json\/wp\/v2\/product_tag?post=27338"}],"curies":[{"name":"wp","href":"https:\/\/api.w.org\/{rel}","templated":true}]}}