{"id":27238,"date":"2022-12-05T12:26:17","date_gmt":"2022-12-05T11:26:17","guid":{"rendered":"https:\/\/www.raschvin.com\/produkt\/ron-zacapa-centenario-xo-70-cl-40\/"},"modified":"2023-04-03T12:25:57","modified_gmt":"2023-04-03T10:25:57","slug":"ron-zacapa-centenario-xo-70-cl-40","status":"publish","type":"product","link":"https:\/\/www.raschvin.com\/sv\/produkt\/ron-zacapa-centenario-xo-70-cl-40\/","title":{"rendered":"Ron Zacapa Centenario XO 70 cl. 40%"},"content":{"rendered":"<p>Det fantastiska specialsl\u00e4ppet fr\u00e5n Zacapa. Denna guatemalanska klassiker vann guld p\u00e5 den internationella romfestivalen och vann platinapriset i kategorin Super-Premium 2002. Detta \u00e4r en otrolig extra lagrad rom som vinner priser vart den \u00e4n g\u00e5r.<\/p>\n<p>N\u00e4sa: Kalvskinn, farinsocker, melass, bourbon, inslag av cedertr\u00e4, piptobak, frukt, choklad och konjaksm\u00f6r.<\/p>\n<p>Smak: Helt fantastisk intensitet med v\u00e5gor av mjukt farinsocker, kola, kryddig ek, cedertr\u00e4 och piptobak.<\/p>\n<p>Finish: L\u00e5ng, v\u00e4rmande finish i s\u00f6ta, mjuka kryddor.<\/p>\n<p>Om Ron Zacapa<br \/>\nTill skillnad fr\u00e5n m\u00e5nga andra producenter som anv\u00e4nder melass anv\u00e4nder Zacapa juicen fr\u00e5n den f\u00f6rsta pressningen av sockerr\u00f6r. Detta g\u00f6r rommen mer rund och mjuk och bidrar till att s\u00e4kerst\u00e4lla Zacapas karakt\u00e4ristiska smakprofil. Det kan man dock ocks\u00e5 tacka sj\u00e4lva omr\u00e5det i s\u00f6dra Guatemala f\u00f6r. Den b\u00f6rdiga jorden \u00e4r rik p\u00e5 vulkaniska mineraler och floder som ger n\u00e4ring \u00e5t allt liv. B\u00e5da delarna bidrar till att s\u00e4kerst\u00e4lla rommens djup och arom. Efter destillering skickas rommen p\u00e5 lite av en resa fr\u00e5n l\u00e5glandet till &#8221;Huset ovanf\u00f6r molnen&#8221; p\u00e5 2300 meters h\u00f6jd, d\u00e4r de svalare temperaturerna och den h\u00f6ga luftfuktigheten gynnar rommen. Den friska bergsluften mognar romen och bidrar till dess djupa arom, dess fyllighet och komplexa smaktoner.<\/p>\n<p>Det \u00e4r ocks\u00e5 h\u00e4r den \u00e5ldras p\u00e5 ekfat och g\u00e5r igenom soleraprocessen. Vad \u00e4r solera? Egentligen en blandning, s\u00e5 den f\u00e4rdiga rommen inneh\u00e5ller rom fr\u00e5n flera fattyper och stilar &#8211; noggrant utvald av Master Blender Lorena V\u00e1squez. Vissa fat \u00e4r gjorda av vit, amerikansk ek och har inneh\u00e5llit amerikansk whisky, medan andra \u00e4r gjorda av europeisk ek, som tidigare inneh\u00f6ll konjak, sherry eller viner p\u00e5 Pedro Ximenez. Alla fat rostas i olika grad \u2013 n\u00e5got som i h\u00f6g grad p\u00e5verkar den f\u00e4rdiga rommen. Allt detta g\u00f6r att Lorena V\u00e1squez kan s\u00e4tta ihop h\u00f6gkvalitativ rom med stor komplexitet.<\/p>\n<p>\u00c4nnu mer utrymme<br \/>\nMan kan knappast ha f\u00f6r mycket rom. Ta en titt p\u00e5 det stora utbudet av rom fr\u00e5n hela v\u00e4rlden. Du hittar rom i alla prisniv\u00e5er och f\u00f6r alla smaker.<\/p>\n","protected":false},"excerpt":{"rendered":"<p>Solera Gran Reserva Especial &#8211; Guatemala Premium Aged Rum<\/p>\n","protected":false},"featured_media":30734,"template":"","meta":{"_acf_changed":false,"rs_blank_template":"","rs_page_bg_color":"","slide_template_v7":""},"product_brand":[],"product_cat":[2387,4634,2391],"product_tag":[],"class_list":{"0":"post-27238","1":"product","2":"type-product","3":"status-publish","4":"has-post-thumbnail","6":"product_cat-avec-sv","7":"product_cat-premium-aged-sv","8":"product_cat-rom-sv","9":"pa_land-guatemala-sv","10":"pa_procent-40-sv-2","11":"pa_producent-ron-zacapa-sv","12":"pa_volume-70-sv-2","14":"first","15":"outofstock","16":"taxable","17":"shipping-taxable","18":"purchasable","19":"product-type-simple"},"bundled_by":[],"bundle_stock_status":"outofstock","bundle_stock_quantity":null,"bundle_virtual":false,"bundle_layout":"","bundle_add_to_cart_form_location":"","bundle_editable_in_cart":false,"bundle_sold_individually_context":"","bundle_item_grouping":"","bundle_min_size":"","bundle_max_size":"","bundle_price":[],"bundled_items":[],"bundle_sell_ids":[],"acf":[],"_links":{"self":[{"href":"https:\/\/www.raschvin.com\/sv\/wp-json\/wp\/v2\/product\/27238","targetHints":{"allow":["GET"]}}],"collection":[{"href":"https:\/\/www.raschvin.com\/sv\/wp-json\/wp\/v2\/product"}],"about":[{"href":"https:\/\/www.raschvin.com\/sv\/wp-json\/wp\/v2\/types\/product"}],"wp:featuredmedia":[{"embeddable":true,"href":"https:\/\/www.raschvin.com\/sv\/wp-json\/wp\/v2\/media\/30734"}],"wp:attachment":[{"href":"https:\/\/www.raschvin.com\/sv\/wp-json\/wp\/v2\/media?parent=27238"}],"wp:term":[{"taxonomy":"product_brand","embeddable":true,"href":"https:\/\/www.raschvin.com\/sv\/wp-json\/wp\/v2\/product_brand?post=27238"},{"taxonomy":"product_cat","embeddable":true,"href":"https:\/\/www.raschvin.com\/sv\/wp-json\/wp\/v2\/product_cat?post=27238"},{"taxonomy":"product_tag","embeddable":true,"href":"https:\/\/www.raschvin.com\/sv\/wp-json\/wp\/v2\/product_tag?post=27238"}],"curies":[{"name":"wp","href":"https:\/\/api.w.org\/{rel}","templated":true}]}}