{"id":27068,"date":"2022-12-02T09:53:32","date_gmt":"2022-12-02T08:53:32","guid":{"rendered":"https:\/\/www.raschvin.com\/produkt\/luna-argenta-negroamaro-primitivo-appassite-75-cl\/"},"modified":"2025-01-29T10:41:07","modified_gmt":"2025-01-29T09:41:07","slug":"luna-argenta-negroamaro-primitivo-appassite-75-cl","status":"publish","type":"product","link":"https:\/\/www.raschvin.com\/sv\/produkt\/luna-argenta-negroamaro-primitivo-appassite-75-cl\/","title":{"rendered":"Luna Argenta &#8211; Negroamaro-Primitivo Appassite 2023 75 cl."},"content":{"rendered":"<p>Luna Argenta Appassite \u00e4r en t\u00e4t, koncentrerad och silkeslen saftbombe fr\u00e5n Puglia tillverkad p\u00e5 lokala druer, negroamaro och primitivo. En andel af druerne har f\u00e5tt lov at t\u00f8rre lidt ind f\u00f6r vinifikationen. P\u00e5 detta vis opkoncentreres aromastoffer, givande extra kropp och kraft till vinen.<\/p>\n<p>Appassimento-tekniken \u00e4r mest k\u00e4nd fr\u00e5n Valpolicellas Ripasso- och Amarone-vine i den andra ende av Italien, men fungerar lika bra i Puglia! Med sin store fylde, blide struktur och let s\u00f8dmefulde frugt, s\u00e5 har Luna Argenta ocks\u00e5 en profil, det \u00e4r klart att g\u00e5 i riktningen af \u200b\u200bAmarone.<\/p>\n<p>Sydens sol och v\u00e4rme bidrager i vinen med extra fylde uden medf\u00f8lgende garvesyre.<\/p>\n<p>Duft och smag har en intensiv nyansering av svesker, fuldmodne bromb\u00e6r, kirseb\u00e6r och \u2019varme\u2019 krydderier i retning af kanel. Smagen \u00e4r fyldig och koncentreret, men helt uden raspende garvesyre.<\/p>\n<p>Luna Argenta njuter till de maskuline stegeretter, d\u00e4r stiller krav om kraft och fylla fr\u00e5n vinsidan.<br \/>\nKan man godt lide saft og fylde, s\u00e5 er vinens struktur s\u00e5 blid, at det ocks\u00e5 g\u00e5r an at drikke den uden mad.<\/p>\n<p>Serveres under stuetemperatur, vid ca. 16-17\u00b0.<\/p>\n","protected":false},"excerpt":{"rendered":"<p>Puglia IGT Rosso &#8211; Italy <\/p>\n","protected":false},"featured_media":81218,"template":"","meta":{"_acf_changed":false,"rs_blank_template":"","rs_page_bg_color":"","slide_template_v7":""},"product_brand":[],"product_cat":[2788,2798],"product_tag":[],"class_list":{"0":"post-27068","1":"product","2":"type-product","3":"status-publish","4":"has-post-thumbnail","6":"product_cat-vin-sv","7":"product_cat-roedvin-sv","8":"pa_aargang-2023-sv","9":"pa_drue-negroamaro-sv","10":"pa_drue-primitivo-sv-2","11":"pa_land-italien-sv","12":"pa_procent-14-sv","13":"pa_serveringstemperatur-16-17-sv","14":"pa_volume-75-sv","16":"first","17":"instock","18":"taxable","19":"shipping-taxable","20":"purchasable","21":"product-type-simple"},"bundled_by":["117624","120361"],"bundle_stock_status":"instock","bundle_stock_quantity":null,"bundle_virtual":false,"bundle_layout":"","bundle_add_to_cart_form_location":"","bundle_editable_in_cart":false,"bundle_sold_individually_context":"","bundle_item_grouping":"","bundle_min_size":"","bundle_max_size":"","bundle_price":[],"bundled_items":[],"bundle_sell_ids":[],"acf":[],"_links":{"self":[{"href":"https:\/\/www.raschvin.com\/sv\/wp-json\/wp\/v2\/product\/27068","targetHints":{"allow":["GET"]}}],"collection":[{"href":"https:\/\/www.raschvin.com\/sv\/wp-json\/wp\/v2\/product"}],"about":[{"href":"https:\/\/www.raschvin.com\/sv\/wp-json\/wp\/v2\/types\/product"}],"wp:featuredmedia":[{"embeddable":true,"href":"https:\/\/www.raschvin.com\/sv\/wp-json\/wp\/v2\/media\/81218"}],"wp:attachment":[{"href":"https:\/\/www.raschvin.com\/sv\/wp-json\/wp\/v2\/media?parent=27068"}],"wp:term":[{"taxonomy":"product_brand","embeddable":true,"href":"https:\/\/www.raschvin.com\/sv\/wp-json\/wp\/v2\/product_brand?post=27068"},{"taxonomy":"product_cat","embeddable":true,"href":"https:\/\/www.raschvin.com\/sv\/wp-json\/wp\/v2\/product_cat?post=27068"},{"taxonomy":"product_tag","embeddable":true,"href":"https:\/\/www.raschvin.com\/sv\/wp-json\/wp\/v2\/product_tag?post=27068"}],"curies":[{"name":"wp","href":"https:\/\/api.w.org\/{rel}","templated":true}]}}