{"id":26915,"date":"2022-11-30T16:20:26","date_gmt":"2022-11-30T15:20:26","guid":{"rendered":"https:\/\/www.raschvin.com\/produkt\/cognac-pierre-ferrand-10-generations-port-cask-matured-50-cl-44\/"},"modified":"2023-03-16T08:26:59","modified_gmt":"2023-03-16T07:26:59","slug":"cognac-pierre-ferrand-10-generations-port-cask-matured-50-cl-44","status":"publish","type":"product","link":"https:\/\/www.raschvin.com\/sv\/produkt\/cognac-pierre-ferrand-10-generations-port-cask-matured-50-cl-44\/","title":{"rendered":"Cognac Pierre Ferrand &#8211; 10 Generations Port Cask Matured 50 cl. 44%"},"content":{"rendered":"<p>Mycket blommig doft med inslag av vanilj, kola, mandel, aprikos, kokos, som sakta slutar i en bukett av rosenblad, apelsinblomma och muskotn\u00f6t. Rik och balanserad smak med en mycket kr\u00e4mig munk\u00e4nsla. Vit choklad, pocherade p\u00e4ron, vanilj, honung och kanel f\u00e5r det att vattnas i munnen. Fikon, m\u00f6rka plommon, bergamott, muskot, lakrits och lite vanilj upplevs i eftersmaken.<br \/>\nB\u00e4ttre blir det knappt &#8211; God Jul!<\/p>\n<p>Maison Ferrand, ledd av spritgurun Alexandre Gabriel, \u00e4r f\u00f6retaget bakom n\u00e5gra av de viktigaste konjak, rom och gin i det moderna spritlandskapet. Under paraplyet finns bland annat Pierre Ferrand Cognac, Plantation Rum och Citadelle Gin, rom under varum\u00e4rket Kanich\u00e9 och cognac under namnet Claude Chatelier. Dessutom produceras ett antal lyxviner, varav s\u00e4rskilt deras cura\u00e7ao har v\u00e4ckt sp\u00e4nning p\u00e5 cocktailbarer v\u00e4rlden \u00f6ver. F\u00f6retaget \u00e4r brett, men gemensamt f\u00f6r varje droppe \u00e4r en orubblig h\u00e4ngivenhet till kvalitet.<\/p>\n<p>Maison Ferrand skapades med ett uppdrag: att bevara Frankrikes gastronomiska skatter. Alexandre har gjort en dygd av att bl\u00e5sa liv i gamla och sedan l\u00e4nge bortgl\u00f6mda traditioner, och den evigt ivrige fransmannen \u00e4r bland annat k\u00e4nd f\u00f6r att ha dammat av och k\u00f6pt upp gamla arkiv fr\u00e5n konkurshus, f\u00f6r att l\u00e4ra sig mer om produktionsmetoderna av det f\u00f6rflutna. Men p\u00e5 Ferrand f\u00f6rst\u00e5r man ocks\u00e5 v\u00e4rdet av f\u00f6rnyelse, och idag v\u00e4rderas innovation lika h\u00f6gt som tradition. Detta syns tydligt i varum\u00e4rket Citadelle Gin. Att f\u00e5 tillst\u00e5nd att destillera gin i Cognac kr\u00e4vde fem \u00e5rs byr\u00e5kratisk kamp mot omr\u00e5dets envisa spritj\u00e4ttar.<\/p>\n<p>Sedan dess har f\u00f6retaget spridit sig utanf\u00f6r Frankrikes gr\u00e4nser och idag \u00e4r Ferrand kanske mest k\u00e4nt f\u00f6r sin romserie. Under namnet Plantation k\u00f6per Alexandre rom fr\u00e5n m\u00e5nga olika l\u00e4nder i Karibien och f\u00f6rvarar dem i Frankrike p\u00e5 konjaksfat. I serien finns rom f\u00f6r b\u00e5de nyb\u00f6rjaren och finsmakaren, f\u00f6r b\u00e5de daiquiri och Glencairn-glaset. 2017 k\u00f6pte f\u00f6retaget Barbados-destilleriet West Indies Rum Distillery, och har nu \u00e4ven en egen romproduktion fr\u00e5n grunden.<\/p>\n","protected":false},"excerpt":{"rendered":"<p>Cognac Grand Champagne de France \u2013 Maison Ferrand<\/p>\n","protected":false},"featured_media":30572,"template":"","meta":{"_acf_changed":false,"rs_blank_template":"","rs_page_bg_color":"","slide_template_v7":""},"product_brand":[],"product_cat":[2387,2389,8359,4606],"product_tag":[],"class_list":{"0":"post-26915","1":"product","2":"type-product","3":"status-publish","4":"has-post-thumbnail","6":"product_cat-avec-sv","7":"product_cat-cognac-sv","8":"product_cat-planteray-sv","9":"product_cat-v-s-o-p-sv","10":"pa_land-frankrike","11":"pa_procent-44-sv","12":"pa_producent-maison-ferrand-sv","13":"pa_region-cognac-sv","14":"pa_traefad-port-sv","15":"pa_volume-50-sv","17":"first","18":"instock","19":"sale","20":"taxable","21":"shipping-taxable","22":"purchasable","23":"product-type-simple"},"bundled_by":[],"bundle_stock_status":"instock","bundle_stock_quantity":null,"bundle_virtual":false,"bundle_layout":"","bundle_add_to_cart_form_location":"","bundle_editable_in_cart":false,"bundle_sold_individually_context":"","bundle_item_grouping":"","bundle_min_size":"","bundle_max_size":"","bundle_price":[],"bundled_items":[],"bundle_sell_ids":[],"acf":[],"_links":{"self":[{"href":"https:\/\/www.raschvin.com\/sv\/wp-json\/wp\/v2\/product\/26915","targetHints":{"allow":["GET"]}}],"collection":[{"href":"https:\/\/www.raschvin.com\/sv\/wp-json\/wp\/v2\/product"}],"about":[{"href":"https:\/\/www.raschvin.com\/sv\/wp-json\/wp\/v2\/types\/product"}],"wp:featuredmedia":[{"embeddable":true,"href":"https:\/\/www.raschvin.com\/sv\/wp-json\/wp\/v2\/media\/30572"}],"wp:attachment":[{"href":"https:\/\/www.raschvin.com\/sv\/wp-json\/wp\/v2\/media?parent=26915"}],"wp:term":[{"taxonomy":"product_brand","embeddable":true,"href":"https:\/\/www.raschvin.com\/sv\/wp-json\/wp\/v2\/product_brand?post=26915"},{"taxonomy":"product_cat","embeddable":true,"href":"https:\/\/www.raschvin.com\/sv\/wp-json\/wp\/v2\/product_cat?post=26915"},{"taxonomy":"product_tag","embeddable":true,"href":"https:\/\/www.raschvin.com\/sv\/wp-json\/wp\/v2\/product_tag?post=26915"}],"curies":[{"name":"wp","href":"https:\/\/api.w.org\/{rel}","templated":true}]}}