{"id":26799,"date":"2022-11-29T19:57:55","date_gmt":"2022-11-29T18:57:55","guid":{"rendered":"https:\/\/www.raschvin.com\/produkt\/nikka-days-70-cl-40\/"},"modified":"2023-03-31T08:12:12","modified_gmt":"2023-03-31T06:12:12","slug":"nikka-days-70-cl-40","status":"publish","type":"product","link":"https:\/\/www.raschvin.com\/sv\/produkt\/nikka-days-70-cl-40\/","title":{"rendered":"Nikka Days 70 cl. 40%"},"content":{"rendered":"<p>Nikka Days \u00e4r en ny blended whisky fr\u00e5n Japans ledande whiskyproducent. Nikka Days kombinerar den mjuka och fruktiga maltwhiskyn fr\u00e5n Miyagikyo med den salta och l\u00e4ttr\u00f6kade whiskyn fr\u00e5n Yoichi, och det hela avrundas med grain whisky fr\u00e5n deras ber\u00f6mda Coffey-stills. Whiskyn \u00e4r symbolen f\u00f6r l\u00e4ttdrucken, med frukt, s\u00f6tma och en ton av r\u00f6k.<\/p>\n<p>F\u00e4rg: Ljus gyllene.<br \/>\nDoft: Blommig och fruktig doft av vita blommor (apelsinblomma), p\u00e4ron och citrus.<br \/>\nSmaknoter: Smaken \u00e4r mjuk och rund med toner av malt, kola, aprikos, rostade n\u00f6tter och vanilj. En antydan av r\u00f6k lurar i bakgrunden.<\/p>\n<p>Serveringsf\u00f6rslag: Kan avnjutas snyggt eller i cocktails.<\/p>\n<p>Nikka hette ursprungligen Dai Nippon Kaju, vilket betyder &#8221;The Great Japan Juice Co.&#8221;. F\u00f6retaget startades av bland andra den ber\u00f6mda Masataka Taketsuru, kanske den mest centrala figuren inom japansk whisky. P\u00e5 Dai Nippon Kaju var ambitionen att g\u00f6ra \u00e4ppeljuice, och det gjorde man under n\u00e5gra \u00e5r, men konsumenterna var inte n\u00f6jda med att juicen var grumlig (det var inte trendigt i 1930-talets Japan), s\u00e5 stora m\u00e4ngder skickades tillbaka. F\u00f6r att detta inte skulle g\u00e5 till spillo besl\u00f6t man att j\u00e4sa och destillera det till konjak. Taketsuru hade erfarenhet av spritproduktion, b\u00e5de fr\u00e5n Skottland, d\u00e4r han gick i l\u00e4rling p\u00e5 Longmorn och Hazelburn, och fr\u00e5n Yamazaki i Japan, som han var med och startade cirka 10 \u00e5r tidigare. Det dr\u00f6jde inte l\u00e4nge innan de ocks\u00e5 b\u00f6rjade g\u00f6ra whisky. 1952, sju \u00e5r efter att man slutat tillverka \u00e4ppeljuice, \u00e4ndrades namnet till Nikka Whisky Co (en sammandragning av det gamla namnet).<\/p>\n<p>Idag \u00e4ger Nikka tv\u00e5 whiskydestillerier, Yoichi i Hokkaido, d\u00e4r whiskytillverkningen startade 1936, och Miyagikyo n\u00e4ra Sendai i Miyagi, byggd 1968.<\/p>\n<p>Yoichi \u00e4r anlagd n\u00e4stan som en liten by med gamla stenhus. N\u00e4r byggnader rivs i den n\u00e4rliggande byn Otaru k\u00f6per Nikka upp stenarna ifall de beh\u00f6ver renovera de historiska byggnaderna i Yoichi i framtiden. Whiskyn som produceras h\u00e4r \u00e4r relativt kraftigt r\u00f6kt och lite tyngre \u00e4n stilen p\u00e5 Miyagikyo. Yoichi \u00e4r ett av de sista destillerierna i v\u00e4rlden d\u00e4r pannorna &#8221;direkt eldas&#8221; och var 8:e minut m\u00e5ste en anst\u00e4lld skotta in kol i ugnen under pannan.<\/p>\n<p>Miyagikyo har, till skillnad fr\u00e5n Yoichi, ett st\u00f6rre fokus p\u00e5 r\u00f6kfri whisky, och stilen \u00e4r l\u00e4ttare och mer &#8221;Speyside-aktig&#8221;. Pannorna \u00e4r st\u00f6rre och v\u00e4rms upp med \u00e5nga, och r\u00f6ren fr\u00e5n pannorna till kondensorn g\u00e5r upp\u00e5t. Sedan 2017 har Nikka \u00e4ven gjort vodka och gin p\u00e5 Coffey stills p\u00e5 Miyagikyo.<\/p>\n","protected":false},"excerpt":{"rendered":"<p>Smooth &#038; Delicate Blended Whisky \u2013 Produced By The Nikka Whisky Distilling Co. Ltd Japan<\/p>\n","protected":false},"featured_media":30548,"template":"","meta":{"_acf_changed":false,"rs_blank_template":"","rs_page_bg_color":"","slide_template_v7":""},"product_brand":[],"product_cat":[2387,4765,2392],"product_tag":[],"class_list":{"0":"post-26799","1":"product","2":"type-product","3":"status-publish","4":"has-post-thumbnail","6":"product_cat-avec-sv","7":"product_cat-blended-sv","8":"product_cat-whisky-sv","9":"pa_land-japan-sv","10":"pa_procent-40-sv-2","11":"pa_producent-nikka-sv","12":"pa_volume-70-sv-2","14":"first","15":"instock","16":"sale","17":"taxable","18":"shipping-taxable","19":"purchasable","20":"product-type-simple"},"bundled_by":[],"bundle_stock_status":"instock","bundle_stock_quantity":null,"bundle_virtual":false,"bundle_layout":"","bundle_add_to_cart_form_location":"","bundle_editable_in_cart":false,"bundle_sold_individually_context":"","bundle_item_grouping":"","bundle_min_size":"","bundle_max_size":"","bundle_price":[],"bundled_items":[],"bundle_sell_ids":[],"acf":[],"_links":{"self":[{"href":"https:\/\/www.raschvin.com\/sv\/wp-json\/wp\/v2\/product\/26799","targetHints":{"allow":["GET"]}}],"collection":[{"href":"https:\/\/www.raschvin.com\/sv\/wp-json\/wp\/v2\/product"}],"about":[{"href":"https:\/\/www.raschvin.com\/sv\/wp-json\/wp\/v2\/types\/product"}],"wp:featuredmedia":[{"embeddable":true,"href":"https:\/\/www.raschvin.com\/sv\/wp-json\/wp\/v2\/media\/30548"}],"wp:attachment":[{"href":"https:\/\/www.raschvin.com\/sv\/wp-json\/wp\/v2\/media?parent=26799"}],"wp:term":[{"taxonomy":"product_brand","embeddable":true,"href":"https:\/\/www.raschvin.com\/sv\/wp-json\/wp\/v2\/product_brand?post=26799"},{"taxonomy":"product_cat","embeddable":true,"href":"https:\/\/www.raschvin.com\/sv\/wp-json\/wp\/v2\/product_cat?post=26799"},{"taxonomy":"product_tag","embeddable":true,"href":"https:\/\/www.raschvin.com\/sv\/wp-json\/wp\/v2\/product_tag?post=26799"}],"curies":[{"name":"wp","href":"https:\/\/api.w.org\/{rel}","templated":true}]}}