{"id":26781,"date":"2022-11-29T16:51:57","date_gmt":"2022-11-29T15:51:57","guid":{"rendered":"https:\/\/www.raschvin.com\/produkt\/opthimus-ron-artesanal-malt-whisky-25-years-70-cl-43\/"},"modified":"2023-04-01T20:31:57","modified_gmt":"2023-04-01T18:31:57","slug":"opthimus-ron-artesanal-malt-whisky-25-years-70-cl-43","status":"publish","type":"product","link":"https:\/\/www.raschvin.com\/sv\/produkt\/opthimus-ron-artesanal-malt-whisky-25-years-70-cl-43\/","title":{"rendered":"Opthimus Ron Artesanal Malt Whisky 25 Years 70 cl. 43%"},"content":{"rendered":"<p>En sp\u00e4nnande rom som har sl\u00e4ppts ut p\u00e5 marknaden av Oliver &#038; Oliver baserad i Dominikanska republiken. F\u00f6retaget har inget destilleri sj\u00e4lv. Deras k\u00e4rnkompetens \u00e4r att k\u00f6pa rom i Karibien och sedan blanda den p\u00e5 b\u00e4sta s\u00e4tt. Det \u00e4r alltid hemligt vilken rom som ing\u00e5r i de olika blandningarna. Det \u00e4r dock ingen hemlighet att en stor del av rommen h\u00e4rstammar fr\u00e5n Kuba, d\u00e4r familjen Oliver har sina r\u00f6tter, och hade ett romdestilleri i slutet av 1700-talet. Resten av rommen kommer fr\u00e5n Panama, Trinidad, Colombia och Nicaragua, men en stor del kommer \u00e4ven fr\u00e5n deras egen \u00f6, Dominikanska republiken.<\/p>\n<p>N\u00e4r de grundade f\u00f6retaget anst\u00e4llde de n\u00e5gra kubanska romtillverkare och fick k\u00f6pa cirka 100 000 liter god kubansk rom. S\u00e5 med lite v\u00e4lvilja kan man s\u00e4ga att f\u00f6retaget har goda kubanska r\u00f6tter.<\/p>\n<p>N\u00e4sa<\/p>\n<p>Honung, godis, sirap, mogen frukt en hint av maltwhisky. Otroligt fantastisk doft.<\/p>\n<p>Smak<\/p>\n<p>Markerad s\u00f6tma, nougat sm\u00e4lter p\u00e5 tungan, mycket dj\u00e4rv och rik rom. Krydda fr\u00e5n maltwhiskyn Tomatin<\/p>\n<p>Eftersmak<\/p>\n<p>L\u00e5ng, rik eftersmak. Luftiga kryddor och en s\u00f6t svans. Komplett symbios av rom och whisky<\/p>\n<p>Kommentar<\/p>\n<p>En fantastisk komposition med den sv\u00e5ra kopplingen mellan rom och whisky.<\/p>\n","protected":false},"excerpt":{"rendered":"<p>Oliver &#038; Oliver \u2013 Dominican Republic<\/p>\n","protected":false},"featured_media":30496,"template":"","meta":{"_acf_changed":false,"rs_blank_template":"","rs_page_bg_color":"","slide_template_v7":""},"product_brand":[],"product_cat":[2387,4634,2391],"product_tag":[],"class_list":{"0":"post-26781","1":"product","2":"type-product","3":"status-publish","4":"has-post-thumbnail","6":"product_cat-avec-sv","7":"product_cat-premium-aged-sv","8":"product_cat-rom-sv","9":"pa_land-dominikanska-republiken","10":"pa_procent-43-sv","11":"pa_producent-oliver-oliver-sv","12":"pa_traefad-whisky-finish-sv","13":"pa_volume-70-sv-2","15":"first","16":"instock","17":"sale","18":"taxable","19":"shipping-taxable","20":"purchasable","21":"product-type-simple"},"bundled_by":[],"bundle_stock_status":"instock","bundle_stock_quantity":null,"bundle_virtual":false,"bundle_layout":"","bundle_add_to_cart_form_location":"","bundle_editable_in_cart":false,"bundle_sold_individually_context":"","bundle_item_grouping":"","bundle_min_size":"","bundle_max_size":"","bundle_price":[],"bundled_items":[],"bundle_sell_ids":[],"acf":[],"_links":{"self":[{"href":"https:\/\/www.raschvin.com\/sv\/wp-json\/wp\/v2\/product\/26781","targetHints":{"allow":["GET"]}}],"collection":[{"href":"https:\/\/www.raschvin.com\/sv\/wp-json\/wp\/v2\/product"}],"about":[{"href":"https:\/\/www.raschvin.com\/sv\/wp-json\/wp\/v2\/types\/product"}],"wp:featuredmedia":[{"embeddable":true,"href":"https:\/\/www.raschvin.com\/sv\/wp-json\/wp\/v2\/media\/30496"}],"wp:attachment":[{"href":"https:\/\/www.raschvin.com\/sv\/wp-json\/wp\/v2\/media?parent=26781"}],"wp:term":[{"taxonomy":"product_brand","embeddable":true,"href":"https:\/\/www.raschvin.com\/sv\/wp-json\/wp\/v2\/product_brand?post=26781"},{"taxonomy":"product_cat","embeddable":true,"href":"https:\/\/www.raschvin.com\/sv\/wp-json\/wp\/v2\/product_cat?post=26781"},{"taxonomy":"product_tag","embeddable":true,"href":"https:\/\/www.raschvin.com\/sv\/wp-json\/wp\/v2\/product_tag?post=26781"}],"curies":[{"name":"wp","href":"https:\/\/api.w.org\/{rel}","templated":true}]}}