{"id":26778,"date":"2022-11-29T16:45:24","date_gmt":"2022-11-29T15:45:24","guid":{"rendered":"https:\/\/www.raschvin.com\/produkt\/opthimus-ron-artesanal-malt-whisky-15-years-70-cl-43\/"},"modified":"2023-04-01T20:30:23","modified_gmt":"2023-04-01T18:30:23","slug":"opthimus-ron-artesanal-malt-whisky-15-years-70-cl-43","status":"publish","type":"product","link":"https:\/\/www.raschvin.com\/sv\/produkt\/opthimus-ron-artesanal-malt-whisky-15-years-70-cl-43\/","title":{"rendered":"Opthimus Ron Artesanal Malt Whisky 15 Years 70 cl. 43%"},"content":{"rendered":"<p>En sp\u00e4nnande rom fr\u00e5n Oliver &#038; Oliver, baserad i Dominikanska republiken, k\u00f6per rom i Karibien f\u00f6r att blanda den p\u00e5 b\u00e4sta s\u00e4tt.<br \/>\nDet \u00e4r en hemlighet vilken rom som ing\u00e5r i de olika blandningarna. Det \u00e4r dock ingen hemlighet att en stor del av rommen h\u00e4rstammar fr\u00e5n Kuba, d\u00e4r familjen Oliver har sina r\u00f6tter, och \u00e4ven hade ett romdestilleri i slutet av 1700-talet. N\u00e4r de grundade f\u00f6retaget fick de k\u00f6pa runt 100 000 liter god kubansk rom. Resten av rommen kommer fr\u00e5n Panama, Trinidad, Colombia och Nicaragua, men en stor del kommer \u00e4ven fr\u00e5n deras egen \u00f6, Dominikanska republiken.<br \/>\nDenna 15-\u00e5riga upplaga \u00e4r en fantastisk sammans\u00e4ttning av den sv\u00e5ra kopplingen mellan rom och whisky och helt klart en av deras b\u00e4sta. Rommen \u00e4r noga utvald av deras rommaster blender. En mycket smakrik och elegant rom fr\u00e5n en av v\u00e4rldens stora romproducenter, Oliver&#038;Oliver, som verkligen vet hur man sk\u00e4mmer bort oss.<br \/>\nLagrad i en Solera p\u00e5 amerikanska ekfat, d\u00e4r den f\u00e5r en bra harmoni och stor komplexitet, och sedan avslutas mognaden p\u00e5 fat d\u00e4r det tidigare funnits skotsk Single Malt Whisky.<br \/>\nDoft<br \/>\nEn s\u00f6t doft av vanilj, fattr\u00e4, honung och torkad frukt<br \/>\nSmak<br \/>\nS\u00f6tma i en fin harmoni mellan peppartoner, vanilj och torrheten i whiskyfatet<br \/>\nEftersmak<br \/>\nTorrheten \u00e4r tydligt p\u00e5taglig d\u00e4r den tillsammans med den naturliga s\u00f6tman och pepparn b\u00e4r den l\u00e5nga eftersmaken med stil<br \/>\nKommentar<br \/>\nEn f\u00f6rf\u00f6risk rom &#8211; naturligt s\u00f6t &#8211; med tillsatt torrhet och fyllighet fr\u00e5n whiskyfatet &#8211; woah!<\/p>\n","protected":false},"excerpt":{"rendered":"<p>Oliver &#038; Oliver \u2013 Dominican Republic<\/p>\n","protected":false},"featured_media":30492,"template":"","meta":{"_acf_changed":false,"rs_blank_template":"","rs_page_bg_color":"","slide_template_v7":""},"product_brand":[],"product_cat":[2387,4634,2391],"product_tag":[],"class_list":{"0":"post-26778","1":"product","2":"type-product","3":"status-publish","4":"has-post-thumbnail","6":"product_cat-avec-sv","7":"product_cat-premium-aged-sv","8":"product_cat-rom-sv","9":"pa_land-dominikanska-republiken","10":"pa_procent-43-sv","11":"pa_producent-oliver-oliver-sv","12":"pa_traefad-whisky-finish-sv","13":"pa_volume-70-sv-2","15":"first","16":"instock","17":"sale","18":"taxable","19":"shipping-taxable","20":"purchasable","21":"product-type-simple"},"bundled_by":[],"bundle_stock_status":"instock","bundle_stock_quantity":null,"bundle_virtual":false,"bundle_layout":"","bundle_add_to_cart_form_location":"","bundle_editable_in_cart":false,"bundle_sold_individually_context":"","bundle_item_grouping":"","bundle_min_size":"","bundle_max_size":"","bundle_price":[],"bundled_items":[],"bundle_sell_ids":[],"acf":[],"_links":{"self":[{"href":"https:\/\/www.raschvin.com\/sv\/wp-json\/wp\/v2\/product\/26778","targetHints":{"allow":["GET"]}}],"collection":[{"href":"https:\/\/www.raschvin.com\/sv\/wp-json\/wp\/v2\/product"}],"about":[{"href":"https:\/\/www.raschvin.com\/sv\/wp-json\/wp\/v2\/types\/product"}],"wp:featuredmedia":[{"embeddable":true,"href":"https:\/\/www.raschvin.com\/sv\/wp-json\/wp\/v2\/media\/30492"}],"wp:attachment":[{"href":"https:\/\/www.raschvin.com\/sv\/wp-json\/wp\/v2\/media?parent=26778"}],"wp:term":[{"taxonomy":"product_brand","embeddable":true,"href":"https:\/\/www.raschvin.com\/sv\/wp-json\/wp\/v2\/product_brand?post=26778"},{"taxonomy":"product_cat","embeddable":true,"href":"https:\/\/www.raschvin.com\/sv\/wp-json\/wp\/v2\/product_cat?post=26778"},{"taxonomy":"product_tag","embeddable":true,"href":"https:\/\/www.raschvin.com\/sv\/wp-json\/wp\/v2\/product_tag?post=26778"}],"curies":[{"name":"wp","href":"https:\/\/api.w.org\/{rel}","templated":true}]}}