{"id":26636,"date":"2022-11-28T12:04:30","date_gmt":"2022-11-28T11:04:30","guid":{"rendered":"https:\/\/www.raschvin.com\/produkt\/nemiroff-vodka-de-luxe-honey-peppar-100-cl-40\/"},"modified":"2024-12-05T08:18:47","modified_gmt":"2024-12-05T07:18:47","slug":"nemiroff-vodka-de-luxe-honey-peppar-100-cl-40","status":"publish","type":"product","link":"https:\/\/www.raschvin.com\/sv\/produkt\/nemiroff-vodka-de-luxe-honey-peppar-100-cl-40\/","title":{"rendered":"Nemiroff Vodka &#8211; Honey &#038; Pepper 100 cl. 40%"},"content":{"rendered":"<p>Skogshonung fr\u00e5n Ukraina och paprika anv\u00e4nds till Nemiroff Honey Pepper Vodka. Eftersom sm\u00e5 bitar av peppar fortfarande flyter i Nemiroff Honey Pepper Vodka, kommer du att k\u00e4nna kryddan av peppar tillsammans med honung f\u00f6r varje klunk.<\/p>\n<p>De ursprungliga Nemiroff-recepten \u00e4r en blandning av gammal tradition och unika ingredienser. Endast de b\u00e4sta r\u00e5varorna fr\u00e5n kontrollerat och ekologiskt jordbruk anv\u00e4nds. Det renaste vattnet fr\u00e5n v\u00e5ra egna artesiska k\u00e4llor anv\u00e4nds f\u00f6r destillering.<\/p>\n<p>Utm\u00e4rkelser: &#8211; GULD p\u00e5 London Spirits Competition 2018 &#8211; \u00c5RETS VODKA p\u00e5 London Spirits Competition 2018. &#8211; GULD p\u00e5 &#8221;Laur Konsumenta&#8221; 2007 &#8211; GULD p\u00e5 ProdExpo 2004<\/p>\n<p>Smaknoter: F\u00e4rg: Amber. N\u00e4sa: L\u00e4tt br\u00e4nd, inslag av citrus. Smak: S\u00f6t, vitpeppar, honung. Finish: L\u00e5ngvarig, s\u00f6t, pumpa. Nemiroff Honey Pepper Vodka g\u00e5r utm\u00e4rkt att blanda med jordgubbsjuice. F\u00f6r den som gillar att experimentera kan en Bloody Mary \u00e4ven blandas med denna vodka.<\/p>\n<p>F\u00f6rstklassig spannm\u00e5lsprit<br \/>\nRent naturligt vatten<br \/>\nNaturlig honung<br \/>\nChilipeppar och st\u00e4pp\u00f6rter<br \/>\n11 filtreringssteg<\/p>\n","protected":false},"excerpt":{"rendered":"<p>Quality Flavored Vodka From Ukraine<\/p>\n","protected":false},"featured_media":39909,"template":"","meta":{"_acf_changed":false,"rs_blank_template":"","rs_page_bg_color":"","slide_template_v7":""},"product_brand":[],"product_cat":[4614,2402,2409],"product_tag":[],"class_list":{"0":"post-26636","1":"product","2":"type-product","3":"status-publish","4":"has-post-thumbnail","6":"product_cat-flavoured-sv","7":"product_cat-sprit-sv","8":"product_cat-vodka-sv","9":"pa_land-ukraina","10":"pa_procent-40-sv-2","11":"pa_producent-nemiroff-sv","12":"pa_volume-100-sv","14":"first","15":"instock","16":"sale","17":"taxable","18":"shipping-taxable","19":"purchasable","20":"product-type-simple"},"bundled_by":[],"bundle_stock_status":"instock","bundle_stock_quantity":null,"bundle_virtual":false,"bundle_layout":"","bundle_add_to_cart_form_location":"","bundle_editable_in_cart":false,"bundle_sold_individually_context":"","bundle_item_grouping":"","bundle_min_size":"","bundle_max_size":"","bundle_price":[],"bundled_items":[],"bundle_sell_ids":[],"acf":[],"_links":{"self":[{"href":"https:\/\/www.raschvin.com\/sv\/wp-json\/wp\/v2\/product\/26636","targetHints":{"allow":["GET"]}}],"collection":[{"href":"https:\/\/www.raschvin.com\/sv\/wp-json\/wp\/v2\/product"}],"about":[{"href":"https:\/\/www.raschvin.com\/sv\/wp-json\/wp\/v2\/types\/product"}],"wp:featuredmedia":[{"embeddable":true,"href":"https:\/\/www.raschvin.com\/sv\/wp-json\/wp\/v2\/media\/39909"}],"wp:attachment":[{"href":"https:\/\/www.raschvin.com\/sv\/wp-json\/wp\/v2\/media?parent=26636"}],"wp:term":[{"taxonomy":"product_brand","embeddable":true,"href":"https:\/\/www.raschvin.com\/sv\/wp-json\/wp\/v2\/product_brand?post=26636"},{"taxonomy":"product_cat","embeddable":true,"href":"https:\/\/www.raschvin.com\/sv\/wp-json\/wp\/v2\/product_cat?post=26636"},{"taxonomy":"product_tag","embeddable":true,"href":"https:\/\/www.raschvin.com\/sv\/wp-json\/wp\/v2\/product_tag?post=26636"}],"curies":[{"name":"wp","href":"https:\/\/api.w.org\/{rel}","templated":true}]}}