{"id":26572,"date":"2022-11-27T21:02:15","date_gmt":"2022-11-27T20:02:15","guid":{"rendered":"https:\/\/www.raschvin.com\/produkt\/raastoff-pure-liquorice-70-cl-164\/"},"modified":"2023-04-03T09:59:48","modified_gmt":"2023-04-03T07:59:48","slug":"raastoff-pure-liquorice-70-cl-164","status":"publish","type":"product","link":"https:\/\/www.raschvin.com\/sv\/produkt\/raastoff-pure-liquorice-70-cl-164\/","title":{"rendered":"R\u00e5stoff Pure Liquorice 70 cl. 16,4%"},"content":{"rendered":"<p>R\u00e5stoff Pure Lakrits \u00e4r lyxiga lakritsshots gjorda p\u00e5 vodka och lakritspulver, som utvinns fr\u00e5n lakritsr\u00f6tter fr\u00e5n Centralasien, d\u00e4r jordm\u00e5n och klimat ger de b\u00e4sta v\u00e4xtf\u00f6rh\u00e5llandena.<br \/>\nLakritssorten heter Glycyrrhiza Glabra och valdes p\u00e5 basis av dess djupa och rena lakritssmak. R\u00f6tterna kokas l\u00e4nge, och sedan filtreras allt organiskt material bort. Slutligen indunstas produkten vid l\u00e5g temperatur, varefter den \u00e4r klar f\u00f6r torkning. Det \u00e4r kvalitet som kan smakas!<br \/>\nVodkabasen ger R\u00e5stoff Pure Lakrits en mjuk och ren smak, medan lakritspulvret bidrar med en rik och intensiv smak av \u00e4kta lakrits.<br \/>\nR\u00e5stoff Pure Lakrits ska skakas innan servering och kan avnjutas i rumstemperatur, l\u00e4tt kyld och i drinkar och cocktails.<\/p>\n<p>F\u00d6RSLAG<\/p>\n<p>KUNG FU<br \/>\n&#8211; 4 cl. R\u00e5vara Ren lakrits<br \/>\n&#8211; F\u00e4rskpressad lime<br \/>\n&#8211; Sprit<br \/>\n&#8211; Isbitar<br \/>\nFyll ditt glas med isbitar och Sprite. H\u00e4ll 4 cl. R\u00e5stoff Pure Lakrits f\u00f6rsiktigt \u00f6ver, vrid ner en limeklyfta och servera.<\/p>\n<p>R\u00c5MATERIAL<\/p>\n<p>R\u00e5stoff \u00e4r f\u00f6r den kr\u00e4sna konsumenten som uppskattar rena r\u00e5varor, h\u00f6g kvalitet och en f\u00f6rfinad smak. Det \u00e4r en serie lyxshots som kan drickas som shots eller anv\u00e4ndas som mixer i drinkar och cocktails.<\/p>\n","protected":false},"excerpt":{"rendered":"<p>Danish Licorice Vodka Liqueur<\/p>\n","protected":false},"featured_media":30406,"template":"","meta":{"_acf_changed":false,"rs_blank_template":"","rs_page_bg_color":"","slide_template_v7":""},"product_brand":[],"product_cat":[2387,2390,2402,2407,4666],"product_tag":[],"class_list":{"0":"post-26572","1":"product","2":"type-product","3":"status-publish","4":"has-post-thumbnail","6":"product_cat-avec-sv","7":"product_cat-sprit","8":"product_cat-sprit-sv","9":"product_cat-shots-sv","10":"product_cat-lakrits-sprit","11":"pa_land-danmark-sv","12":"pa_procent-16-4-sv","13":"pa_producent-spritfabrikken-danmark-sv","14":"pa_volume-70-sv-2","16":"first","17":"instock","18":"taxable","19":"shipping-taxable","20":"purchasable","21":"product-type-simple"},"bundled_by":[],"bundle_stock_status":"instock","bundle_stock_quantity":null,"bundle_virtual":false,"bundle_layout":"","bundle_add_to_cart_form_location":"","bundle_editable_in_cart":false,"bundle_sold_individually_context":"","bundle_item_grouping":"","bundle_min_size":"","bundle_max_size":"","bundle_price":[],"bundled_items":[],"bundle_sell_ids":[],"acf":[],"_links":{"self":[{"href":"https:\/\/www.raschvin.com\/sv\/wp-json\/wp\/v2\/product\/26572","targetHints":{"allow":["GET"]}}],"collection":[{"href":"https:\/\/www.raschvin.com\/sv\/wp-json\/wp\/v2\/product"}],"about":[{"href":"https:\/\/www.raschvin.com\/sv\/wp-json\/wp\/v2\/types\/product"}],"wp:featuredmedia":[{"embeddable":true,"href":"https:\/\/www.raschvin.com\/sv\/wp-json\/wp\/v2\/media\/30406"}],"wp:attachment":[{"href":"https:\/\/www.raschvin.com\/sv\/wp-json\/wp\/v2\/media?parent=26572"}],"wp:term":[{"taxonomy":"product_brand","embeddable":true,"href":"https:\/\/www.raschvin.com\/sv\/wp-json\/wp\/v2\/product_brand?post=26572"},{"taxonomy":"product_cat","embeddable":true,"href":"https:\/\/www.raschvin.com\/sv\/wp-json\/wp\/v2\/product_cat?post=26572"},{"taxonomy":"product_tag","embeddable":true,"href":"https:\/\/www.raschvin.com\/sv\/wp-json\/wp\/v2\/product_tag?post=26572"}],"curies":[{"name":"wp","href":"https:\/\/api.w.org\/{rel}","templated":true}]}}