{"id":26299,"date":"2022-11-25T11:32:00","date_gmt":"2022-11-25T10:32:00","guid":{"rendered":"https:\/\/www.raschvin.com\/produkt\/radius-fadlagret-juleakvavit-2022-50-cl-43\/"},"modified":"2023-04-03T09:32:38","modified_gmt":"2023-04-03T07:32:38","slug":"radius-fadlagret-juleakvavit-2022-50-cl-43","status":"publish","type":"product","link":"https:\/\/www.raschvin.com\/sv\/produkt\/radius-fadlagret-juleakvavit-2022-50-cl-43\/","title":{"rendered":"Radius Fadlagret Juleakvavit 50 cl. 43%"},"content":{"rendered":"<p>Grunden \u00e4r &#8221;raktkummin&#8221; med tillsatt stj\u00e4rnanis, br\u00e4nd kanel och apelsinskal.<br \/>\nSedan lagrat i 4 m\u00e5nader p\u00e5 sherryfat.<br \/>\nDrick l\u00e4tt kyld eller i rumstemperatur.<\/p>\n<p>Radius Distillery g\u00f6r moderna tolkningar av London Dry, med ett minimalistiskt f\u00f6rh\u00e5llningss\u00e4tt till ingredienserna och smakupplevelsen. Du hittar destilleriet p\u00e5 godset Oremandsgaard i Pr\u00e6st\u00f8, d\u00e4r deras tv\u00e5 sydtyska koppardestillationsapparater \u00e4r centrum f\u00f6r de flesta aktiviteter. Gin och danskt \u00e4ppelbr\u00e4nnvin g\u00f6rs med ingredienser fr\u00e5n destilleriets egen \u00e4ppelplantage och godsets ekologiska sk\u00f6rd. Teamet bakom pannorna har en bakgrund inom l\u00e4kemedelsforskning, och samtidigt som processerna \u00e4r sn\u00e4va och produktionen upplagd som ett laboratorium, \u00e4r horisonterna vida och lusten att st\u00e4ndigt experimentera outtr\u00f6ttligt. D\u00e4rf\u00f6r kan du, f\u00f6rutom klassikerna, alltid f\u00f6rv\u00e4nta dig att hitta s\u00e4songens nya gin, som i sm\u00e5 upplagor representerar \u00e5rstiden och naturens tillg\u00e4nglighet.<\/p>\n<p>Under destilleriets f\u00f6rsta \u00e5r uts\u00e5gs Batch No 18 till en av \u00e5rets b\u00e4sta 5 gins globalt, av recensenten Michael Sperling.<\/p>\n","protected":false},"excerpt":{"rendered":"<p>Danish Small Batch Quality Christmas Aquavit <\/p>\n","protected":false},"featured_media":30278,"template":"","meta":{"_acf_changed":false,"rs_blank_template":"","rs_page_bg_color":"","slide_template_v7":""},"product_brand":[],"product_cat":[2393,2743,4463],"product_tag":[],"class_list":{"0":"post-26299","1":"product","2":"type-product","3":"status-publish","4":"has-post-thumbnail","6":"product_cat-akvavit-snaps-sv","7":"product_cat-brannvin-sv","8":"product_cat-jul","9":"pa_land-danmark-sv","10":"pa_procent-43-sv","11":"pa_producent-radius-sv","12":"pa_volume-50-sv","14":"first","15":"outofstock","16":"sale","17":"taxable","18":"shipping-taxable","19":"purchasable","20":"product-type-simple"},"bundled_by":[],"bundle_stock_status":"outofstock","bundle_stock_quantity":null,"bundle_virtual":false,"bundle_layout":"","bundle_add_to_cart_form_location":"","bundle_editable_in_cart":false,"bundle_sold_individually_context":"","bundle_item_grouping":"","bundle_min_size":"","bundle_max_size":"","bundle_price":[],"bundled_items":[],"bundle_sell_ids":[],"acf":[],"_links":{"self":[{"href":"https:\/\/www.raschvin.com\/sv\/wp-json\/wp\/v2\/product\/26299","targetHints":{"allow":["GET"]}}],"collection":[{"href":"https:\/\/www.raschvin.com\/sv\/wp-json\/wp\/v2\/product"}],"about":[{"href":"https:\/\/www.raschvin.com\/sv\/wp-json\/wp\/v2\/types\/product"}],"wp:featuredmedia":[{"embeddable":true,"href":"https:\/\/www.raschvin.com\/sv\/wp-json\/wp\/v2\/media\/30278"}],"wp:attachment":[{"href":"https:\/\/www.raschvin.com\/sv\/wp-json\/wp\/v2\/media?parent=26299"}],"wp:term":[{"taxonomy":"product_brand","embeddable":true,"href":"https:\/\/www.raschvin.com\/sv\/wp-json\/wp\/v2\/product_brand?post=26299"},{"taxonomy":"product_cat","embeddable":true,"href":"https:\/\/www.raschvin.com\/sv\/wp-json\/wp\/v2\/product_cat?post=26299"},{"taxonomy":"product_tag","embeddable":true,"href":"https:\/\/www.raschvin.com\/sv\/wp-json\/wp\/v2\/product_tag?post=26299"}],"curies":[{"name":"wp","href":"https:\/\/api.w.org\/{rel}","templated":true}]}}