{"id":26291,"date":"2022-11-25T11:14:44","date_gmt":"2022-11-25T10:14:44","guid":{"rendered":"https:\/\/www.raschvin.com\/produkt\/macallan-rare-cask-2022-release-70-cl-43\/"},"modified":"2023-03-29T09:02:44","modified_gmt":"2023-03-29T07:02:44","slug":"macallan-rare-cask-2022-release-70-cl-43","status":"publish","type":"product","link":"https:\/\/www.raschvin.com\/sv\/produkt\/macallan-rare-cask-2022-release-70-cl-43\/","title":{"rendered":"Macallan &#8211; Rare Cask 2022 Release 70 cl. 43%"},"content":{"rendered":"<p>En sensorisk upplevelse med en otroligt rik och smidig komplexitet.<\/p>\n<p>Rare Cask \u00e4r skapad av ekfat som uppvisar en intensiv s\u00f6t russinton i kombination med en otroligt rik, mjuk komplexitet. Dessa handutvalda fat \u00e4r en s\u00e4llsynt och speciell uppt\u00e4ckt.<\/p>\n<p>Varje fat med exceptionell single malt whisky som mognar p\u00e5 The Macallan Estate har sin egen personlighet, med sm\u00e5 nyanser som g\u00f6r dem unika. D\u00e5 och d\u00e5 st\u00f6ter v\u00e5ra whiskytillverkare p\u00e5 fat som mognar i lager som skiljer sig fr\u00e5n de andra p\u00e5 ett mycket speciellt s\u00e4tt. .<\/p>\n<p>Dessa s\u00e4llsynta fat har en 100 % naturlig djup rubin mahognyf\u00e4rg, en intensiv s\u00f6t russinton och en rik sammetslen munk\u00e4nsla.<\/p>\n<p>RARE CASK OCH NICOLA BENEDETTI<\/p>\n<p>Vi arbetade med den hyllade violinisten Nicola Benedetti p\u00e5 Rare Cask, 2022 Release. Med hj\u00e4lp av kreativitet och beh\u00e4rskning reflekterar hon \u00f6ver smaknoterna i denna speciella utg\u00e5va:<\/p>\n<p>&#8221;Det finns en punkt d\u00e4r alla delar av ett konstverk m\u00f6ts och \u00f6verv\u00e4ldigar dina sinnen. Jag kan uppskatta aromerna av kryddor, russin och den l\u00e4tt n\u00f6taktiga smaken. Jag har alltid haft en k\u00e4nslig reaktion p\u00e5 dofter, precis som att spela en ton eller avt\u00e4cka ett ackord.<\/p>\n<p>Lukten av ek transporterar mig tillbaka hem till l\u00e5nghelgspromenader genom Auchinlecks f\u00e4lt och dalg\u00e5ngar n\u00e4ra min skotska hemstad, Ayrshire. Det har en k\u00e4nsla som bara kan upplevas i Skottland.<\/p>\n<p>Att uppleva de st\u00f6rsta skapelserna \u00e4r n\u00e5got vi inte helt kan f\u00f6rklara. Men vi k\u00e4nner varje bit av det.&#8221;<\/p>\n<p>F\u00c4RG<\/p>\n<p>Ruby mahogny<\/p>\n<p>N\u00c4SA<\/p>\n<p>Mjuka toner av vanilj med rika russin, f\u00f6ljt av en s\u00f6t blandning av f\u00e4rskt \u00e4pple, citron och apelsin<\/p>\n<p>GOM<\/p>\n<p>Ett intensivt s\u00f6tt russin dominerar innan det ger vika f\u00f6r vanilj och m\u00f6rk choklad, med lager av ljus citrusskal<\/p>\n<p>AVSLUTA<\/p>\n<p>L\u00e5ng, rik och sammetslen<\/p>\n<p>ABV 43 %<\/p>\n","protected":false},"excerpt":{"rendered":"<p>Limited Highland Single Malt Scotch Whisky<\/p>\n","protected":false},"featured_media":30256,"template":"","meta":{"_acf_changed":false,"rs_blank_template":"","rs_page_bg_color":"","slide_template_v7":""},"product_brand":[],"product_cat":[2387,4651,2392],"product_tag":[],"class_list":{"0":"post-26291","1":"product","2":"type-product","3":"status-publish","4":"has-post-thumbnail","6":"product_cat-avec-sv","7":"product_cat-single-malt-sv","8":"product_cat-whisky-sv","9":"pa_land-skottland","10":"pa_procent-43-sv","11":"pa_producent-the-macallan-sv","12":"pa_region-speyside-sv","13":"pa_vintage-2022-sv","14":"pa_volume-70-sv-2","16":"first","17":"instock","18":"taxable","19":"shipping-taxable","20":"purchasable","21":"product-type-simple"},"bundled_by":[],"bundle_stock_status":"instock","bundle_stock_quantity":null,"bundle_virtual":false,"bundle_layout":"","bundle_add_to_cart_form_location":"","bundle_editable_in_cart":false,"bundle_sold_individually_context":"","bundle_item_grouping":"","bundle_min_size":"","bundle_max_size":"","bundle_price":[],"bundled_items":[],"bundle_sell_ids":[],"acf":[],"_links":{"self":[{"href":"https:\/\/www.raschvin.com\/sv\/wp-json\/wp\/v2\/product\/26291","targetHints":{"allow":["GET"]}}],"collection":[{"href":"https:\/\/www.raschvin.com\/sv\/wp-json\/wp\/v2\/product"}],"about":[{"href":"https:\/\/www.raschvin.com\/sv\/wp-json\/wp\/v2\/types\/product"}],"wp:featuredmedia":[{"embeddable":true,"href":"https:\/\/www.raschvin.com\/sv\/wp-json\/wp\/v2\/media\/30256"}],"wp:attachment":[{"href":"https:\/\/www.raschvin.com\/sv\/wp-json\/wp\/v2\/media?parent=26291"}],"wp:term":[{"taxonomy":"product_brand","embeddable":true,"href":"https:\/\/www.raschvin.com\/sv\/wp-json\/wp\/v2\/product_brand?post=26291"},{"taxonomy":"product_cat","embeddable":true,"href":"https:\/\/www.raschvin.com\/sv\/wp-json\/wp\/v2\/product_cat?post=26291"},{"taxonomy":"product_tag","embeddable":true,"href":"https:\/\/www.raschvin.com\/sv\/wp-json\/wp\/v2\/product_tag?post=26291"}],"curies":[{"name":"wp","href":"https:\/\/api.w.org\/{rel}","templated":true}]}}