{"id":26266,"date":"2022-11-24T09:19:27","date_gmt":"2022-11-24T08:19:27","guid":{"rendered":"https:\/\/www.raschvin.com\/produkt\/highland-park-30-years-spring-release-2019-70-cl-452\/"},"modified":"2023-03-24T20:51:20","modified_gmt":"2023-03-24T19:51:20","slug":"highland-park-30-years-spring-release-2019-70-cl-452","status":"publish","type":"product","link":"https:\/\/www.raschvin.com\/sv\/produkt\/highland-park-30-years-spring-release-2019-70-cl-452\/","title":{"rendered":"Highland Park 30 Years 2019 Spring Release 70 cl. 45,2%"},"content":{"rendered":"<p>Vi \u00e4r stora fans av v\u00e4l \u00e5ldrade Highland Park singelmalt, och vi \u00e4r ganska s\u00e4kra p\u00e5 att n\u00e5gra av er ocks\u00e5 \u00e4r i samma b\u00e5t. D\u00e4rf\u00f6r \u00e4r den h\u00e4r ganska tilltalande &#8211; det \u00e4r ett 30 \u00e5r gammalt uttryck fr\u00e5n det Orkney-baserade destilleriet! Releasen f\u00f6r v\u00e5ren 2019 kom fr\u00e5n f\u00e4rre \u00e4n 20 fat, inklusive first-fill bourbonfat, first-fill sherrykryddade fat och refillfat.<\/p>\n<p>Ett komplext uttryck skapat av f\u00e4rre \u00e4n 20 fat fr\u00e5n 1989 och tidigare \u00e5r, v\u00e5r 30 Year Old Spring 2019 Release \u00e4r det s\u00e4llsynta resultatet av en trio av olika fattyper.<\/p>\n<p>Master Whisky Maker, Gordon Motion, tog det ovanliga steget att sammanf\u00f6ra tre olika fattyper f\u00f6r denna release. F\u00f6r s\u00f6ta toner av vanilj och honung med inslag av skarp citrus valde han f\u00f6rstfyllda ex-bourbonfat; F\u00f6r att l\u00e4gga till rika lager av stuvad frukt och varma kryddsmaker valdes f\u00f6rsta-fill-sherrykryddade fat; och slutligen kallades ett litet men livsviktigt antal p\u00e5fyllningsfat in f\u00f6r att avrunda smakernas harmoni.<\/p>\n<p>Han har tillverkat sin prisbel\u00f6nta whisky p\u00e5 Highland Park Distillery i Kirkwall, Orkney, sedan 1798. \u00c5lder, erfarenhet och respekt f\u00f6r tradition kan definiera v\u00e5r single malt whisky, men det \u00e4r Orkney som skiljer den \u00e5t. N\u00e5got magiskt h\u00e4nder h\u00e4r och resultatet \u00e4r den vilda harmonin av smaker som finns i v\u00e5r whisky.<\/p>\n","protected":false},"excerpt":{"rendered":"<p>Single Malt Scotch Whisky<\/p>\n","protected":false},"featured_media":30274,"template":"","meta":{"_acf_changed":false,"rs_blank_template":"","rs_page_bg_color":"","slide_template_v7":""},"product_brand":[],"product_cat":[2387,2392,4651],"product_tag":[],"class_list":{"0":"post-26266","1":"product","2":"type-product","3":"status-publish","4":"has-post-thumbnail","6":"product_cat-avec-sv","7":"product_cat-whisky-sv","8":"product_cat-single-malt-sv","9":"pa_land-skottland","10":"pa_procent-45-2-sv","11":"pa_producent-highland-park-sv","12":"pa_region-orkney-sv","13":"pa_volume-70-sv-2","15":"first","16":"instock","17":"taxable","18":"shipping-taxable","19":"purchasable","20":"product-type-simple"},"bundled_by":[],"bundle_stock_status":"instock","bundle_stock_quantity":1,"bundle_virtual":false,"bundle_layout":"","bundle_add_to_cart_form_location":"","bundle_editable_in_cart":false,"bundle_sold_individually_context":"","bundle_item_grouping":"","bundle_min_size":"","bundle_max_size":"","bundle_price":[],"bundled_items":[],"bundle_sell_ids":[],"acf":[],"_links":{"self":[{"href":"https:\/\/www.raschvin.com\/sv\/wp-json\/wp\/v2\/product\/26266","targetHints":{"allow":["GET"]}}],"collection":[{"href":"https:\/\/www.raschvin.com\/sv\/wp-json\/wp\/v2\/product"}],"about":[{"href":"https:\/\/www.raschvin.com\/sv\/wp-json\/wp\/v2\/types\/product"}],"wp:featuredmedia":[{"embeddable":true,"href":"https:\/\/www.raschvin.com\/sv\/wp-json\/wp\/v2\/media\/30274"}],"wp:attachment":[{"href":"https:\/\/www.raschvin.com\/sv\/wp-json\/wp\/v2\/media?parent=26266"}],"wp:term":[{"taxonomy":"product_brand","embeddable":true,"href":"https:\/\/www.raschvin.com\/sv\/wp-json\/wp\/v2\/product_brand?post=26266"},{"taxonomy":"product_cat","embeddable":true,"href":"https:\/\/www.raschvin.com\/sv\/wp-json\/wp\/v2\/product_cat?post=26266"},{"taxonomy":"product_tag","embeddable":true,"href":"https:\/\/www.raschvin.com\/sv\/wp-json\/wp\/v2\/product_tag?post=26266"}],"curies":[{"name":"wp","href":"https:\/\/api.w.org\/{rel}","templated":true}]}}