{"id":26140,"date":"2022-11-23T13:36:33","date_gmt":"2022-11-23T12:36:33","guid":{"rendered":"https:\/\/www.raschvin.com\/produkt\/le-temps-de-vivre-syrah-grenache-75-cl\/"},"modified":"2026-01-30T07:24:58","modified_gmt":"2026-01-30T06:24:58","slug":"le-temps-de-vivre-syrah-grenache-75-cl","status":"publish","type":"product","link":"https:\/\/www.raschvin.com\/sv\/produkt\/le-temps-de-vivre-syrah-grenache-75-cl\/","title":{"rendered":"Le Temps de Vivre Syrah-Grenache 2020 75 cl."},"content":{"rendered":"<p>Det h\u00e4r \u00e4r fantastiskt gott, hederligt lantvin i ordets b\u00e4sta bem\u00e4rkelse: prisv\u00e4rt, v\u00e4lgjort och rustikt p\u00e5 precis r\u00e4tt s\u00e4tt.<\/p>\n<p>I sydligaste Frankrike ligger Roussillon vid foten av Pyren\u00e9erna p\u00e5 Medelhavssidan och gr\u00e4nsar till Spanien. H\u00e4r odlas de druvor som \u00e4r mest k\u00e4nda fr\u00e5n Rh\u00f4nedalen, n\u00e4mligen syrah och grenache, i avrinningsomr\u00e5det till Perpignan under C\u00f4tes Catalanes IGP.<\/p>\n<p>Vinet \u00e4r st\u00e5lj\u00e4st med temperaturkontroll; en man\u00f6ver som anv\u00e4nds f\u00f6r att s\u00e4kerst\u00e4lla att den ursprungliga fruktigheten ocks\u00e5 hamnar i flaskan och att o\u00f6nskade bakterier h\u00e5lls p\u00e5 s\u00e4kert avst\u00e5nd. Ofta ger detta korrekta men tr\u00e5kiga, embryonala viner, men det skickliga teamet p\u00e5 Vignerons Catalans har gjort ett of\u00f6rklarligt v\u00e4larbetat vin som helt enkelt \u00e4r ett n\u00f6je att dricka.<\/p>\n<p>N\u00e4sa och smak har m\u00f6rka b\u00e4raromer med en del svarta oliver, och det \u00e4r bra intensitet, medan dysterheten lyser av sin fr\u00e5nvaro. Detta medelfylliga vin har den kryddiga profilen, men den charmiga, friska frukten f\u00f6rblir det st\u00f6djande elementet.<\/p>\n<p>Njut av detta vin i sin ungdom, g\u00e4rna till en stekt eller sjudad r\u00e4tt, och med Le Temps de Vivre har du \u00e4ven r\u00e5d med ett glas eller tv\u00e5 till kocken medan maten tillagas.<\/p>\n<p>Njut av vinet i sin ungdom och kom ih\u00e5g att serveringstemperaturen \u00e4r under rumstemperatur, ca. 14-17\u00b0.<\/p>\n","protected":false},"excerpt":{"rendered":"<p>Cotes Catalanes Rouge IGP &#8211; France<\/p>\n","protected":false},"featured_media":30202,"template":"","meta":{"_acf_changed":false,"rs_blank_template":"","rs_page_bg_color":"","slide_template_v7":""},"product_brand":[],"product_cat":[2788,2798],"product_tag":[],"class_list":{"0":"post-26140","1":"product","2":"type-product","3":"status-publish","4":"has-post-thumbnail","6":"product_cat-vin-sv","7":"product_cat-roedvin-sv","8":"pa_aargang-2020-sv","9":"pa_drue-grenache-sv","10":"pa_drue-syrah-sv","11":"pa_land-frankrike","12":"pa_procent-13-5-sv","13":"pa_region-cotes-catalanes-sv","14":"pa_serveringstemperatur-14-17-sv","15":"pa_volume-75-sv","17":"first","18":"instock","19":"taxable","20":"shipping-taxable","21":"purchasable","22":"product-type-simple"},"bundled_by":["119753"],"bundle_stock_status":"instock","bundle_stock_quantity":null,"bundle_virtual":false,"bundle_layout":"","bundle_add_to_cart_form_location":"","bundle_editable_in_cart":false,"bundle_sold_individually_context":"","bundle_item_grouping":"","bundle_min_size":"","bundle_max_size":"","bundle_price":[],"bundled_items":[],"bundle_sell_ids":[],"acf":[],"_links":{"self":[{"href":"https:\/\/www.raschvin.com\/sv\/wp-json\/wp\/v2\/product\/26140","targetHints":{"allow":["GET"]}}],"collection":[{"href":"https:\/\/www.raschvin.com\/sv\/wp-json\/wp\/v2\/product"}],"about":[{"href":"https:\/\/www.raschvin.com\/sv\/wp-json\/wp\/v2\/types\/product"}],"wp:featuredmedia":[{"embeddable":true,"href":"https:\/\/www.raschvin.com\/sv\/wp-json\/wp\/v2\/media\/30202"}],"wp:attachment":[{"href":"https:\/\/www.raschvin.com\/sv\/wp-json\/wp\/v2\/media?parent=26140"}],"wp:term":[{"taxonomy":"product_brand","embeddable":true,"href":"https:\/\/www.raschvin.com\/sv\/wp-json\/wp\/v2\/product_brand?post=26140"},{"taxonomy":"product_cat","embeddable":true,"href":"https:\/\/www.raschvin.com\/sv\/wp-json\/wp\/v2\/product_cat?post=26140"},{"taxonomy":"product_tag","embeddable":true,"href":"https:\/\/www.raschvin.com\/sv\/wp-json\/wp\/v2\/product_tag?post=26140"}],"curies":[{"name":"wp","href":"https:\/\/api.w.org\/{rel}","templated":true}]}}