{"id":26137,"date":"2022-11-23T13:24:48","date_gmt":"2022-11-23T12:24:48","guid":{"rendered":"https:\/\/www.raschvin.com\/produkt\/racines-terroirs-riesling-75-cl\/"},"modified":"2023-04-03T09:27:34","modified_gmt":"2023-04-03T07:27:34","slug":"racines-terroirs-riesling-75-cl","status":"publish","type":"product","link":"https:\/\/www.raschvin.com\/sv\/produkt\/racines-terroirs-riesling-75-cl\/","title":{"rendered":"Racines &#038; Terroirs &#8211; Riesling 75 cl."},"content":{"rendered":"<p>Dagobert Riesling Racines &#038; Terroirs \u00e4r en prisv\u00e4rd men v\u00e4rdig representant f\u00f6r b\u00e5de Alsace och riesling. Den har en fin regional karakt\u00e4r och en l\u00e4tt petroleumnot, vilket i r\u00e4tt m\u00e4ngd \u00e4r en trevlig grej med riesling.<\/p>\n<p>Cave du Roi Dagobert \u00e4r ett v\u00e4lfungerande och modernt kooperativ med n\u00e4ra relationer till kooperativet i T\u00fcrckheim, respekterat f\u00f6r sin h\u00f6ga kvalitetsniv\u00e5 till priser som bara ligger n\u00e5got \u00f6ver ing\u00e5ngsniv\u00e5n.<\/p>\n<p>N\u00e4san \u00e4r elegant sammansatt av; citrusfrukter, gyllene l\u00e4ckra \u00e4pplen och lite p\u00e4ron. Det finns b\u00e5de renhet och l\u00e4ngd som g\u00e5r ut\u00f6ver vinets rimliga pris.<\/p>\n<p>Racines &#038; Terrois Riesling kan avnjutas som aperitif\/t\u00f6rstsl\u00e4ckare, men den \u00e4r ocks\u00e5 ljuvlig till en r\u00e4kr\u00e4tt, till de inte alltf\u00f6r feta r\u00e4tterna med fisk och skaldjur, till Fj\u00e4rran \u00d6stern mat med chili\/ingf\u00e4ra. Om du \u00e4r en speciell alsakofil vet du ocks\u00e5 att det passar utm\u00e4rkt till choucroute garnie (surk\u00e5l och flera sorters fl\u00e4sk).<\/p>\n<p>Vi rekommenderar en serveringstemperatur i b\u00e4dden p\u00e5 8-11\u00b0.<\/p>\n<p>TESTVINNARE \/ B\u00c4STA K\u00d6P Din vinguide<br \/>\n91 po\u00e4ng<\/p>\n<p>Din Vinguide, nr 34, augusti 2022<\/p>\n","protected":false},"excerpt":{"rendered":"<p>Cave du Roi Dagobert &#8211; Vin D&#8217;Alsace <\/p>\n","protected":false},"featured_media":30226,"template":"","meta":{"_acf_changed":false,"rs_blank_template":"","rs_page_bg_color":"","slide_template_v7":""},"product_brand":[],"product_cat":[2788,2792],"product_tag":[],"class_list":{"0":"post-26137","1":"product","2":"type-product","3":"status-publish","4":"has-post-thumbnail","6":"product_cat-vin-sv","7":"product_cat-vitt-vin","8":"pa_drue-riesling-sv","9":"pa_land-frankrike","10":"pa_procent-12-5-sv","11":"pa_producent-cave-du-roi-dagobert-sv","12":"pa_region-alsace-sv","13":"pa_serveringstemperatur-8-11-sv","14":"pa_volume-75-sv","16":"first","17":"instock","18":"taxable","19":"shipping-taxable","20":"purchasable","21":"product-type-simple"},"bundled_by":["119616","119659","119925"],"bundle_stock_status":"instock","bundle_stock_quantity":null,"bundle_virtual":false,"bundle_layout":"","bundle_add_to_cart_form_location":"","bundle_editable_in_cart":false,"bundle_sold_individually_context":"","bundle_item_grouping":"","bundle_min_size":"","bundle_max_size":"","bundle_price":[],"bundled_items":[],"bundle_sell_ids":[],"acf":[],"_links":{"self":[{"href":"https:\/\/www.raschvin.com\/sv\/wp-json\/wp\/v2\/product\/26137","targetHints":{"allow":["GET"]}}],"collection":[{"href":"https:\/\/www.raschvin.com\/sv\/wp-json\/wp\/v2\/product"}],"about":[{"href":"https:\/\/www.raschvin.com\/sv\/wp-json\/wp\/v2\/types\/product"}],"wp:featuredmedia":[{"embeddable":true,"href":"https:\/\/www.raschvin.com\/sv\/wp-json\/wp\/v2\/media\/30226"}],"wp:attachment":[{"href":"https:\/\/www.raschvin.com\/sv\/wp-json\/wp\/v2\/media?parent=26137"}],"wp:term":[{"taxonomy":"product_brand","embeddable":true,"href":"https:\/\/www.raschvin.com\/sv\/wp-json\/wp\/v2\/product_brand?post=26137"},{"taxonomy":"product_cat","embeddable":true,"href":"https:\/\/www.raschvin.com\/sv\/wp-json\/wp\/v2\/product_cat?post=26137"},{"taxonomy":"product_tag","embeddable":true,"href":"https:\/\/www.raschvin.com\/sv\/wp-json\/wp\/v2\/product_tag?post=26137"}],"curies":[{"name":"wp","href":"https:\/\/api.w.org\/{rel}","templated":true}]}}