{"id":26114,"date":"2022-11-23T09:50:10","date_gmt":"2022-11-23T08:50:10","guid":{"rendered":"https:\/\/www.raschvin.com\/produkt\/leitz-zero-point-five-cabernet-sauvignon-75-cl-05\/"},"modified":"2025-09-10T08:44:31","modified_gmt":"2025-09-10T06:44:31","slug":"leitz-zero-point-five-cabernet-sauvignon-75-cl-05","status":"publish","type":"product","link":"https:\/\/www.raschvin.com\/sv\/produkt\/leitz-zero-point-five-cabernet-sauvignon-75-cl-05\/","title":{"rendered":"Leitz Zero Point Five Cabernet Sauvignon 75 cl. 0,5%"},"content":{"rendered":"<p>Weingut Leitz Cabernet Sauvignon Alcohol Free \u00e4r det sj\u00e4lvklara valet f\u00f6r den som vill ha vinets autentiska smak och komplexitet i ett alkoholfritt alternativ. Medan majoriteten av alkoholfria viner saknar den karakt\u00e4r vi f\u00f6rknippar med gott vin, anv\u00e4nder Leitz en noggrann dealkoholisering som bevarar vinets identitet. Resultatet \u00e4r riktigt fint, med b\u00e5de smak, tannin och struktur intakt.<\/p>\n<p>F\u00e4rg: Djupt brun.<br \/>\nDoft: Mogna k\u00f6rsb\u00e4r, plommon och m\u00f6rk choklad.<br \/>\nSmaknoter: Mjuka tanniner \u00e5tf\u00f6ljs av toner av r\u00f6d frukt, kakao, peppar och en behaglig, balanserad syra.<\/p>\n<p>Serveringsf\u00f6rslag: Njut av den l\u00e4tt kyld, t ex till grillade r\u00e4tter.<\/p>\n<p>Johannes Leitz tog \u00f6ver familjens ving\u00e5rd fr\u00e5n sin far 1999, efter att ha varit ansvarig f\u00f6r vinframst\u00e4llningen sedan 1985. Under Johannes \u00e4gande har Leitz bara g\u00e5tt en v\u00e4g &#8211; upp\u00e5t! Kvaliteten har \u00f6kat fr\u00e5n bra till v\u00e4rldsklass och de har lyckats ut\u00f6ka f\u00e4lten med n\u00e5gra av de b\u00e4sta paketen runt staden R\u00fcdesheim.<\/p>\n<p>Bergssluttningen v\u00e4ster om och omedelbart runt R\u00fcdesheim \u00e4r en av de mest magiska terroirerna i hela v\u00e4rlden f\u00f6r framst\u00e4llning av viner fr\u00e5n rieslingdruvan \u2013 och d\u00e4rmed en av de mest magiska terroirerna i hela v\u00e4rlden f\u00f6r framst\u00e4llning av vitt vin!<\/p>\n<p>Det \u00e4r h\u00e4r vi hittar bland annat paketen Berg Schlo\u00dfberg, Berg Rottland, Berg Roseneck och Berg Kaisersteinfels, som alla fyra \u00e5tnjuter h\u00f6gsta m\u00f6jliga klassificering och erk\u00e4nnande i Tysklands hierarki.<\/p>\n","protected":false},"excerpt":{"rendered":"<p>Quality Non Alcoholic Wine<\/p>\n","protected":false},"featured_media":30206,"template":"","meta":{"_acf_changed":false,"rs_blank_template":"","rs_page_bg_color":"","slide_template_v7":""},"product_brand":[],"product_cat":[2788,4476],"product_tag":[],"class_list":{"0":"post-26114","1":"product","2":"type-product","3":"status-publish","4":"has-post-thumbnail","6":"product_cat-vin-sv","7":"product_cat-alkoholfri-0","8":"pa_drue-cabernet-sauvignon-sv","9":"pa_land-tyskland-sv","10":"pa_non-alcoholic-alkoholfri-sv","11":"pa_procent-0-5-sv","12":"pa_producent-leitz-sv","13":"pa_region-rheingau-sv","14":"pa_serveringstemperatur-18-20-sv","15":"pa_volume-75-sv","17":"first","18":"instock","19":"taxable","20":"shipping-taxable","21":"purchasable","22":"product-type-simple"},"bundled_by":[],"bundle_stock_status":"instock","bundle_stock_quantity":null,"bundle_virtual":false,"bundle_layout":"","bundle_add_to_cart_form_location":"","bundle_editable_in_cart":false,"bundle_sold_individually_context":"","bundle_item_grouping":"","bundle_min_size":"","bundle_max_size":"","bundle_price":[],"bundled_items":[],"bundle_sell_ids":[],"acf":[],"_links":{"self":[{"href":"https:\/\/www.raschvin.com\/sv\/wp-json\/wp\/v2\/product\/26114","targetHints":{"allow":["GET"]}}],"collection":[{"href":"https:\/\/www.raschvin.com\/sv\/wp-json\/wp\/v2\/product"}],"about":[{"href":"https:\/\/www.raschvin.com\/sv\/wp-json\/wp\/v2\/types\/product"}],"wp:featuredmedia":[{"embeddable":true,"href":"https:\/\/www.raschvin.com\/sv\/wp-json\/wp\/v2\/media\/30206"}],"wp:attachment":[{"href":"https:\/\/www.raschvin.com\/sv\/wp-json\/wp\/v2\/media?parent=26114"}],"wp:term":[{"taxonomy":"product_brand","embeddable":true,"href":"https:\/\/www.raschvin.com\/sv\/wp-json\/wp\/v2\/product_brand?post=26114"},{"taxonomy":"product_cat","embeddable":true,"href":"https:\/\/www.raschvin.com\/sv\/wp-json\/wp\/v2\/product_cat?post=26114"},{"taxonomy":"product_tag","embeddable":true,"href":"https:\/\/www.raschvin.com\/sv\/wp-json\/wp\/v2\/product_tag?post=26114"}],"curies":[{"name":"wp","href":"https:\/\/api.w.org\/{rel}","templated":true}]}}