{"id":26111,"date":"2022-11-23T09:42:39","date_gmt":"2022-11-23T08:42:39","guid":{"rendered":"https:\/\/www.raschvin.com\/produkt\/leitz-zero-point-five-pinot-noir-75-cl-05\/"},"modified":"2025-09-10T08:40:48","modified_gmt":"2025-09-10T06:40:48","slug":"leitz-zero-point-five-pinot-noir-75-cl-05","status":"publish","type":"product","link":"https:\/\/www.raschvin.com\/sv\/produkt\/leitz-zero-point-five-pinot-noir-75-cl-05\/","title":{"rendered":"Leitz Zero Point Five Pinot Noir 75 cl. 0,5%"},"content":{"rendered":"<p>Naturligtvis kommer ett alkoholfritt vin aldrig att ha samma djup, struktur och munk\u00e4nsla som ett vin med alkohol, men nya Zero Point Five fr\u00e5n Leitz, ett alkoholfritt r\u00f6tt vin gjort p\u00e5 druvan Pinot Noir, kommer otroligt n\u00e4ra.<\/p>\n<p>F\u00e4rg: Ruby.<br \/>\nDoft: Fruktiga toner av r\u00f6da vinb\u00e4r och k\u00f6rsb\u00e4r.<br \/>\nSmak: En mycket tilltalande, vin\u00f6s karakt\u00e4r med en snyggt inb\u00e4ddad tanninstruktur och en n\u00e4stan torr finish.<\/p>\n<p>Johannes Leitz tog \u00f6ver familjens ving\u00e5rd fr\u00e5n sin far 1999, efter att ha varit ansvarig f\u00f6r vinframst\u00e4llningen sedan 1985. Under Johannes \u00e4gande har Leitz bara g\u00e5tt en v\u00e4g &#8211; upp\u00e5t! Kvaliteten har \u00f6kat fr\u00e5n bra till v\u00e4rldsklass och de har lyckats ut\u00f6ka f\u00e4lten med n\u00e5gra av de b\u00e4sta paketen runt staden R\u00fcdesheim.<\/p>\n<p>Bergssluttningen v\u00e4ster om och omedelbart runt R\u00fcdesheim \u00e4r en av de mest magiska terroirerna i hela v\u00e4rlden f\u00f6r framst\u00e4llning av viner fr\u00e5n rieslingdruvan \u2013 och d\u00e4rmed en av de mest magiska terroirerna i hela v\u00e4rlden f\u00f6r framst\u00e4llning av vitt vin!<\/p>\n<p>Det \u00e4r h\u00e4r vi hittar bland annat paketen Berg Schlo\u00dfberg, Berg Rottland, Berg Roseneck och Berg Kaisersteinfels, som alla fyra \u00e5tnjuter h\u00f6gsta m\u00f6jliga klassificering och erk\u00e4nnande i Tysklands hierarki.<\/p>\n","protected":false},"excerpt":{"rendered":"<p>Quality Non Alcoholic Wine<\/p>\n","protected":false},"featured_media":30204,"template":"","meta":{"_acf_changed":false,"rs_blank_template":"","rs_page_bg_color":"","slide_template_v7":""},"product_brand":[],"product_cat":[2788,4476],"product_tag":[],"class_list":{"0":"post-26111","1":"product","2":"type-product","3":"status-publish","4":"has-post-thumbnail","6":"product_cat-vin-sv","7":"product_cat-alkoholfri-0","8":"pa_drue-pinot-noir-sv","9":"pa_land-tyskland-sv","10":"pa_non-alcoholic-alkoholfri-sv","11":"pa_procent-0-5-sv","12":"pa_producent-leitz-sv","13":"pa_region-baden-sv","14":"pa_volume-75-sv","16":"first","17":"instock","18":"taxable","19":"shipping-taxable","20":"purchasable","21":"product-type-simple"},"bundled_by":[],"bundle_stock_status":"instock","bundle_stock_quantity":null,"bundle_virtual":false,"bundle_layout":"","bundle_add_to_cart_form_location":"","bundle_editable_in_cart":false,"bundle_sold_individually_context":"","bundle_item_grouping":"","bundle_min_size":"","bundle_max_size":"","bundle_price":[],"bundled_items":[],"bundle_sell_ids":[],"acf":[],"_links":{"self":[{"href":"https:\/\/www.raschvin.com\/sv\/wp-json\/wp\/v2\/product\/26111","targetHints":{"allow":["GET"]}}],"collection":[{"href":"https:\/\/www.raschvin.com\/sv\/wp-json\/wp\/v2\/product"}],"about":[{"href":"https:\/\/www.raschvin.com\/sv\/wp-json\/wp\/v2\/types\/product"}],"wp:featuredmedia":[{"embeddable":true,"href":"https:\/\/www.raschvin.com\/sv\/wp-json\/wp\/v2\/media\/30204"}],"wp:attachment":[{"href":"https:\/\/www.raschvin.com\/sv\/wp-json\/wp\/v2\/media?parent=26111"}],"wp:term":[{"taxonomy":"product_brand","embeddable":true,"href":"https:\/\/www.raschvin.com\/sv\/wp-json\/wp\/v2\/product_brand?post=26111"},{"taxonomy":"product_cat","embeddable":true,"href":"https:\/\/www.raschvin.com\/sv\/wp-json\/wp\/v2\/product_cat?post=26111"},{"taxonomy":"product_tag","embeddable":true,"href":"https:\/\/www.raschvin.com\/sv\/wp-json\/wp\/v2\/product_tag?post=26111"}],"curies":[{"name":"wp","href":"https:\/\/api.w.org\/{rel}","templated":true}]}}