{"id":26012,"date":"2022-11-22T14:04:14","date_gmt":"2022-11-22T13:04:14","guid":{"rendered":"https:\/\/www.raschvin.com\/produkt\/kopke-port-30-years-old-white-375-cl-20\/"},"modified":"2023-03-27T16:00:05","modified_gmt":"2023-03-27T14:00:05","slug":"kopke-port-30-years-old-white-375-cl-20","status":"publish","type":"product","link":"https:\/\/www.raschvin.com\/sv\/produkt\/kopke-port-30-years-old-white-375-cl-20\/","title":{"rendered":"Kopke Port &#8211; 30 Years Old White 37,5 cl. 20%"},"content":{"rendered":"<p>En sann raritet fr\u00e5n Kopke, specialisten p\u00e5 fatlagrad portvin. Gamla fat med vitt portvin i olika \u00e5ldrar s\u00e4tts ihop till denna p\u00e4rla med en aromatisk profil som ett 30 \u00e5r gammalt vitt portvin. Eftersom portvinet enbart g\u00f6rs p\u00e5 gr\u00f6na druvor m\u00e4rks \u00e5ldrandet i en viss grad, d\u00e5 druvornas avtryck syns mindre i doftbilden \u00e4n en motsvarande tawny.<\/p>\n<p>30 \u00e5r gammalt vitt portvin \u00e4r en otroligt s\u00e4llsynt m\u00e4ngd. \u00c4ven om efterfr\u00e5gan p\u00e5 vit, lagrad kvalitetsportvin har exploderat de senaste \u00e5ren, var denna efterfr\u00e5gan m\u00e5nga decennier borta n\u00e4r basvinerna f\u00f6r denna port skapades.<\/p>\n<p>Doft och smak \u00e4r en intensiv explosion av vinb\u00e4r, inlagt citrusskal, torkad aprikos, n\u00f6tter och torkade fikon. En utm\u00e4rkt syra h\u00e5ller s\u00f6tman i schack och ger en harmonisk helhet.<\/p>\n<p>Avnjuts b\u00e4st utan mat, men ocks\u00e5 trevlig att dricka till en v\u00e4lgjord \u00e4ppelstrudel, cr\u00e8me caramel eller foie gras terrine. Men om det finns en god \u00e4delm\u00f6gelost i kylen s\u00e5 \u00e4r det ocks\u00e5 ett bra val.<\/p>\n<p>Avnjuts vid ca. 11-14\u00b0, allts\u00e5 n\u00e5got svalare \u00e4n de andra fatlagrade portvinerna.<\/p>\n<p>Inneh\u00e5ller 37,5 cl.<\/p>\n<p>GOLD Decanter World Wine Awards<\/p>\n<p>Robert Parker 94 po\u00e4ng<\/p>\n<p>Wine Spectator 92 po\u00e4ng<\/p>\n<p>Vinentusiast 94 po\u00e4ng<\/p>\n","protected":false},"excerpt":{"rendered":"<p>Douro Valley Port<\/p>\n","protected":false},"featured_media":30150,"template":"","meta":{"_acf_changed":false,"rs_blank_template":"","rs_page_bg_color":"","slide_template_v7":""},"product_brand":[],"product_cat":[2765,2772,4728],"product_tag":[],"class_list":{"0":"post-26012","1":"product","2":"type-product","3":"status-publish","4":"has-post-thumbnail","6":"product_cat-hedvin-sv","7":"product_cat-hamn","8":"product_cat-white-port-sv","9":"pa_land-portugal-sv","10":"pa_procent-20-sv","11":"pa_producent-kopke-sv","12":"pa_region-douro-sv","13":"pa_serveringstemperatur-10-12-sv-2","14":"pa_volume-37-5-sv","16":"first","17":"instock","18":"taxable","19":"shipping-taxable","20":"purchasable","21":"product-type-simple"},"bundled_by":[],"bundle_stock_status":"instock","bundle_stock_quantity":null,"bundle_virtual":false,"bundle_layout":"","bundle_add_to_cart_form_location":"","bundle_editable_in_cart":false,"bundle_sold_individually_context":"","bundle_item_grouping":"","bundle_min_size":"","bundle_max_size":"","bundle_price":[],"bundled_items":[],"bundle_sell_ids":[],"acf":[],"_links":{"self":[{"href":"https:\/\/www.raschvin.com\/sv\/wp-json\/wp\/v2\/product\/26012","targetHints":{"allow":["GET"]}}],"collection":[{"href":"https:\/\/www.raschvin.com\/sv\/wp-json\/wp\/v2\/product"}],"about":[{"href":"https:\/\/www.raschvin.com\/sv\/wp-json\/wp\/v2\/types\/product"}],"wp:featuredmedia":[{"embeddable":true,"href":"https:\/\/www.raschvin.com\/sv\/wp-json\/wp\/v2\/media\/30150"}],"wp:attachment":[{"href":"https:\/\/www.raschvin.com\/sv\/wp-json\/wp\/v2\/media?parent=26012"}],"wp:term":[{"taxonomy":"product_brand","embeddable":true,"href":"https:\/\/www.raschvin.com\/sv\/wp-json\/wp\/v2\/product_brand?post=26012"},{"taxonomy":"product_cat","embeddable":true,"href":"https:\/\/www.raschvin.com\/sv\/wp-json\/wp\/v2\/product_cat?post=26012"},{"taxonomy":"product_tag","embeddable":true,"href":"https:\/\/www.raschvin.com\/sv\/wp-json\/wp\/v2\/product_tag?post=26012"}],"curies":[{"name":"wp","href":"https:\/\/api.w.org\/{rel}","templated":true}]}}