{"id":26008,"date":"2022-11-22T13:58:30","date_gmt":"2022-11-22T12:58:30","guid":{"rendered":"https:\/\/www.raschvin.com\/produkt\/kopke-port-20-years-old-white-375-cl-20\/"},"modified":"2023-03-27T09:17:27","modified_gmt":"2023-03-27T07:17:27","slug":"kopke-port-20-years-old-white-375-cl-20","status":"publish","type":"product","link":"https:\/\/www.raschvin.com\/sv\/produkt\/kopke-port-20-years-old-white-375-cl-20\/","title":{"rendered":"Kopke Port &#8211; 20 Years Old White 37,5 cl. 20%"},"content":{"rendered":"<p>En sann raritet fr\u00e5n Kopke, specialisten p\u00e5 fatlagrad portvin. Gamla fat med vitt portvin i olika \u00e5ldrar s\u00e4tts ihop till denna p\u00e4rla med en aromatisk profil som ett 20 \u00e5r gammalt vitt portvin. Eftersom portvinet enbart g\u00f6rs p\u00e5 gr\u00f6na druvor m\u00e4rks \u00e5ldrandet i en viss grad d\u00e5 druvornas avtryck syns mindre i doftbilden \u00e4n en motsvarande tawny.<\/p>\n<p>Doft och smak \u00e4r en explosion av vinb\u00e4r, inlagt citrusskal, torkad aprikos, n\u00f6tter, l\u00e4tt sirap och Cr\u00e8me Br\u00fbl\u00e9e. En utm\u00e4rkt syra h\u00e5ller s\u00f6tman i schack och ger en harmonisk helhet.<\/p>\n<p>Avnjuts vid ca. 12-16\u00b0, allts\u00e5 n\u00e5got svalare \u00e4n de andra fatlagrade portvinerna.<\/p>\n<p>Inneh\u00e5ller 37,5 cl.<\/p>\n<p>Vinentusiast 94 po\u00e4ng<\/p>\n<p>Wine Spectator 93 po\u00e4ng<\/p>\n<p>Robert Parker 92 po\u00e4ng<\/p>\n","protected":false},"excerpt":{"rendered":"<p>Douro Valley Port<\/p>\n","protected":false},"featured_media":30146,"template":"","meta":{"_acf_changed":false,"rs_blank_template":"","rs_page_bg_color":"","slide_template_v7":""},"product_brand":[],"product_cat":[2765,2772,4728],"product_tag":[],"class_list":{"0":"post-26008","1":"product","2":"type-product","3":"status-publish","4":"has-post-thumbnail","6":"product_cat-hedvin-sv","7":"product_cat-hamn","8":"product_cat-white-port-sv","9":"pa_land-portugal-sv","10":"pa_procent-20-sv","11":"pa_producent-kopke-sv","12":"pa_region-douro-sv","13":"pa_serveringstemperatur-10-12-sv-2","14":"pa_volume-37-5-sv","16":"first","17":"instock","18":"taxable","19":"shipping-taxable","20":"purchasable","21":"product-type-simple"},"bundled_by":[],"bundle_stock_status":"instock","bundle_stock_quantity":null,"bundle_virtual":false,"bundle_layout":"","bundle_add_to_cart_form_location":"","bundle_editable_in_cart":false,"bundle_sold_individually_context":"","bundle_item_grouping":"","bundle_min_size":"","bundle_max_size":"","bundle_price":[],"bundled_items":[],"bundle_sell_ids":[],"acf":[],"_links":{"self":[{"href":"https:\/\/www.raschvin.com\/sv\/wp-json\/wp\/v2\/product\/26008","targetHints":{"allow":["GET"]}}],"collection":[{"href":"https:\/\/www.raschvin.com\/sv\/wp-json\/wp\/v2\/product"}],"about":[{"href":"https:\/\/www.raschvin.com\/sv\/wp-json\/wp\/v2\/types\/product"}],"wp:featuredmedia":[{"embeddable":true,"href":"https:\/\/www.raschvin.com\/sv\/wp-json\/wp\/v2\/media\/30146"}],"wp:attachment":[{"href":"https:\/\/www.raschvin.com\/sv\/wp-json\/wp\/v2\/media?parent=26008"}],"wp:term":[{"taxonomy":"product_brand","embeddable":true,"href":"https:\/\/www.raschvin.com\/sv\/wp-json\/wp\/v2\/product_brand?post=26008"},{"taxonomy":"product_cat","embeddable":true,"href":"https:\/\/www.raschvin.com\/sv\/wp-json\/wp\/v2\/product_cat?post=26008"},{"taxonomy":"product_tag","embeddable":true,"href":"https:\/\/www.raschvin.com\/sv\/wp-json\/wp\/v2\/product_tag?post=26008"}],"curies":[{"name":"wp","href":"https:\/\/api.w.org\/{rel}","templated":true}]}}