{"id":25923,"date":"2022-10-01T08:49:20","date_gmt":"2022-10-01T06:49:20","guid":{"rendered":"https:\/\/www.raschvin.com\/produkt\/jose-cuervo-tradicional-silver\/"},"modified":"2023-03-27T08:01:45","modified_gmt":"2023-03-27T06:01:45","slug":"jose-cuervo-tradicional-silver","status":"publish","type":"product","link":"https:\/\/www.raschvin.com\/sv\/produkt\/jose-cuervo-tradicional-silver\/","title":{"rendered":"Jos\u00e9 Cuervo Tradicional Tequila Plata 70 cl. 38%"},"content":{"rendered":"<p>Jose Cuervo Tradicional Plata \u00e4r en fantastisk vit tequila med en kristallin f\u00e4rg som genomg\u00e5r en kall filtreringsprocess f\u00f6r att uppn\u00e5 j\u00e4mnhet och lysande smak.<br \/>\nTradicional Plata \u00e4r en 100 % bl\u00e5 agave-tequila som, n\u00e4r den buteljeras, anv\u00e4nder en speciell process f\u00f6r att bevara sin smak och avsluta vid fryspunkten. N\u00e4r man dricker det framtr\u00e4der en balanserad s\u00f6tma med kryddor, l\u00e4tta toner av frukter som citron och apelsin \u00e4r en del av denna fantastiska dryck.<\/p>\n<p>San Francisco World Spirits Completion Guldmedalj\u00f6r 2019.<br \/>\nTraditionellt silver \u00e4r 100 % bl\u00e5 agavesilver tequila. Det \u00e4r oemotst\u00e5ndligt raffinerat. N\u00e4r den buteljeras anv\u00e4nds en speciell process f\u00f6r att bevara dess smak och finish vid fryspunkten. Det betyder att den kan och b\u00f6r kylas i frysen och serveras som en knaprig, sl\u00e4t, frusen shot.<br \/>\nDenna tequila har en kristallin glans. Dofter av bl\u00e5 agave med subtila citrustoner. Smaken har en kryddig och s\u00f6t balans. Det finns en fasthet med en fruktig \u00f6verton. Avslutningen \u00e4r s\u00f6t och uppfriskande.<\/p>\n","protected":false},"excerpt":{"rendered":"<p>Classic 100% Blue Agave Tequila<\/p>\n","protected":false},"featured_media":30096,"template":"","meta":{"_acf_changed":false,"rs_blank_template":"","rs_page_bg_color":"","slide_template_v7":""},"product_brand":[],"product_cat":[2402,2408],"product_tag":[],"class_list":{"0":"post-25923","1":"product","2":"type-product","3":"status-publish","4":"has-post-thumbnail","6":"product_cat-sprit-sv","7":"product_cat-tequila-mescal-sv","8":"pa_land-mexiko","9":"pa_procent-38-sv","10":"pa_producent-jose-cuervo-tequila-sv","11":"pa_region-tequila-sv","12":"pa_volume-70-sv-2","14":"first","15":"instock","16":"sale","17":"taxable","18":"shipping-taxable","19":"purchasable","20":"product-type-simple"},"bundled_by":["117456"],"bundle_stock_status":"instock","bundle_stock_quantity":null,"bundle_virtual":false,"bundle_layout":"","bundle_add_to_cart_form_location":"","bundle_editable_in_cart":false,"bundle_sold_individually_context":"","bundle_item_grouping":"","bundle_min_size":"","bundle_max_size":"","bundle_price":[],"bundled_items":[],"bundle_sell_ids":[],"acf":[],"_links":{"self":[{"href":"https:\/\/www.raschvin.com\/sv\/wp-json\/wp\/v2\/product\/25923","targetHints":{"allow":["GET"]}}],"collection":[{"href":"https:\/\/www.raschvin.com\/sv\/wp-json\/wp\/v2\/product"}],"about":[{"href":"https:\/\/www.raschvin.com\/sv\/wp-json\/wp\/v2\/types\/product"}],"wp:featuredmedia":[{"embeddable":true,"href":"https:\/\/www.raschvin.com\/sv\/wp-json\/wp\/v2\/media\/30096"}],"wp:attachment":[{"href":"https:\/\/www.raschvin.com\/sv\/wp-json\/wp\/v2\/media?parent=25923"}],"wp:term":[{"taxonomy":"product_brand","embeddable":true,"href":"https:\/\/www.raschvin.com\/sv\/wp-json\/wp\/v2\/product_brand?post=25923"},{"taxonomy":"product_cat","embeddable":true,"href":"https:\/\/www.raschvin.com\/sv\/wp-json\/wp\/v2\/product_cat?post=25923"},{"taxonomy":"product_tag","embeddable":true,"href":"https:\/\/www.raschvin.com\/sv\/wp-json\/wp\/v2\/product_tag?post=25923"}],"curies":[{"name":"wp","href":"https:\/\/api.w.org\/{rel}","templated":true}]}}