{"id":25917,"date":"2022-10-01T08:35:18","date_gmt":"2022-10-01T06:35:18","guid":{"rendered":"https:\/\/www.raschvin.com\/produkt\/jose-cuervo-reserva-dlf-extra-anejo\/"},"modified":"2023-03-27T07:59:21","modified_gmt":"2023-03-27T05:59:21","slug":"jose-cuervo-reserva-dlf-extra-anejo","status":"publish","type":"product","link":"https:\/\/www.raschvin.com\/sv\/produkt\/jose-cuervo-reserva-dlf-extra-anejo\/","title":{"rendered":"Jos\u00e9 Cuervo Reserva De La Familia Extra A\u00f1ejo 70 cl. 38%"},"content":{"rendered":"<p>Kvalitet<br \/>\nF\u00e4rg: M\u00f6rk b\u00e4rnsten. Doft: Ek, mandel, mogna \u00e4pplen, oliver och kanel. Smak: Rostad ek, hasseln\u00f6tter, vanilj och en kryddig \u00f6rtighet. Eftersmak: L\u00e5ng och silkeslen.<\/p>\n<div class=\"fs-6 fw-bold mb-2\">Beskrivning<\/div>\n<div class=\"product-detail-description-text\">\n<p>Jose Cuervo Reserva De La Familia introducerades 1995 f\u00f6r att markera destilleriets 200-\u00e5rsjubileum. Det \u00e4r en otroligt exklusiv tequila som, bara n\u00e5gra veckor efter att den f\u00f6rsta \u00e5rg\u00e5ngen kom ut p\u00e5 marknaden, redan var sluts\u00e5ld igen. Den \u00e4r klassad som en extra a\u00f1ejo tequila, vilket inneb\u00e4r att den \u00e4r 100 % agavebaserad och har lagrats i \u00f6ver tre \u00e5r p\u00e5 ekfat. Detta ger tequilan en djupare gyllene f\u00e4rg \u00e4n vanligt och en mer distinkt smak inte olik den som finns i skotsk eller konjak. Lagringen sker \u00e4ven i destilleriets privata k\u00e4llare, som tidigare inhyste familjens eget personliga lager.<\/p>\n<p>Varje \u00e5rg\u00e5ng levererar sin alldeles egna smak och distinkta karakt\u00e4r, men konsistensen \u00e4r alltid silkeslen med djupa och maskulina smaker i stil med l\u00e4der, lakrits och rostade n\u00f6tter. Varje flaska \u00e4r \u00e4ven numrerad och daterad och varje batch har testats av en Cuervo &#8211; familjemedlem.<\/p>\n<p>Jose Cuervo Reserva De La Familia \u00e4r en helt och h\u00e5llet lyxig tequila som levererar p\u00e5 alla parametrar, om den inte direkt bl\u00e5ser dem!<\/p>\n<p><strong>V\u00e4rldens \u00e4ldsta Tequila-m\u00e4rke <\/strong><\/p>\n<p>Vi m\u00e5ste g\u00e5 hela v\u00e4gen tillbaka till 1758 och Mexiko f\u00f6r att hitta det f\u00f6rsta spadtaget i Jose Cuervos historia; det \u00e4r \u00e5ret d\u00e5 Jos\u00e9 Antonio de Cuervo y Vald\u00e9s f\u00e5r en bit av kung Ferdinand VI:s mark f\u00f6r att odla agave och d\u00e4rigenom senare producera tequila. N\u00e4r kungen d\u00f6r bara ett \u00e5r senare tas tronen \u00f6ver av hans halvbror, Carlos III, som senare f\u00f6rbjuder tillverkning av alkohol &#8221;som kan f\u00f6rst\u00f6ra sj\u00e4len&#8221; &#8211; inklusive tequila.<\/p>\n<p><strong>Adj\u00f6 till f\u00f6rbudet <\/strong><\/p>\n<p>1795 kommer dock hans lite mer alkoholv\u00e4nliga son, Carlos VI, till makten och han v\u00e4ljer d\u00e4rf\u00f6r att h\u00e4va sin fars alkoholf\u00f6rbud. Med viss \u00f6desdiger ironi f\u00e5r Jos\u00e9 Cuervos son, Jose Maria Cuervo, d\u00e4rmed den f\u00f6rsta licensen n\u00e5gonsin att producera och s\u00e4lja tequila av ingen mindre \u00e4n kungens son som p\u00e5 sin tid sj\u00e4lv f\u00f6rbj\u00f6d detsamma.<\/p>\n<p><strong>Fr\u00e5n fat till flaska\u00a0 <\/strong><\/p>\n<p>\u00c5r 1852 korsar den f\u00f6rsta s\u00e4ndningen av Jose Cuervo den mexikanska\/amerikanska gr\u00e4nsen i fat fr\u00e5n San Blas, p\u00e5 v\u00e4g \u00e4nda till Kalifornien. Det dr\u00f6jer dock inte l\u00e4nge innan efterfr\u00e5gan p\u00e5 den l\u00e4ckra tequilan har blivit s\u00e5 stor b\u00e5de i hemlandet och i USA att Jose Cuervo som f\u00f6rsta tequilaproducent b\u00f6rjar buteljera tequilan i enskilda flaskor f\u00f6r att underl\u00e4tta transporten. .<\/p>\n<p><strong>B\u00e4sts\u00e4ljande tequila i hela v\u00e4rlden <\/strong><\/p>\n<p>F\u00f6rutom att vara det \u00e4ldsta tequilam\u00e4rket i v\u00e4rlden \u00e4r Jose Cuervo ocks\u00e5 det mest s\u00e5lda, och st\u00e5r f\u00f6r en femtedel av all tequila som konsumeras \u00f6ver hela v\u00e4rlden och en tredjedel av den amerikanska tequilamarknaden. Jose Cuervo \u00e4r fortfarande i familjens v\u00e5rd, och \u00e4r nu i sj\u00e4tte generationen, dock med efternamnet Beckmann ist\u00e4llet f\u00f6r Cuervo.<\/p>\n<\/div>\n","protected":false},"excerpt":{"rendered":"<p>Handcrafted Premium Tequila<\/p>\n","protected":false},"featured_media":30102,"template":"","meta":{"_acf_changed":false,"rs_blank_template":"","rs_page_bg_color":"","slide_template_v7":""},"product_brand":[],"product_cat":[2402,2408],"product_tag":[],"class_list":{"0":"post-25917","1":"product","2":"type-product","3":"status-publish","4":"has-post-thumbnail","6":"product_cat-sprit-sv","7":"product_cat-tequila-mescal-sv","8":"pa_land-mexiko","9":"pa_procent-38-sv","10":"pa_producent-jose-cuervo-tequila-sv","11":"pa_region-tequila-sv","12":"pa_volume-70-sv-2","14":"first","15":"instock","16":"taxable","17":"shipping-taxable","18":"purchasable","19":"product-type-simple"},"bundled_by":[],"bundle_stock_status":"instock","bundle_stock_quantity":null,"bundle_virtual":false,"bundle_layout":"","bundle_add_to_cart_form_location":"","bundle_editable_in_cart":false,"bundle_sold_individually_context":"","bundle_item_grouping":"","bundle_min_size":"","bundle_max_size":"","bundle_price":[],"bundled_items":[],"bundle_sell_ids":[],"acf":[],"_links":{"self":[{"href":"https:\/\/www.raschvin.com\/sv\/wp-json\/wp\/v2\/product\/25917","targetHints":{"allow":["GET"]}}],"collection":[{"href":"https:\/\/www.raschvin.com\/sv\/wp-json\/wp\/v2\/product"}],"about":[{"href":"https:\/\/www.raschvin.com\/sv\/wp-json\/wp\/v2\/types\/product"}],"wp:featuredmedia":[{"embeddable":true,"href":"https:\/\/www.raschvin.com\/sv\/wp-json\/wp\/v2\/media\/30102"}],"wp:attachment":[{"href":"https:\/\/www.raschvin.com\/sv\/wp-json\/wp\/v2\/media?parent=25917"}],"wp:term":[{"taxonomy":"product_brand","embeddable":true,"href":"https:\/\/www.raschvin.com\/sv\/wp-json\/wp\/v2\/product_brand?post=25917"},{"taxonomy":"product_cat","embeddable":true,"href":"https:\/\/www.raschvin.com\/sv\/wp-json\/wp\/v2\/product_cat?post=25917"},{"taxonomy":"product_tag","embeddable":true,"href":"https:\/\/www.raschvin.com\/sv\/wp-json\/wp\/v2\/product_tag?post=25917"}],"curies":[{"name":"wp","href":"https:\/\/api.w.org\/{rel}","templated":true}]}}