{"id":25871,"date":"2022-11-21T11:15:57","date_gmt":"2022-11-21T10:15:57","guid":{"rendered":"https:\/\/www.raschvin.com\/produkt\/jaegermeister-9x2-cl-35\/"},"modified":"2023-03-26T20:49:25","modified_gmt":"2023-03-26T18:49:25","slug":"jaegermeister-9x2-cl-35","status":"publish","type":"product","link":"https:\/\/www.raschvin.com\/sv\/produkt\/jaegermeister-9x2-cl-35\/","title":{"rendered":"J\u00e4germeister 9&#215;2 cl. 35%"},"content":{"rendered":"<p>Termen J\u00e4germeister inf\u00f6rdes i Tyskland 1934 i den nya jaktlagen, som beteckning p\u00e5 en ledande j\u00e4gm\u00e4stare eller skytt i offentlig tj\u00e4nst. N\u00e4r den f\u00f6rsta J\u00e4germeister kom ut p\u00e5 marknaden 1935 var namnet redan bekant f\u00f6r tyskarna. Det var en Curt Mast, ocks\u00e5 en entusiastisk j\u00e4gare, som destillerade och kryddade den ursprungliga J\u00e4germeister och sedan designade logotypen, som visar huvudet p\u00e5 ett r\u00e5djur med ett gl\u00f6dande kristet kors mellan hornen, som en gest till j\u00e4garnas skyddshelgon, Sankt Hubertus . J\u00e4germeister \u00e4r en s\u00e5 kallad Kr\u00e4uterlik\u00f6r i familjen Old Dansk fr\u00e5n Danmark, Unicum fr\u00e5n Ungern, och Becherovka fr\u00e5n Tjeckien, men till skillnad fr\u00e5n dessa \u00e4r J\u00e4germeister mycket s\u00f6tare i profilen. Ingredienserna inkluderar 56 \u00f6rter, frukter, r\u00f6tter och kryddor inklusive citrusskal, lakrits, anis, vallmofr\u00f6n, saffran, ingef\u00e4ra, enb\u00e4r och ginseng. Aromerna utvinns i alkohol och vatten och sedan f\u00e5r \u00f6rten mogna i 12 m\u00e5nader p\u00e5 anv\u00e4nda ekfat. Socker, alkohol och vatten tills\u00e4tts sedan tills alkoholprocenten n\u00e5r 35%, varefter lik\u00f6ren filtreras och buteljeras.<\/p>\n","protected":false},"excerpt":{"rendered":"<p>German Herbal Liqueur-Shot<\/p>\n","protected":false},"featured_media":30066,"template":"","meta":{"_acf_changed":false,"rs_blank_template":"","rs_page_bg_color":"","slide_template_v7":""},"product_brand":[],"product_cat":[2387,4714,2402,2390,2407],"product_tag":[],"class_list":{"0":"post-25871","1":"product","2":"type-product","3":"status-publish","4":"has-post-thumbnail","6":"product_cat-avec-sv","7":"product_cat-ort","8":"product_cat-sprit-sv","9":"product_cat-sprit","10":"product_cat-shots-sv","11":"pa_land-tyskland-sv","12":"pa_procent-35-sv","13":"pa_producent-jaegermeister-sv","14":"pa_volume-18-sv","16":"first","17":"instock","18":"sale","19":"taxable","20":"shipping-taxable","21":"purchasable","22":"product-type-simple"},"bundled_by":[],"bundle_stock_status":"instock","bundle_stock_quantity":null,"bundle_virtual":false,"bundle_layout":"","bundle_add_to_cart_form_location":"","bundle_editable_in_cart":false,"bundle_sold_individually_context":"","bundle_item_grouping":"","bundle_min_size":"","bundle_max_size":"","bundle_price":[],"bundled_items":[],"bundle_sell_ids":[],"acf":[],"_links":{"self":[{"href":"https:\/\/www.raschvin.com\/sv\/wp-json\/wp\/v2\/product\/25871","targetHints":{"allow":["GET"]}}],"collection":[{"href":"https:\/\/www.raschvin.com\/sv\/wp-json\/wp\/v2\/product"}],"about":[{"href":"https:\/\/www.raschvin.com\/sv\/wp-json\/wp\/v2\/types\/product"}],"wp:featuredmedia":[{"embeddable":true,"href":"https:\/\/www.raschvin.com\/sv\/wp-json\/wp\/v2\/media\/30066"}],"wp:attachment":[{"href":"https:\/\/www.raschvin.com\/sv\/wp-json\/wp\/v2\/media?parent=25871"}],"wp:term":[{"taxonomy":"product_brand","embeddable":true,"href":"https:\/\/www.raschvin.com\/sv\/wp-json\/wp\/v2\/product_brand?post=25871"},{"taxonomy":"product_cat","embeddable":true,"href":"https:\/\/www.raschvin.com\/sv\/wp-json\/wp\/v2\/product_cat?post=25871"},{"taxonomy":"product_tag","embeddable":true,"href":"https:\/\/www.raschvin.com\/sv\/wp-json\/wp\/v2\/product_tag?post=25871"}],"curies":[{"name":"wp","href":"https:\/\/api.w.org\/{rel}","templated":true}]}}