{"id":25628,"date":"2022-11-18T14:12:01","date_gmt":"2022-11-18T13:12:01","guid":{"rendered":"https:\/\/www.raschvin.com\/produkt\/grants-triple-wood-original-450-cl-40\/"},"modified":"2023-03-24T15:06:18","modified_gmt":"2023-03-24T14:06:18","slug":"grants-triple-wood-original-450-cl-40","status":"publish","type":"product","link":"https:\/\/www.raschvin.com\/sv\/produkt\/grants-triple-wood-original-450-cl-40\/","title":{"rendered":"Grant\u2019s Triple Wood \u2013 Original 450 cl. 40%"},"content":{"rendered":"<p>M\u00e5nga whisky f\u00e5r sin smak fr\u00e5n bara ett fat, men Grant&#8217;s Triple Wood lagras i tre olika tr\u00e4slag: Virgin Oak-fat bidrar med en kryddig robusthet, American Oak ger en subtil vaniljj\u00e4mnhet och bourbonp\u00e5fyllningsfat erbjuder brunsockers\u00f6tma. Resultatet \u00e4r en sl\u00e4tare, rikare och sl\u00e4tare smak.<br \/>\nGrant&#8217;s Triple Wood, tidigare Grant&#8217;s Family Reserve, har en komplex, ren doft av mogna p\u00e4ron och sommarfrukter. Smaken balanserar fint vaniljs\u00f6tma, malt och l\u00e4tta, blommiga toner. Eftersmaken \u00e4r l\u00e5ng och s\u00f6t med en subtil ton av r\u00f6k.<\/p>\n<p>GRANT&#8217;S<br \/>\n1887 \u00f6ppnade William Grant ett destilleri i Skottland med hj\u00e4lp av sina sju s\u00f6ner och tv\u00e5 d\u00f6ttrar. Fem generationer senare \u00e4r det fortfarande familje\u00e4gt, vilket g\u00f6r f\u00f6retaget till den \u00e4ldsta familje\u00e4gda skotska producenten av blandad whisky.<br \/>\nFamiljen Grant har p\u00e5 m\u00e5nga s\u00e4tt varit pionj\u00e4rer inom marknadsf\u00f6ring och uppbyggnad av ett v\u00e4rldsomsp\u00e4nnande intresse f\u00f6r skotsk whisky. Grant&#8217;s var den f\u00f6rsta whiskyn som marknadsf\u00f6rdes med tv-reklam. 1957 skapades den triangul\u00e4ra flaskan, som blivit en modern stilikon i spritv\u00e4rlden. Den designades av den ber\u00f6mda designern Hans Schleger, som ocks\u00e5 designade den ikoniska Londons tunnelbana.<\/p>\n","protected":false},"excerpt":{"rendered":"<p>Blended Scotch Whisky<\/p>\n","protected":false},"featured_media":29934,"template":"","meta":{"_acf_changed":false,"rs_blank_template":"","rs_page_bg_color":"","slide_template_v7":""},"product_brand":[],"product_cat":[2387,4765,2392],"product_tag":[],"class_list":{"0":"post-25628","1":"product","2":"type-product","3":"status-publish","4":"has-post-thumbnail","6":"product_cat-avec-sv","7":"product_cat-blended-sv","8":"product_cat-whisky-sv","9":"pa_land-skottland","10":"pa_procent-40-sv-2","11":"pa_producent-william-grants-sons-sv","12":"pa_volume-450-sv","14":"first","15":"instock","16":"taxable","17":"shipping-taxable","18":"purchasable","19":"product-type-simple"},"bundled_by":[],"bundle_stock_status":"instock","bundle_stock_quantity":null,"bundle_virtual":false,"bundle_layout":"","bundle_add_to_cart_form_location":"","bundle_editable_in_cart":false,"bundle_sold_individually_context":"","bundle_item_grouping":"","bundle_min_size":"","bundle_max_size":"","bundle_price":[],"bundled_items":[],"bundle_sell_ids":[],"acf":[],"_links":{"self":[{"href":"https:\/\/www.raschvin.com\/sv\/wp-json\/wp\/v2\/product\/25628","targetHints":{"allow":["GET"]}}],"collection":[{"href":"https:\/\/www.raschvin.com\/sv\/wp-json\/wp\/v2\/product"}],"about":[{"href":"https:\/\/www.raschvin.com\/sv\/wp-json\/wp\/v2\/types\/product"}],"wp:featuredmedia":[{"embeddable":true,"href":"https:\/\/www.raschvin.com\/sv\/wp-json\/wp\/v2\/media\/29934"}],"wp:attachment":[{"href":"https:\/\/www.raschvin.com\/sv\/wp-json\/wp\/v2\/media?parent=25628"}],"wp:term":[{"taxonomy":"product_brand","embeddable":true,"href":"https:\/\/www.raschvin.com\/sv\/wp-json\/wp\/v2\/product_brand?post=25628"},{"taxonomy":"product_cat","embeddable":true,"href":"https:\/\/www.raschvin.com\/sv\/wp-json\/wp\/v2\/product_cat?post=25628"},{"taxonomy":"product_tag","embeddable":true,"href":"https:\/\/www.raschvin.com\/sv\/wp-json\/wp\/v2\/product_tag?post=25628"}],"curies":[{"name":"wp","href":"https:\/\/api.w.org\/{rel}","templated":true}]}}