{"id":25619,"date":"2022-11-18T14:02:02","date_gmt":"2022-11-18T13:02:02","guid":{"rendered":"https:\/\/www.raschvin.com\/produkt\/tullamore-dew-35-cl-40\/"},"modified":"2023-04-08T07:31:57","modified_gmt":"2023-04-08T05:31:57","slug":"tullamore-dew-35-cl-40","status":"publish","type":"product","link":"https:\/\/www.raschvin.com\/sv\/produkt\/tullamore-dew-35-cl-40\/","title":{"rendered":"Tullamore Dew 35 cl. 40%"},"content":{"rendered":"<p>Tullamore Dew Irish Whisky kommer fr\u00e5n staden Tullamore p\u00e5 Irland och lanserades 1829. Tullamore Dew \u00e4r den mest s\u00e5lda whiskyn i Danmark och den 2:a mest s\u00e5lda whiskyn i v\u00e4rlden. Tullamore Dew Irish Whisky lagras i 4 \u00e5r p\u00e5 gamla ekfat och g\u00e5r sedan igenom en unik produktion med 3 destillationer och torkning i st\u00e4ngda ugnar. Denna process g\u00f6r att whiskyns naturliga, rena smak tr\u00e4nger in i den f\u00e4rdiga whiskyn. Tullamore Dew Irish Whisky \u00e4r k\u00e4nd f\u00f6r sin mjuka och runda smak, utan r\u00f6kiga undertoner. Smaken kan beskrivas som sofistikerad med en behaglig maltsmak med undertoner av br\u00e4nt tr\u00e4, samt den naturliga smaken av gyllene korn. Tullamore Dew Irish Whisky \u00e4r en supergod whisky f\u00f6r Irish Coffee, d\u00e5 den har sin naturliga mjuka whiskysmak som inte \u00e4r r\u00f6kt. Tullamore Dew kan annars avnjutas snyggt med lite is eller vatten, eller i drycker som whisky och cola.<\/p>\n<p>Tullamore Dew \u00e4r en extremt v\u00e4lk\u00e4nd irl\u00e4ndsk whisky. Den \u00e4r mest k\u00e4nd i Danmark f\u00f6r sitt utseende i den popul\u00e4ra drycken Irish Coffee. Men Tullamore Dew kan ocks\u00e5 l\u00e4tt avnjutas snyggt. Det \u00e4r en bra b\u00f6rjan p\u00e5 att bli introducerad till whiskyv\u00e4rlden, d\u00e5 den \u00e4r mild och inte alls r\u00f6kig. Tullamore Dew \u00e4r gjord av en blandning av maltwhisky och grain whisky som har lagrats en kort tid p\u00e5 fat. Whiskyn \u00e4r trippeldestillerad vilket ger en extra mjuk finess.<\/p>\n<p>Skillnaden mellan irl\u00e4ndsk whisky och skotsk whisky, f\u00f6rutom stavningen, \u00e4r att irl\u00e4ndsk whisky i allm\u00e4nhet destilleras 3 g\u00e5nger, medan skotsk whisky endast destilleras 2 g\u00e5nger. Irl\u00e4ndsk whisky destilleras inte heller \u00f6ver torv som skotsk whisky g\u00f6r, vilket resulterar i att den inte r\u00f6ks alls. Det finns givetvis typer som sticker ut fr\u00e5n regeln, men d\u00e5 n\u00e4mns detta alltid p\u00e5 flaskan.<\/p>\n","protected":false},"excerpt":{"rendered":"<p>Triple Distilled Irish Whiskey<\/p>\n","protected":false},"featured_media":30032,"template":"","meta":{"_acf_changed":false,"rs_blank_template":"","rs_page_bg_color":"","slide_template_v7":""},"product_brand":[],"product_cat":[2387,4765,4768,2392],"product_tag":[],"class_list":{"0":"post-25619","1":"product","2":"type-product","3":"status-publish","4":"has-post-thumbnail","6":"product_cat-avec-sv","7":"product_cat-blended-sv","8":"product_cat-irish-pot-still-sv","9":"product_cat-whisky-sv","10":"pa_land-irland-sv","11":"pa_procent-40-sv-2","12":"pa_producent-tullamore-dew-co-ltd-sv","13":"pa_region-county-offaly-sv","14":"pa_volume-35-sv","16":"first","17":"instock","18":"taxable","19":"shipping-taxable","20":"purchasable","21":"product-type-simple"},"bundled_by":[],"bundle_stock_status":"instock","bundle_stock_quantity":null,"bundle_virtual":false,"bundle_layout":"","bundle_add_to_cart_form_location":"","bundle_editable_in_cart":false,"bundle_sold_individually_context":"","bundle_item_grouping":"","bundle_min_size":"","bundle_max_size":"","bundle_price":[],"bundled_items":[],"bundle_sell_ids":[],"acf":[],"_links":{"self":[{"href":"https:\/\/www.raschvin.com\/sv\/wp-json\/wp\/v2\/product\/25619","targetHints":{"allow":["GET"]}}],"collection":[{"href":"https:\/\/www.raschvin.com\/sv\/wp-json\/wp\/v2\/product"}],"about":[{"href":"https:\/\/www.raschvin.com\/sv\/wp-json\/wp\/v2\/types\/product"}],"wp:featuredmedia":[{"embeddable":true,"href":"https:\/\/www.raschvin.com\/sv\/wp-json\/wp\/v2\/media\/30032"}],"wp:attachment":[{"href":"https:\/\/www.raschvin.com\/sv\/wp-json\/wp\/v2\/media?parent=25619"}],"wp:term":[{"taxonomy":"product_brand","embeddable":true,"href":"https:\/\/www.raschvin.com\/sv\/wp-json\/wp\/v2\/product_brand?post=25619"},{"taxonomy":"product_cat","embeddable":true,"href":"https:\/\/www.raschvin.com\/sv\/wp-json\/wp\/v2\/product_cat?post=25619"},{"taxonomy":"product_tag","embeddable":true,"href":"https:\/\/www.raschvin.com\/sv\/wp-json\/wp\/v2\/product_tag?post=25619"}],"curies":[{"name":"wp","href":"https:\/\/api.w.org\/{rel}","templated":true}]}}