{"id":25580,"date":"2022-11-18T10:46:36","date_gmt":"2022-11-18T09:46:36","guid":{"rendered":"https:\/\/www.raschvin.com\/produkt\/gordons-gin-the-original-70-cl-375\/"},"modified":"2023-03-24T13:48:47","modified_gmt":"2023-03-24T12:48:47","slug":"gordons-gin-the-original-70-cl-375","status":"publish","type":"product","link":"https:\/\/www.raschvin.com\/sv\/produkt\/gordons-gin-the-original-70-cl-375\/","title":{"rendered":"Gordon\u2019s Gin \u2013 The Original 70 cl. 37,5%"},"content":{"rendered":"<p>N\u00e4san \u00e4r tung av laddad enb\u00e4r med en pepprig underton. Koriander lurar ocks\u00e5 p\u00e5 kanterna med en l\u00e4tt hint eller citrus- och mentolkarakt\u00e4r.Klassisk.<br \/>\nI en v\u00e4rld av premium-lyxgin \u00e4r det ofta l\u00e4tt att ta en baks\u00e4tet till de st\u00f6rre pojkarna. L\u00e5t oss inte gl\u00f6mma att Gordon&#8217;s Gin \u00e4r en Diageo-produkt, samma som Tanqueray. S\u00e5 \u00e4ven om det \u00e4r olika produkter s\u00e5 \u00e4r de faktiskt i samma lag. Det \u00e4r ocks\u00e5 v\u00e4rt att notera att Gordon&#8217;s Gin \u00e4r James Guns valfrihet \u2013 s\u00e5 om det \u00e4r tillr\u00e4ckligt bra f\u00f6r en internationell superspion med licens att d\u00f6da, \u00e4r det tillr\u00e4ckligt bra f\u00f6r oss h\u00e4r i Liquor Town.<br \/>\nReceptet p\u00e5 Gordons \u00e4r k\u00e4nt f\u00f6r endast tolv personer i v\u00e4rlden och har h\u00e5llits hemligt i 250 \u00e5r. Tredestillerad, ginen inneh\u00e5ller enb\u00e4r, korianderfr\u00f6n, oregano, lakrits, orrisrot, apelsin och citronskal. Det tar tio dagars destillation efter att man f\u00e5tt vetet f\u00f6r att skapa en f\u00e4rdig produkt av en flaska Gordon&#8217;s Gin. Gordons recept skilde sig fr\u00e5n andra p\u00e5 den tiden genom att det inte tillsatte socker, vilket andra destillat\u00f6rer hade anv\u00e4nt f\u00f6r att d\u00f6lja orenheter. Detta gjorde det till en &#8221;torr&#8221; gin.<\/p>\n","protected":false},"excerpt":{"rendered":"<p>London Dry Gin<\/p>\n","protected":false},"featured_media":29916,"template":"","meta":{"_acf_changed":false,"rs_blank_template":"","rs_page_bg_color":"","slide_template_v7":""},"product_brand":[],"product_cat":[4688,2402,2404],"product_tag":[],"class_list":{"0":"post-25580","1":"product","2":"type-product","3":"status-publish","4":"has-post-thumbnail","6":"product_cat-london-dry-sv","7":"product_cat-sprit-sv","8":"product_cat-gin-sv","9":"pa_land-england-sv","10":"pa_procent-37-5-sv","11":"pa_producent-diageo-sv","12":"pa_volume-70-sv-2","14":"first","15":"instock","16":"taxable","17":"shipping-taxable","18":"purchasable","19":"product-type-simple"},"bundled_by":[],"bundle_stock_status":"instock","bundle_stock_quantity":null,"bundle_virtual":false,"bundle_layout":"","bundle_add_to_cart_form_location":"","bundle_editable_in_cart":false,"bundle_sold_individually_context":"","bundle_item_grouping":"","bundle_min_size":"","bundle_max_size":"","bundle_price":[],"bundled_items":[],"bundle_sell_ids":[],"acf":[],"_links":{"self":[{"href":"https:\/\/www.raschvin.com\/sv\/wp-json\/wp\/v2\/product\/25580","targetHints":{"allow":["GET"]}}],"collection":[{"href":"https:\/\/www.raschvin.com\/sv\/wp-json\/wp\/v2\/product"}],"about":[{"href":"https:\/\/www.raschvin.com\/sv\/wp-json\/wp\/v2\/types\/product"}],"wp:featuredmedia":[{"embeddable":true,"href":"https:\/\/www.raschvin.com\/sv\/wp-json\/wp\/v2\/media\/29916"}],"wp:attachment":[{"href":"https:\/\/www.raschvin.com\/sv\/wp-json\/wp\/v2\/media?parent=25580"}],"wp:term":[{"taxonomy":"product_brand","embeddable":true,"href":"https:\/\/www.raschvin.com\/sv\/wp-json\/wp\/v2\/product_brand?post=25580"},{"taxonomy":"product_cat","embeddable":true,"href":"https:\/\/www.raschvin.com\/sv\/wp-json\/wp\/v2\/product_cat?post=25580"},{"taxonomy":"product_tag","embeddable":true,"href":"https:\/\/www.raschvin.com\/sv\/wp-json\/wp\/v2\/product_tag?post=25580"}],"curies":[{"name":"wp","href":"https:\/\/api.w.org\/{rel}","templated":true}]}}