{"id":25403,"date":"2022-11-17T16:50:17","date_gmt":"2022-11-17T15:50:17","guid":{"rendered":"https:\/\/www.raschvin.com\/produkt\/g-vine-nouaison-reserve-gin-70-cl-42\/"},"modified":"2023-03-23T18:18:42","modified_gmt":"2023-03-23T17:18:42","slug":"g-vine-nouaison-reserve-gin-70-cl-42","status":"publish","type":"product","link":"https:\/\/www.raschvin.com\/sv\/produkt\/g-vine-nouaison-reserve-gin-70-cl-42\/","title":{"rendered":"G Vine &#8211; Nouaison Reserve Gin 70 cl. 42%"},"content":{"rendered":"<p>Nouaison Gin Reserve, av G&#8217;Vine \u00e4r en fransk gin fr\u00e5n Cognac-omr\u00e5det. Ginen \u00e4r gjord av 14 olika \u00f6rter och kryddor. Det som g\u00f6r Nouaison Gin Reserve v\u00e4ldigt speciellt \u00e4r att basspriten \u00e4r baserad p\u00e5 druvor, till skillnad fr\u00e5n de flesta andra gin som anv\u00e4nder vete eller andra spannm\u00e5l, och att den \u00e4r fatlagrad. Fatlagringen sker p\u00e5 Cognacfat fr\u00e5n Domaine Le P\u00e9rat, och ger en elegant l\u00e4cker gin som kan avnjutas ensam eller \u00f6ver is. Druvan som anv\u00e4nds \u00e4r i f\u00f6rsta hand Ugni Blanc (det anv\u00e4nds \u00e4ven chardonnay och viognier), som destilleras till 96,4%, varefter den masseras med olika \u00f6rter och ingredienser, bland annat gr\u00f6nsk\u00f6rdade druvor. Ginen batchdestilleras sedan med \u00f6vriga ingredienser i en 250 liters Charentais-kokare. Sj\u00e4lva frukts\u00e4ttningsprocessen under vinodling \u00e4r k\u00e4nd som &#8217;Nouaison&#8217; p\u00e5 franska, fr\u00e5n vilket ginen ocks\u00e5 har f\u00e5tt sitt namn. Det vill s\u00e4ga d\u00e4r blomningen \u00f6verg\u00e5r till knoppar som bildar de tidiga druvorna. Det \u00e4r en koncentration av energi, och med sina 45 % \u00e4r ginen stark och kryddig och har en intensiv ton av enb\u00e4r, samt en koncentration som ger en fantastisk zest till en gin\/tonic eller en dry martini. Det finns ocks\u00e5 l\u00e4ckra toner av bergamott, katrinplommon, svartpeppar fr\u00e5n java och vitiveria (l\u00e4tt gr\u00e4sig ton). Nouaison Gin Reserve \u00e4r utm\u00e4rkt f\u00f6r en Negroni (3 cl Nouaison Reserve, 3 cl Sweet vermouth och 3 cl Bitter) eller f\u00f6r en kunglig Negroni (4,5 cl Nouaison Gin Reserve, 4,5 cl La Quintinye Vermouth Royal Rouge och 2 klick orange bitter).<\/p>\n","protected":false},"excerpt":{"rendered":"<p>Gin Matured In Cognac Cask &#8211; France <\/p>\n","protected":false},"featured_media":29872,"template":"","meta":{"_acf_changed":false,"rs_blank_template":"","rs_page_bg_color":"","slide_template_v7":""},"product_brand":[],"product_cat":[2402,2404],"product_tag":[],"class_list":{"0":"post-25403","1":"product","2":"type-product","3":"status-publish","4":"has-post-thumbnail","6":"product_cat-sprit-sv","7":"product_cat-gin-sv","8":"pa_land-frankrike","9":"pa_procent-42-sv","10":"pa_producent-g-vine-sv","11":"pa_traefad-cognac-cask-sv","12":"pa_volume-70-sv-2","14":"first","15":"instock","16":"taxable","17":"shipping-taxable","18":"purchasable","19":"product-type-simple"},"bundled_by":[],"bundle_stock_status":"instock","bundle_stock_quantity":null,"bundle_virtual":false,"bundle_layout":"","bundle_add_to_cart_form_location":"","bundle_editable_in_cart":false,"bundle_sold_individually_context":"","bundle_item_grouping":"","bundle_min_size":"","bundle_max_size":"","bundle_price":[],"bundled_items":[],"bundle_sell_ids":[],"acf":[],"_links":{"self":[{"href":"https:\/\/www.raschvin.com\/sv\/wp-json\/wp\/v2\/product\/25403","targetHints":{"allow":["GET"]}}],"collection":[{"href":"https:\/\/www.raschvin.com\/sv\/wp-json\/wp\/v2\/product"}],"about":[{"href":"https:\/\/www.raschvin.com\/sv\/wp-json\/wp\/v2\/types\/product"}],"wp:featuredmedia":[{"embeddable":true,"href":"https:\/\/www.raschvin.com\/sv\/wp-json\/wp\/v2\/media\/29872"}],"wp:attachment":[{"href":"https:\/\/www.raschvin.com\/sv\/wp-json\/wp\/v2\/media?parent=25403"}],"wp:term":[{"taxonomy":"product_brand","embeddable":true,"href":"https:\/\/www.raschvin.com\/sv\/wp-json\/wp\/v2\/product_brand?post=25403"},{"taxonomy":"product_cat","embeddable":true,"href":"https:\/\/www.raschvin.com\/sv\/wp-json\/wp\/v2\/product_cat?post=25403"},{"taxonomy":"product_tag","embeddable":true,"href":"https:\/\/www.raschvin.com\/sv\/wp-json\/wp\/v2\/product_tag?post=25403"}],"curies":[{"name":"wp","href":"https:\/\/api.w.org\/{rel}","templated":true}]}}