{"id":25391,"date":"2022-11-17T15:28:58","date_gmt":"2022-11-17T14:28:58","guid":{"rendered":"https:\/\/www.raschvin.com\/produkt\/cognac-frapin-extra-grande-champ-1er-cru\/"},"modified":"2023-03-16T08:16:41","modified_gmt":"2023-03-16T07:16:41","slug":"cognac-frapin-extra-grande-champ-1er-cru","status":"publish","type":"product","link":"https:\/\/www.raschvin.com\/sv\/produkt\/cognac-frapin-extra-grande-champ-1er-cru\/","title":{"rendered":"Cognac Frapin &#8211; Extra Grande Champ. 1er Cru 70 cl. 40%"},"content":{"rendered":"<p>Om produkten<br \/>\nCognac Frapin Extra (Extra Old Quality) kommer exklusivt fr\u00e5n &#8221;Grande Champagne&#8221; 1st Cru du Cognac. Den best\u00e5r uteslutande av konjak fr\u00e5n familjens &#8221;Reserve Ancestrale&#8221;, som samlar n\u00e5gra av de \u00e4ldsta och b\u00e4sta konjakarna &#8211; n\u00e5gra av dem \u00e4r \u00f6ver 100 \u00e5r gamla &#8211; som g\u00e5tt i arv i flera generationer. All konjak i denna R\u00e9serve \u00e4r destillerad fr\u00e5n utvalda viner fr\u00e5n de b\u00e4sta odlingarna p\u00e5 g\u00e5rden, och mognade p\u00e5 ekfat fr\u00e5n Limousinskogarna, som ligger drygt 100 km bort. fr\u00e5n g\u00e5rden. Tr\u00e4et har ett mycket l\u00e5gt inneh\u00e5ll av garvsyra, och det \u00e4r bl.a. vistelsen i dessa limousinfat som ger denna Cognac Extra dess uts\u00f6kta och eleganta, rundade smak.<\/p>\n<p>Cognac Extra anses vara Frapins flaggskepp. Redan f\u00e4rgen avsl\u00f6jar koncentration och l\u00e5ng mognad p\u00e5 fat, med vackra nyanser av koppar och mahogny. Doften \u00e4r extremt komplex och delikat. H\u00e4r hittar du djupa, krispiga nyanser av inlagda aprikoser, plommon och apelsiner samt mogna &#8221;rancio&#8221;-toner som bara utvecklas i \u00e4ldre konjak. Rancio samlar toner av torkade blommor, torkad frukt, l\u00e4der och cigarrl\u00e5da. Smaken erbjuder n\u00e5gra av de nyanser du ocks\u00e5 hittar i doften, men det \u00e4r framf\u00f6r allt de l\u00e5nga, subtila och delikata tonerna som vinner, v\u00e4l insvepta i l\u00e4ckra, fruktiga och exotiska nyanser. Cognac Extra har b\u00e5de mjukhet, charm och nerv!<\/p>\n<p>Cognac Extra har bl.a. uppn\u00e5tt f\u00f6ljande po\u00e4ng:<br \/>\n97\/100 p\u00e5 Ultimate Spirits Chal. 2017 (ordf\u00f6randepokalen)<br \/>\n99\/100 p\u00e5 Guide Gilbert &#038; Gaillard<br \/>\nGuld p\u00e5 Internationaler Spirituosen<br \/>\nGuld p\u00e5 International Spirits Challenge<br \/>\nGuld p\u00e5 World Cognac Awards (B\u00e4sta XO\/EXTRA 2021)<\/p>\n","protected":false},"excerpt":{"rendered":"<p>Premium Quality Cognac \u2013 Frapin<\/p>\n","protected":false},"featured_media":29830,"template":"","meta":{"_acf_changed":false,"rs_blank_template":"","rs_page_bg_color":"","slide_template_v7":""},"product_brand":[],"product_cat":[2387,2389,4800],"product_tag":[],"class_list":{"0":"post-25391","1":"product","2":"type-product","3":"status-publish","4":"has-post-thumbnail","6":"product_cat-avec-sv","7":"product_cat-cognac-sv","8":"product_cat-x-x-o-sv","9":"pa_land-frankrike","10":"pa_procent-40-sv-2","11":"pa_producent-frapin-sv","12":"pa_region-cognac-sv","13":"pa_volume-70-sv-2","15":"first","16":"instock","17":"sale","18":"taxable","19":"shipping-taxable","20":"purchasable","21":"product-type-simple"},"bundled_by":[],"bundle_stock_status":"instock","bundle_stock_quantity":null,"bundle_virtual":false,"bundle_layout":"","bundle_add_to_cart_form_location":"","bundle_editable_in_cart":false,"bundle_sold_individually_context":"","bundle_item_grouping":"","bundle_min_size":"","bundle_max_size":"","bundle_price":[],"bundled_items":[],"bundle_sell_ids":[],"acf":[],"_links":{"self":[{"href":"https:\/\/www.raschvin.com\/sv\/wp-json\/wp\/v2\/product\/25391","targetHints":{"allow":["GET"]}}],"collection":[{"href":"https:\/\/www.raschvin.com\/sv\/wp-json\/wp\/v2\/product"}],"about":[{"href":"https:\/\/www.raschvin.com\/sv\/wp-json\/wp\/v2\/types\/product"}],"wp:featuredmedia":[{"embeddable":true,"href":"https:\/\/www.raschvin.com\/sv\/wp-json\/wp\/v2\/media\/29830"}],"wp:attachment":[{"href":"https:\/\/www.raschvin.com\/sv\/wp-json\/wp\/v2\/media?parent=25391"}],"wp:term":[{"taxonomy":"product_brand","embeddable":true,"href":"https:\/\/www.raschvin.com\/sv\/wp-json\/wp\/v2\/product_brand?post=25391"},{"taxonomy":"product_cat","embeddable":true,"href":"https:\/\/www.raschvin.com\/sv\/wp-json\/wp\/v2\/product_cat?post=25391"},{"taxonomy":"product_tag","embeddable":true,"href":"https:\/\/www.raschvin.com\/sv\/wp-json\/wp\/v2\/product_tag?post=25391"}],"curies":[{"name":"wp","href":"https:\/\/api.w.org\/{rel}","templated":true}]}}