{"id":25387,"date":"2022-11-17T15:21:01","date_gmt":"2022-11-17T14:21:01","guid":{"rendered":"https:\/\/www.raschvin.com\/produkt\/cognac-frapin-xo-vip-grand-champ-1er-cru-70-cl-40\/"},"modified":"2023-01-26T13:56:36","modified_gmt":"2023-01-26T12:56:36","slug":"cognac-frapin-xo-vip-grand-champ-1er-cru-70-cl-40","status":"publish","type":"product","link":"https:\/\/www.raschvin.com\/sv\/produkt\/cognac-frapin-xo-vip-grand-champ-1er-cru-70-cl-40\/","title":{"rendered":"Cognac Frapin &#8211; VIP XO Grand Champ. 1er Cru 70 cl. 40%"},"content":{"rendered":"<p>Cognac Frapin V.I.P-X.O. (Extra Old Quality) kommer endast fr\u00e5n &#8221;Grande Champagne&#8221;. Som f\u00f6lja af Frapins store 1. Cru jordbesiddelser anv\u00e4nds endast Cognac, som samtidigt klassificeras som 1. Cru till denna Cognac. Den \u00e4r sammansatt af Cognac af starkt varierande al. Hennes anv\u00e4ndarman bl.a. n\u00e5gra af de \u00e6ldste cognac\u2019er fra familiens \u2018Reserve\u2019 \u2013 n\u00e5gra \u00e4r \u00f6ver 100 \u00e5r gamla, lagret i fade tillverkat af egetr\u00e6 fra Limousin-skovene, der ligger godt 100 km. fr\u00e5n godset. Detta egetr\u00e6 har et mycket lavt inneh\u00e5ll af garvesyre, och det \u00e4r bl.a. opholdet i disse limousin-fade, som er med til at give denne 1. Cru du Cognac sin uds\u00f8gte og elegant afrundede smag. V.I.P-X.O. \u00e4r absolut en af \u200b\u200bde b\u00e4sta Cognac&#8217;er fra Frapin med massor av fylde och finesser och samtidigt en sj\u00e6lden frugtbouquet och en charmerende bl\u00f8dhed. Den byder p\u00e5 nuancer af syltede frugter (abrikos, appelsin, blomma), t\u00f8rrede frugter (valn\u00f8dder, hasseln\u00f8dder), m\u00f6rk chokolade, kaffe, exotiska tr\u00e4 och det karakteristiska &#8217;rancio&#8217;-karakter, som kan komma fram i mycket gamla cognac. presenterat i en mycket eksklusiv glaskaraffel \u2013 en reproduktion af den man anv\u00e4nde til Cognac i det 16. \u00e5rh. \u2013 och er paket i en flot gave\u00e6ske.<\/p>\n","protected":false},"excerpt":{"rendered":"<p>Premium Quality Cognac \u2013 Frapin<\/p>\n","protected":false},"featured_media":29850,"template":"","meta":{"_acf_changed":false,"rs_blank_template":"","rs_page_bg_color":"","slide_template_v7":""},"product_brand":[],"product_cat":[2387,2389,4600],"product_tag":[],"class_list":{"0":"post-25387","1":"product","2":"type-product","3":"status-publish","4":"has-post-thumbnail","6":"product_cat-avec-sv","7":"product_cat-cognac-sv","8":"product_cat-x-o-sv","9":"pa_land-frankrike","10":"pa_procent-40-sv-2","11":"pa_producent-frapin-sv","12":"pa_region-cognac-sv","13":"pa_volume-70-sv-2","15":"first","16":"instock","17":"sale","18":"taxable","19":"shipping-taxable","20":"purchasable","21":"product-type-simple"},"bundled_by":[],"bundle_stock_status":"instock","bundle_stock_quantity":null,"bundle_virtual":false,"bundle_layout":"","bundle_add_to_cart_form_location":"","bundle_editable_in_cart":false,"bundle_sold_individually_context":"","bundle_item_grouping":"","bundle_min_size":"","bundle_max_size":"","bundle_price":[],"bundled_items":[],"bundle_sell_ids":[],"acf":[],"_links":{"self":[{"href":"https:\/\/www.raschvin.com\/sv\/wp-json\/wp\/v2\/product\/25387","targetHints":{"allow":["GET"]}}],"collection":[{"href":"https:\/\/www.raschvin.com\/sv\/wp-json\/wp\/v2\/product"}],"about":[{"href":"https:\/\/www.raschvin.com\/sv\/wp-json\/wp\/v2\/types\/product"}],"wp:featuredmedia":[{"embeddable":true,"href":"https:\/\/www.raschvin.com\/sv\/wp-json\/wp\/v2\/media\/29850"}],"wp:attachment":[{"href":"https:\/\/www.raschvin.com\/sv\/wp-json\/wp\/v2\/media?parent=25387"}],"wp:term":[{"taxonomy":"product_brand","embeddable":true,"href":"https:\/\/www.raschvin.com\/sv\/wp-json\/wp\/v2\/product_brand?post=25387"},{"taxonomy":"product_cat","embeddable":true,"href":"https:\/\/www.raschvin.com\/sv\/wp-json\/wp\/v2\/product_cat?post=25387"},{"taxonomy":"product_tag","embeddable":true,"href":"https:\/\/www.raschvin.com\/sv\/wp-json\/wp\/v2\/product_tag?post=25387"}],"curies":[{"name":"wp","href":"https:\/\/api.w.org\/{rel}","templated":true}]}}