{"id":25319,"date":"2022-09-30T15:14:06","date_gmt":"2022-09-30T13:14:06","guid":{"rendered":"https:\/\/www.raschvin.com\/produkt\/el-tequileno-reposado-rare\/"},"modified":"2023-04-07T15:22:07","modified_gmt":"2023-04-07T13:22:07","slug":"el-tequileno-reposado-rare","status":"publish","type":"product","link":"https:\/\/www.raschvin.com\/sv\/produkt\/el-tequileno-reposado-rare\/","title":{"rendered":"Tequila El Tequile\u00f1o &#8211; Reposado Rare 70 cl. 40%"},"content":{"rendered":"<p>Denna tequila fr\u00e5n det prestigefyllda destilleriet Tequile\u00f1o har lagrats i hela 6 \u00e5r och 4 m\u00e5nader \u2013 en extremt l\u00e5ng tid f\u00f6r en tequila! Den absoluta cr\u00e8me de la cr\u00e8me i tequila.<\/p>\n<p>Doft<\/p>\n<p>Vanilj, honung, bakad agave och en mjuk touch av svartpeppar.<\/p>\n<p>Smak<\/p>\n<p>Marsipan, l\u00e4tt krydda med toner av s\u00f6t agave och ek fr\u00e5n fatet.<\/p>\n<p>Om produkten<br \/>\nV\u00e4rldens f\u00f6rsta Reposado Rare. Denna begr\u00e4nsade och exklusiva release inneh\u00e5ller tequila som har lagrats i hela 6 \u00e5r och 4 m\u00e5nader p\u00e5 s\u00e5 kallade Pip\u00f3n-fat av amerikansk ek. Normalt sett skulle den l\u00e5nga lagringen kvalificera tequilan f\u00f6r den h\u00f6gt ansedda kategorin Extra A\u00f1ejo, som anv\u00e4nds f\u00f6r tequila som \u00e4r \u00e4ldre \u00e4n 3 \u00e5r. Men enligt mexikansk lag f\u00e5r man inte kalla en tequila f\u00f6r A\u00f1ejo och Extra A\u00f1ejo om den har lagrats p\u00e5 fat med en kapacitet p\u00e5 mer \u00e4n 600 liter. Pip\u00f3n fat har en kapacitet p\u00e5 24 000 liter, och ligger d\u00e4rmed l\u00e5ngt \u00f6ver maxgr\u00e4nsen.<\/p>\n<p>Destilleriet har d\u00e4rf\u00f6r ist\u00e4llet anv\u00e4nt termen Reposado Rare f\u00f6r denna exceptionella tequila, av vilken endast ett mycket litet antal n\u00e5tt hit till landet. Anledningen till att man v\u00e4ljer de stora Pip\u00f3n-faten \u00e4r att den till\u00e5ter en helt annan smakprofil \u00e4n vad man normalt f\u00e5r med l\u00e5ngtidslagrad tequila: en normal extra a\u00f1ejo skulle efter 6 \u00e5rs lagring ha v\u00e4ldigt lite av sin naturliga agavesmak kvar , medan eknoterna fr\u00e5n fatet skulle vara mycket dominerande. Denna Reposado Rare har som sagt lagrats p\u00e5 ett mycket st\u00f6rre fat, och d\u00e4rmed har det blivit mycket mindre kontakt med eken p\u00e5 fatet. Detta har resulterat i att den \u2013 trots sin l\u00e5nga lagringstid \u2013 fortfarande har beh\u00e5llit mycket av sin agavesmak. Detta resulterar i en tequila som \u00e4r extremt nyanserad och som varken domineras av agave eller fat.<\/p>\n<p>El Tequile\u00f1o Reposado Rare sl\u00e4pps till ett ABV p\u00e5 40% och \u00e4r gjord av 100% bl\u00e5 agave fr\u00e5n h\u00f6glandet i Jalisco.<\/p>\n<p>Om El Tequileno<br \/>\nTequile\u00f1o \u00e4r ett av de mest respekterade och popul\u00e4ra premium tequilam\u00e4rkena i v\u00e4rlden. Och inte utan anledning \u2013 destilleriet grundades 1959 av Don Jorge Salles Cuervo i staden Tequila, Mexiko. Destilleriet har f\u00e5tt sitt namn fr\u00e5n staden \u2013 ett namn som inte \u00e4r helt tillf\u00e4lligt. Eftersom staden Tequila \u00e4r platsen d\u00e4r den agavebaserade spriten f\u00f6rst destillerades, och det \u00e4r ocks\u00e5 d\u00e4r drycken har f\u00e5tt sitt namn.<\/p>\n<p>Ut\u00f6ver detta historiska arv \u00e4r Tequile\u00f1o ocks\u00e5 speciell genom att det \u00e4r ett av ytterst f\u00e5 tequiladestillerier som sl\u00e4pper sin tequila under eget namn. Normalt inom tequilaindustrin s\u00e4ljer destillerierna sin tequila till oberoende buteljerare, som sedan s\u00e4ljer den under sitt eget namn. Tequile\u00f1o sk\u00f6ter hela processen sj\u00e4lv \u2013 fr\u00e5n att plantera och sk\u00f6rda den bl\u00e5 agaven, till att blanda och buteljera den slutliga tequiladrycken.<\/p>\n<p>Tequile\u00f1o ger idag ut ett antal olika tequilas: Under 1959 \u00e5rs premiumlinje hittar du klassiker som blanco, reposado, cristalino och a\u00f1ejo; och f\u00f6r den som vill ha ett mer ekonomiskt och dryckesfokuserat alternativ hittar du en blanco och reposado.<\/p>\n","protected":false},"excerpt":{"rendered":"<p>Premium 100% Agave Tequila<\/p>\n","protected":false},"featured_media":29844,"template":"","meta":{"_acf_changed":false,"rs_blank_template":"","rs_page_bg_color":"","slide_template_v7":""},"product_brand":[],"product_cat":[2402,2408],"product_tag":[],"class_list":{"0":"post-25319","1":"product","2":"type-product","3":"status-publish","4":"has-post-thumbnail","6":"product_cat-sprit-sv","7":"product_cat-tequila-mescal-sv","8":"pa_champagne-type-reposado-rare-sv","9":"pa_land-mexiko","10":"pa_procent-40-sv-2","11":"pa_producent-el-tequileno-sv","12":"pa_region-tequila-sv","13":"pa_volume-70-sv-2","15":"first","16":"outofstock","17":"taxable","18":"shipping-taxable","19":"purchasable","20":"product-type-simple"},"bundled_by":[],"bundle_stock_status":"outofstock","bundle_stock_quantity":null,"bundle_virtual":false,"bundle_layout":"","bundle_add_to_cart_form_location":"","bundle_editable_in_cart":false,"bundle_sold_individually_context":"","bundle_item_grouping":"","bundle_min_size":"","bundle_max_size":"","bundle_price":[],"bundled_items":[],"bundle_sell_ids":[],"acf":[],"_links":{"self":[{"href":"https:\/\/www.raschvin.com\/sv\/wp-json\/wp\/v2\/product\/25319","targetHints":{"allow":["GET"]}}],"collection":[{"href":"https:\/\/www.raschvin.com\/sv\/wp-json\/wp\/v2\/product"}],"about":[{"href":"https:\/\/www.raschvin.com\/sv\/wp-json\/wp\/v2\/types\/product"}],"wp:featuredmedia":[{"embeddable":true,"href":"https:\/\/www.raschvin.com\/sv\/wp-json\/wp\/v2\/media\/29844"}],"wp:attachment":[{"href":"https:\/\/www.raschvin.com\/sv\/wp-json\/wp\/v2\/media?parent=25319"}],"wp:term":[{"taxonomy":"product_brand","embeddable":true,"href":"https:\/\/www.raschvin.com\/sv\/wp-json\/wp\/v2\/product_brand?post=25319"},{"taxonomy":"product_cat","embeddable":true,"href":"https:\/\/www.raschvin.com\/sv\/wp-json\/wp\/v2\/product_cat?post=25319"},{"taxonomy":"product_tag","embeddable":true,"href":"https:\/\/www.raschvin.com\/sv\/wp-json\/wp\/v2\/product_tag?post=25319"}],"curies":[{"name":"wp","href":"https:\/\/api.w.org\/{rel}","templated":true}]}}