{"id":25316,"date":"2022-09-30T15:03:51","date_gmt":"2022-09-30T13:03:51","guid":{"rendered":"https:\/\/www.raschvin.com\/produkt\/el-tequileno-reposado-gran-reserva\/"},"modified":"2023-04-07T15:17:34","modified_gmt":"2023-04-07T13:17:34","slug":"el-tequileno-reposado-gran-reserva","status":"publish","type":"product","link":"https:\/\/www.raschvin.com\/sv\/produkt\/el-tequileno-reposado-gran-reserva\/","title":{"rendered":"Tequila El Tequile\u00f1o &#8211; Reposado Gran Reserva 70 cl. 40%"},"content":{"rendered":"<p>En utm\u00e4rkt och perfekt balanserad reposado tequila gjord p\u00e5 100% agave. Ett absolut m\u00e5ste f\u00f6r alla tequila\u00e4lskare!<\/p>\n<p>Doft<\/p>\n<p>Banan, karamelliserat p\u00e4ron, muskotn\u00f6t, vanilj och kola.<\/p>\n<p>Smak<\/p>\n<p>Ljusa ekollon, vanilj, krydda, kola, macadamian\u00f6tter.<\/p>\n<p>Om produkten<br \/>\nEl Tequile\u00f1o Reposado Gran Reserva har lagrats i minst 8 m\u00e5nader p\u00e5 amerikanska ekfat, och har d\u00e4refter blandats med en liten m\u00e4ngd a\u00f1ejo tequila lagrad p\u00e5 amerikanska ekfat. Dess rika agavesmak kan avnjutas p\u00e5 egen hand eller (f\u00f6r den v\u00e5gade cocktailentusiasten) blandas ihop till en cocktail till ditt hj\u00e4rta. Spriten \u00e4r gjord av 100% bl\u00e5 agave.<\/p>\n<p>El Tequile\u00f1o Reposado Gran Reserva \u00e4r en s\u00e5 kallad reposado tequila, och har allts\u00e5 lagrats p\u00e5 fat under en period mellan 2 m\u00e5nader och upp till 1 \u00e5r. Reposado tequila har oftast f\u00e5tt andra egenskaper fr\u00e5n faten som den \u00e4r placerad i, och agavesmaken kompletteras d\u00e4rmed av jord- och tr\u00e4toner.<\/p>\n<p>El Tequile\u00f1o Reposado Gran Reserva sl\u00e4pps till ett ABV p\u00e5 40 %.<\/p>\n<p>Om El Tequileno<br \/>\nTequile\u00f1o \u00e4r ett av de mest respekterade och popul\u00e4ra premium tequilam\u00e4rkena i v\u00e4rlden. Och inte utan anledning \u2013 destilleriet grundades 1959 av Don Jorge Salles Cuervo i staden Tequila, Mexiko. Destilleriet har f\u00e5tt sitt namn fr\u00e5n staden \u2013 ett namn som inte \u00e4r helt tillf\u00e4lligt. Eftersom staden Tequila \u00e4r platsen d\u00e4r den agavebaserade spriten f\u00f6rst destillerades, och det \u00e4r ocks\u00e5 d\u00e4r drycken har f\u00e5tt sitt namn.<\/p>\n<p>Ut\u00f6ver detta historiska arv \u00e4r Tequile\u00f1o ocks\u00e5 speciell genom att det \u00e4r ett av ytterst f\u00e5 tequiladestillerier som sl\u00e4pper sin tequila under eget namn. Normalt inom tequilaindustrin s\u00e4ljer destillerierna sin tequila till oberoende buteljerare, som sedan s\u00e4ljer den under sitt eget namn. Tequile\u00f1o sk\u00f6ter hela processen sj\u00e4lv \u2013 fr\u00e5n att plantera och sk\u00f6rda den bl\u00e5 agaven, till att blanda och buteljera den slutliga tequiladrycken.<\/p>\n<p>Tequile\u00f1o ger idag ut ett antal olika tequilas: Under 1959 \u00e5rs premiumlinje hittar du klassiker som blanco, reposado, cristalino och a\u00f1ejo; och f\u00f6r den som vill ha ett mer ekonomiskt och dryckesfokuserat alternativ hittar du en blanco och reposado.<\/p>\n","protected":false},"excerpt":{"rendered":"<p>Premium 100% Agave Tequila<\/p>\n","protected":false},"featured_media":29908,"template":"","meta":{"_acf_changed":false,"rs_blank_template":"","rs_page_bg_color":"","slide_template_v7":""},"product_brand":[],"product_cat":[2402,2408],"product_tag":[],"class_list":{"0":"post-25316","1":"product","2":"type-product","3":"status-publish","4":"has-post-thumbnail","6":"product_cat-sprit-sv","7":"product_cat-tequila-mescal-sv","8":"pa_champagne-type-reposado-sv","9":"pa_land-mexiko","10":"pa_procent-40-sv-2","11":"pa_producent-el-tequileno-sv","12":"pa_region-tequila-sv","13":"pa_volume-70-sv-2","15":"first","16":"outofstock","17":"sale","18":"taxable","19":"shipping-taxable","20":"purchasable","21":"product-type-simple"},"bundled_by":[],"bundle_stock_status":"outofstock","bundle_stock_quantity":null,"bundle_virtual":false,"bundle_layout":"","bundle_add_to_cart_form_location":"","bundle_editable_in_cart":false,"bundle_sold_individually_context":"","bundle_item_grouping":"","bundle_min_size":"","bundle_max_size":"","bundle_price":[],"bundled_items":[],"bundle_sell_ids":[],"acf":[],"_links":{"self":[{"href":"https:\/\/www.raschvin.com\/sv\/wp-json\/wp\/v2\/product\/25316","targetHints":{"allow":["GET"]}}],"collection":[{"href":"https:\/\/www.raschvin.com\/sv\/wp-json\/wp\/v2\/product"}],"about":[{"href":"https:\/\/www.raschvin.com\/sv\/wp-json\/wp\/v2\/types\/product"}],"wp:featuredmedia":[{"embeddable":true,"href":"https:\/\/www.raschvin.com\/sv\/wp-json\/wp\/v2\/media\/29908"}],"wp:attachment":[{"href":"https:\/\/www.raschvin.com\/sv\/wp-json\/wp\/v2\/media?parent=25316"}],"wp:term":[{"taxonomy":"product_brand","embeddable":true,"href":"https:\/\/www.raschvin.com\/sv\/wp-json\/wp\/v2\/product_brand?post=25316"},{"taxonomy":"product_cat","embeddable":true,"href":"https:\/\/www.raschvin.com\/sv\/wp-json\/wp\/v2\/product_cat?post=25316"},{"taxonomy":"product_tag","embeddable":true,"href":"https:\/\/www.raschvin.com\/sv\/wp-json\/wp\/v2\/product_tag?post=25316"}],"curies":[{"name":"wp","href":"https:\/\/api.w.org\/{rel}","templated":true}]}}