{"id":25298,"date":"2022-09-30T14:37:27","date_gmt":"2022-09-30T12:37:27","guid":{"rendered":"https:\/\/www.raschvin.com\/produkt\/el-tequileno-cristalino-reposado\/"},"modified":"2023-04-07T15:09:43","modified_gmt":"2023-04-07T13:09:43","slug":"el-tequileno-cristalino-reposado","status":"publish","type":"product","link":"https:\/\/www.raschvin.com\/sv\/produkt\/el-tequileno-cristalino-reposado\/","title":{"rendered":"Tequila El Tequile\u00f1o &#8211; Cristalino Reposado 70 cl. 35%"},"content":{"rendered":"<p>En exceptionell cristalino reposado tequila \u2013 extremt l\u00e4mplig b\u00e5de i cocktails och f\u00f6r sig sj\u00e4lv.<\/p>\n<p>Doft<\/p>\n<p>Ananas, mango, p\u00e4ron och mild vanilj<\/p>\n<p>Smak<\/p>\n<p>Tropiska frukter, mango och mild vanilj<\/p>\n<p>Om produkten<br \/>\nEl Tequile\u00f1o Cristalino Reposado lagras i fyra m\u00e5nader p\u00e5 amerikanska ekfat. Den \u00e4r gjord av 100% bl\u00e5 agave.<\/p>\n<p>El Tequile\u00f1o Cristalino Reposado \u00e4r en s\u00e5 kallad cristalino reposado tequila. Denna relativt nya form av tequila har ett relativt enkelt koncept \u2013 tequilan \u00e5ldras f\u00f6rst under en tid (och \u00e4r allts\u00e5 en reposado eller a\u00f1ejo tequila), vilket ger den st\u00f6rre smakkomplexitet. Det filtreras sedan genom ett lager av tr\u00e4kol. Kolfiltreringen tar f\u00f6rst bort f\u00e4rgen, s\u00e5 du f\u00e5r en helt blank och klar tequila, dessutom tar processen ocks\u00e5 bort de ofta starka eknoterna som \u00e5ldrad tequila typiskt sett har. Att den n\u00e5got kontroversiella eksmaken tas bort g\u00f6r att de andra effekterna av \u00e5ldrandet till\u00e5ts framtr\u00e4da tydligare.<\/p>\n<p>Cristalino tequila har blivit extremt popul\u00e4r i sitt hemland Mexiko, d\u00e4r den s\u00e4rskilt har bidragit till att introducera det unga kvinnliga segmentet till tequilans v\u00e4rld.<\/p>\n<p>El Tequile\u00f1o Cristalino Reposado sl\u00e4pps till ett ABV p\u00e5 40 %.<\/p>\n<p>Om El Tequileno<br \/>\nTequile\u00f1o \u00e4r ett av de mest respekterade och popul\u00e4ra premium tequilam\u00e4rkena i v\u00e4rlden. Och inte utan anledning \u2013 destilleriet grundades 1959 av Don Jorge Salles Cuervo i staden Tequila, Mexiko. Destilleriet har f\u00e5tt sitt namn fr\u00e5n staden \u2013 ett namn som inte \u00e4r helt tillf\u00e4lligt. Eftersom staden Tequila \u00e4r platsen d\u00e4r den agavebaserade spriten f\u00f6rst destillerades, och det \u00e4r ocks\u00e5 d\u00e4r drycken har f\u00e5tt sitt namn.<\/p>\n<p>Ut\u00f6ver detta historiska arv \u00e4r Tequile\u00f1o ocks\u00e5 speciell genom att det \u00e4r ett av ytterst f\u00e5 tequiladestillerier som sl\u00e4pper sin tequila under eget namn. Normalt inom tequilaindustrin s\u00e4ljer destillerierna sin tequila till oberoende buteljerare, som sedan s\u00e4ljer den under sitt eget namn. Tequile\u00f1o sk\u00f6ter hela processen sj\u00e4lv \u2013 fr\u00e5n att plantera och sk\u00f6rda den bl\u00e5 agaven, till att blanda och buteljera den slutliga tequiladrycken.<\/p>\n<p>Tequile\u00f1o ger idag ut ett antal olika tequilas: Under 1959 \u00e5rs premiumlinje hittar du klassiker som blanco, reposado, cristalino och a\u00f1ejo; och f\u00f6r den som vill ha ett mer ekonomiskt och dryckesfokuserat alternativ hittar du en blanco och reposado.<\/p>\n","protected":false},"excerpt":{"rendered":"<p>Premium 100% Agave Tequila<\/p>\n","protected":false},"featured_media":29782,"template":"","meta":{"_acf_changed":false,"rs_blank_template":"","rs_page_bg_color":"","slide_template_v7":""},"product_brand":[],"product_cat":[2402,2408],"product_tag":[],"class_list":{"0":"post-25298","1":"product","2":"type-product","3":"status-publish","4":"has-post-thumbnail","6":"product_cat-sprit-sv","7":"product_cat-tequila-mescal-sv","8":"pa_champagne-type-blanco-sv","9":"pa_land-mexiko","10":"pa_procent-35-sv","11":"pa_producent-el-tequileno-sv","12":"pa_region-tequila-sv","13":"pa_volume-70-sv-2","15":"first","16":"outofstock","17":"sale","18":"taxable","19":"shipping-taxable","20":"purchasable","21":"product-type-simple"},"bundled_by":[],"bundle_stock_status":"outofstock","bundle_stock_quantity":null,"bundle_virtual":false,"bundle_layout":"","bundle_add_to_cart_form_location":"","bundle_editable_in_cart":false,"bundle_sold_individually_context":"","bundle_item_grouping":"","bundle_min_size":"","bundle_max_size":"","bundle_price":[],"bundled_items":[],"bundle_sell_ids":[],"acf":[],"_links":{"self":[{"href":"https:\/\/www.raschvin.com\/sv\/wp-json\/wp\/v2\/product\/25298","targetHints":{"allow":["GET"]}}],"collection":[{"href":"https:\/\/www.raschvin.com\/sv\/wp-json\/wp\/v2\/product"}],"about":[{"href":"https:\/\/www.raschvin.com\/sv\/wp-json\/wp\/v2\/types\/product"}],"wp:featuredmedia":[{"embeddable":true,"href":"https:\/\/www.raschvin.com\/sv\/wp-json\/wp\/v2\/media\/29782"}],"wp:attachment":[{"href":"https:\/\/www.raschvin.com\/sv\/wp-json\/wp\/v2\/media?parent=25298"}],"wp:term":[{"taxonomy":"product_brand","embeddable":true,"href":"https:\/\/www.raschvin.com\/sv\/wp-json\/wp\/v2\/product_brand?post=25298"},{"taxonomy":"product_cat","embeddable":true,"href":"https:\/\/www.raschvin.com\/sv\/wp-json\/wp\/v2\/product_cat?post=25298"},{"taxonomy":"product_tag","embeddable":true,"href":"https:\/\/www.raschvin.com\/sv\/wp-json\/wp\/v2\/product_tag?post=25298"}],"curies":[{"name":"wp","href":"https:\/\/api.w.org\/{rel}","templated":true}]}}