{"id":25295,"date":"2022-09-30T14:29:37","date_gmt":"2022-09-30T12:29:37","guid":{"rendered":"https:\/\/www.raschvin.com\/produkt\/el-tequileno-blanco\/"},"modified":"2023-01-27T09:47:40","modified_gmt":"2023-01-27T08:47:40","slug":"el-tequileno-blanco","status":"publish","type":"product","link":"https:\/\/www.raschvin.com\/sv\/produkt\/el-tequileno-blanco\/","title":{"rendered":"Tequila El Tequile\u00f1o &#8211; Blanco 50 cl. 38%"},"content":{"rendered":"<p>Denna blanco tequila fr\u00e5n destilleriet El Tequile\u00f1o \u00e4r extremt l\u00e4mplig att anv\u00e4nda i drinkar \u2013 speciellt i den ber\u00f6mda La Batanga-cocktailen.<\/p>\n<p>Doft<\/p>\n<p>Bakad agave, \u00f6rttoner, delikata toner av anis och svartpeppar.<\/p>\n<p>Smak<\/p>\n<p>S\u00f6t, bakad agave<\/p>\n<p>Om produkten<br \/>\nEl Tequile\u00f1o Blanco har l\u00e4nge varit en favorit bland inv\u00e5narna i staden Tequila och dess omgivningar. Denna historiska tequila \u00e4r huvudingrediensen i La Batanga-cocktailen, som uppfanns av Don Javier fr\u00e5n den v\u00e4rldsber\u00f6mda La Capilla Cantina.<\/p>\n<p>El Tequile\u00f1o Blanco \u00e4r en s\u00e5 kallad blanco tequila, och \u00e4r allts\u00e5 antingen olagrad eller endast lagrad under en mycket kort period. Blanco tequila \u00e4r vanligtvis mycket ren i smaken och k\u00e4nnetecknas av den naturliga smaken av agave. El Tequile\u00f1o Blanco g\u00f6r sig s\u00e4rskilt bra i cocktails.<\/p>\n<p>El Tequile\u00f1o Blanco sl\u00e4pps till ett ABV p\u00e5 40 %.<\/p>\n<p>Smakanteckningar<br \/>\nEn s\u00f6t, l\u00e4cker tequila med smak av bakad agave. Extremt passande i cocktails!<\/p>\n<p>Om El Tequileno<br \/>\nTequile\u00f1o \u00e4r ett av de mest respekterade och popul\u00e4ra premium tequilam\u00e4rkena i v\u00e4rlden. Och inte utan anledning \u2013 destilleriet grundades 1959 av Don Jorge Salles Cuervo i staden Tequila, Mexiko. Destilleriet har f\u00e5tt sitt namn fr\u00e5n staden \u2013 ett namn som inte \u00e4r helt tillf\u00e4lligt. Eftersom staden Tequila \u00e4r platsen d\u00e4r den agavebaserade spriten f\u00f6rst destillerades, och det \u00e4r ocks\u00e5 d\u00e4r drycken har f\u00e5tt sitt namn.<\/p>\n<p>Ut\u00f6ver detta historiska arv \u00e4r Tequile\u00f1o ocks\u00e5 speciell genom att det \u00e4r ett av ytterst f\u00e5 tequiladestillerier som sl\u00e4pper sin tequila under eget namn. Normalt inom tequilaindustrin s\u00e4ljer destillerierna sin tequila till oberoende buteljerare, som sedan s\u00e4ljer den under sitt eget namn. Tequile\u00f1o sk\u00f6ter hela processen sj\u00e4lv \u2013 fr\u00e5n att plantera och sk\u00f6rda den bl\u00e5 agaven, till att blanda och buteljera den slutliga tequiladrycken.<\/p>\n<p>Tequile\u00f1o ger idag ut ett antal olika tequilas: Under 1959 \u00e5rs premiumlinje hittar du klassiker som blanco, reposado, cristalino och a\u00f1ejo; och f\u00f6r den som vill ha ett mer ekonomiskt och dryckesfokuserat alternativ hittar du en blanco och reposado.<\/p>\n<p>Cocktails<br \/>\nLa Batanga<\/p>\n<p>El Tequile\u00f1o Blanco<\/p>\n<p>En skv\u00e4tt limejuice<\/p>\n<p>Toppa med cola<\/p>\n<p>Applicera n\u00e5gon salta l\u00e4ngs glasets kant och garnera med en limeklyfta.<\/p>\n<p>Mexikansk mula<\/p>\n<p>2 delar El Tequileno Blanco<\/p>\n<p>3 delar Franklin &#038; Sons Ginger Beer<\/p>\n<p>En skv\u00e4tt limejuice<\/p>\n","protected":false},"excerpt":{"rendered":"<p>Classic Tequila Blanco<\/p>\n","protected":false},"featured_media":29776,"template":"","meta":{"_acf_changed":false,"rs_blank_template":"","rs_page_bg_color":"","slide_template_v7":""},"product_brand":[],"product_cat":[2402,2408],"product_tag":[],"class_list":{"0":"post-25295","1":"product","2":"type-product","3":"status-publish","4":"has-post-thumbnail","6":"product_cat-sprit-sv","7":"product_cat-tequila-mescal-sv","8":"pa_champagne-type-blanco-sv","9":"pa_land-mexiko","10":"pa_procent-38-sv","11":"pa_producent-el-tequileno-sv","12":"pa_region-tequila-sv","13":"pa_volume-50-sv","15":"first","16":"outofstock","17":"sale","18":"taxable","19":"shipping-taxable","20":"purchasable","21":"product-type-simple"},"bundled_by":[],"bundle_stock_status":"outofstock","bundle_stock_quantity":null,"bundle_virtual":false,"bundle_layout":"","bundle_add_to_cart_form_location":"","bundle_editable_in_cart":false,"bundle_sold_individually_context":"","bundle_item_grouping":"","bundle_min_size":"","bundle_max_size":"","bundle_price":[],"bundled_items":[],"bundle_sell_ids":[],"acf":[],"_links":{"self":[{"href":"https:\/\/www.raschvin.com\/sv\/wp-json\/wp\/v2\/product\/25295","targetHints":{"allow":["GET"]}}],"collection":[{"href":"https:\/\/www.raschvin.com\/sv\/wp-json\/wp\/v2\/product"}],"about":[{"href":"https:\/\/www.raschvin.com\/sv\/wp-json\/wp\/v2\/types\/product"}],"wp:featuredmedia":[{"embeddable":true,"href":"https:\/\/www.raschvin.com\/sv\/wp-json\/wp\/v2\/media\/29776"}],"wp:attachment":[{"href":"https:\/\/www.raschvin.com\/sv\/wp-json\/wp\/v2\/media?parent=25295"}],"wp:term":[{"taxonomy":"product_brand","embeddable":true,"href":"https:\/\/www.raschvin.com\/sv\/wp-json\/wp\/v2\/product_brand?post=25295"},{"taxonomy":"product_cat","embeddable":true,"href":"https:\/\/www.raschvin.com\/sv\/wp-json\/wp\/v2\/product_cat?post=25295"},{"taxonomy":"product_tag","embeddable":true,"href":"https:\/\/www.raschvin.com\/sv\/wp-json\/wp\/v2\/product_tag?post=25295"}],"curies":[{"name":"wp","href":"https:\/\/api.w.org\/{rel}","templated":true}]}}