{"id":25263,"date":"2022-11-16T20:29:52","date_gmt":"2022-11-16T19:29:52","guid":{"rendered":"https:\/\/www.raschvin.com\/produkt\/dos-maderas-double-aged-rum-53-years-70-cl-375\/"},"modified":"2023-03-21T19:54:22","modified_gmt":"2023-03-21T18:54:22","slug":"dos-maderas-double-aged-rum-53-years-70-cl-375","status":"publish","type":"product","link":"https:\/\/www.raschvin.com\/sv\/produkt\/dos-maderas-double-aged-rum-53-years-70-cl-375\/","title":{"rendered":"Dos Maderas &#8211; Double Aged Rum 5+3 Years 70 cl. 37,5%"},"content":{"rendered":"<p>En delikat romblandning fr\u00e5n Barbados och Guyana. To lande med deras egen romstil. B\u00e5da landa laver n\u00e4mligen rom p\u00e5 pot stills och kolonneapparat. Den kraftiga och aromatiske rom laver p\u00e5 pot stills och den mer blide och afrundede p\u00e5 mer modern kolonneanl\u00e6g.<\/p>\n<p>Det \u00e4r en god rom. F\u00f6dt p\u00e5 samma s\u00e4tt som \u201dDos Maderas 5+5\u201d och \u201dDos Maderas 10+5 Luxus\u201d. Handlavet och lagret i Caribien som det f\u00f6rsta. Herefter sender rommen til Williams &#038; Humbert Bodega i Jerez, hvor den f\u00e5r en tur i et solera system. \u201dDos Maderas\u201d \u00e4r spansk och betyder just att slags tr\u00e4, vilket refererar till s\u00e4ttet att lagra lagres och modnes p\u00e5.<\/p>\n<p>Forskellen p\u00e5 de Dos Maderas olika roms \u00e4r lagringstiden. 5+3-udgaven \u00e4r 8 \u00e5r under v\u00e4gs. F\u00f6rst 5 \u00e5r i Caribien i ex-bourbon fade och sedan 3 \u00e5r i Spanien i ex Dos Cartados Oloroso sherry fade \u2013 d\u00e4rf\u00f6r 5+3 \u2026 namnet Double Aged Rum!<\/p>\n<p>Duft<\/p>\n<p>Yderst mjuk och elegant i n\u00e4sen. En bred palett av duftaromaer, der \u00e4r sv\u00e5r att j\u00e4mf\u00f6ra<\/p>\n<p>Smag<\/p>\n<p>Ristede smagsnoter i munden med hints af vanille og n\u00f8dder<\/p>\n<p>Eftersmag<\/p>\n<p>Elegant och v\u00e4h\u00e4ngande, mjuk med melassnoter<\/p>\n<p>Kommentar<\/p>\n<p>Nydes med fordel ren i et velegnet glas, men ocks\u00e5 mycket anv\u00e4nd av professionella bartendere i div. cocktails.<\/p>\n","protected":false},"excerpt":{"rendered":"<p>Premium Blended Caribbean Rum<\/p>\n","protected":false},"featured_media":29744,"template":"","meta":{"_acf_changed":false,"rs_blank_template":"","rs_page_bg_color":"","slide_template_v7":""},"product_brand":[],"product_cat":[2391,4634,9225],"product_tag":[],"class_list":{"0":"post-25263","1":"product","2":"type-product","3":"status-publish","4":"has-post-thumbnail","6":"product_cat-rom-sv","7":"product_cat-premium-aged-sv","8":"product_cat-alternativa-romtyper","9":"pa_land-barbados-guyana-sv","10":"pa_procent-37-5-sv","11":"pa_producent-dos-maderas-sv","12":"pa_volume-70-sv-2","14":"first","15":"instock","16":"sale","17":"taxable","18":"shipping-taxable","19":"purchasable","20":"product-type-simple"},"bundled_by":[],"bundle_stock_status":"instock","bundle_stock_quantity":null,"bundle_virtual":false,"bundle_layout":"","bundle_add_to_cart_form_location":"","bundle_editable_in_cart":false,"bundle_sold_individually_context":"","bundle_item_grouping":"","bundle_min_size":"","bundle_max_size":"","bundle_price":[],"bundled_items":[],"bundle_sell_ids":[],"acf":[],"_links":{"self":[{"href":"https:\/\/www.raschvin.com\/sv\/wp-json\/wp\/v2\/product\/25263","targetHints":{"allow":["GET"]}}],"collection":[{"href":"https:\/\/www.raschvin.com\/sv\/wp-json\/wp\/v2\/product"}],"about":[{"href":"https:\/\/www.raschvin.com\/sv\/wp-json\/wp\/v2\/types\/product"}],"wp:featuredmedia":[{"embeddable":true,"href":"https:\/\/www.raschvin.com\/sv\/wp-json\/wp\/v2\/media\/29744"}],"wp:attachment":[{"href":"https:\/\/www.raschvin.com\/sv\/wp-json\/wp\/v2\/media?parent=25263"}],"wp:term":[{"taxonomy":"product_brand","embeddable":true,"href":"https:\/\/www.raschvin.com\/sv\/wp-json\/wp\/v2\/product_brand?post=25263"},{"taxonomy":"product_cat","embeddable":true,"href":"https:\/\/www.raschvin.com\/sv\/wp-json\/wp\/v2\/product_cat?post=25263"},{"taxonomy":"product_tag","embeddable":true,"href":"https:\/\/www.raschvin.com\/sv\/wp-json\/wp\/v2\/product_tag?post=25263"}],"curies":[{"name":"wp","href":"https:\/\/api.w.org\/{rel}","templated":true}]}}