{"id":25206,"date":"2022-11-15T21:43:14","date_gmt":"2022-11-15T20:43:14","guid":{"rendered":"https:\/\/www.raschvin.com\/produkt\/el-dorado-15-years-70-cl-43\/"},"modified":"2023-03-21T20:44:56","modified_gmt":"2023-03-21T19:44:56","slug":"el-dorado-15-years-70-cl-43","status":"publish","type":"product","link":"https:\/\/www.raschvin.com\/sv\/produkt\/el-dorado-15-years-70-cl-43\/","title":{"rendered":"El Dorado 15 Years 70 cl. 43%"},"content":{"rendered":"<p>El Dorado Rum 15 \u00e5r \u00e4r en prisbel\u00f6nt rom fr\u00e5n Demerara Distillers Ltd i Guyana. Rommen har l\u00e4nge varit erk\u00e4nd som Karibiens fr\u00e4msta rom, och den 15-\u00e5riga El Dorado Special Reserve ses som en fin, konjaksliknande rom som har den mest sp\u00e4nnande och komplexa karakt\u00e4ren i sin klass. El Dorado 15 years vann &#8221;Gold Medal &#038; Best in its Class&#8221; 2011 vid International Wine &#038; Spirit Competition i London. Dessutom vann den vid samma t\u00e4vling 2011 &#8221;IWSC Trophy for Rom&#8221;<\/p>\n<p>El Dorado 15 \u00e5r \u00e4r en blandning av speciellt utvald gammal rom, d\u00e4r den yngsta \u00e4r inte mindre \u00e4n 15 \u00e5r, och en del \u00e4r 25 \u00e5r. Den \u00e4r gjord av en kombination av Enmore och Diamond Coffey Stills, Port Mourant dubbeltr\u00e4 Pot Stills och Versailles enkeltr\u00e4 pot stills, blandas sedan till perfektion och \u00e5ldras p\u00e5 gamla bourbon ekfat. Smaknoter f\u00f6r El Dorado 15 \u00e5r: N\u00e4san full av m\u00f6rkt kaffe, kanderad apelsin, mandel, m\u00f6rk choklad, peppar och rik vanilj. Vackert rundad i gommen med stor spridning av smaker: grillad tropisk frukt med krydda &#8211; den \u00e4r silkeslen, livfull och lagom fyllig.<\/p>\n","protected":false},"excerpt":{"rendered":"<p>Guyana Premium Aged Rum <\/p>\n","protected":false},"featured_media":29696,"template":"","meta":{"_acf_changed":false,"rs_blank_template":"","rs_page_bg_color":"","slide_template_v7":""},"product_brand":[],"product_cat":[2387,4634,2391],"product_tag":[],"class_list":{"0":"post-25206","1":"product","2":"type-product","3":"status-publish","4":"has-post-thumbnail","6":"product_cat-avec-sv","7":"product_cat-premium-aged-sv","8":"product_cat-rom-sv","9":"pa_land-guyana-sv","10":"pa_procent-43-sv","11":"pa_producent-demerara-distillers-sv","12":"pa_volume-70-sv-2","14":"first","15":"instock","16":"taxable","17":"shipping-taxable","18":"purchasable","19":"product-type-simple"},"bundled_by":[],"bundle_stock_status":"instock","bundle_stock_quantity":null,"bundle_virtual":false,"bundle_layout":"","bundle_add_to_cart_form_location":"","bundle_editable_in_cart":false,"bundle_sold_individually_context":"","bundle_item_grouping":"","bundle_min_size":"","bundle_max_size":"","bundle_price":[],"bundled_items":[],"bundle_sell_ids":[],"acf":[],"_links":{"self":[{"href":"https:\/\/www.raschvin.com\/sv\/wp-json\/wp\/v2\/product\/25206","targetHints":{"allow":["GET"]}}],"collection":[{"href":"https:\/\/www.raschvin.com\/sv\/wp-json\/wp\/v2\/product"}],"about":[{"href":"https:\/\/www.raschvin.com\/sv\/wp-json\/wp\/v2\/types\/product"}],"wp:featuredmedia":[{"embeddable":true,"href":"https:\/\/www.raschvin.com\/sv\/wp-json\/wp\/v2\/media\/29696"}],"wp:attachment":[{"href":"https:\/\/www.raschvin.com\/sv\/wp-json\/wp\/v2\/media?parent=25206"}],"wp:term":[{"taxonomy":"product_brand","embeddable":true,"href":"https:\/\/www.raschvin.com\/sv\/wp-json\/wp\/v2\/product_brand?post=25206"},{"taxonomy":"product_cat","embeddable":true,"href":"https:\/\/www.raschvin.com\/sv\/wp-json\/wp\/v2\/product_cat?post=25206"},{"taxonomy":"product_tag","embeddable":true,"href":"https:\/\/www.raschvin.com\/sv\/wp-json\/wp\/v2\/product_tag?post=25206"}],"curies":[{"name":"wp","href":"https:\/\/api.w.org\/{rel}","templated":true}]}}