{"id":25203,"date":"2024-10-16T08:51:32","date_gmt":"2024-10-16T06:51:32","guid":{"rendered":"https:\/\/www.raschvin.com\/produkt\/el-tequileno-anejo-gran-reserva\/"},"modified":"2023-04-07T15:05:02","modified_gmt":"2023-04-07T13:05:02","slug":"el-tequileno-anejo-gran-reserva","status":"publish","type":"product","link":"https:\/\/www.raschvin.com\/sv\/produkt\/el-tequileno-anejo-gran-reserva\/","title":{"rendered":"Tequila El Tequile\u00f1o &#8211; A\u00f1ejo Gran Reserva 70 cl. 40%"},"content":{"rendered":"<p>En extremt komplex a\u00f1ejo tequila fr\u00e5n 100% agave. En mycket god tequila!<\/p>\n<p>Doft<br \/>\nEk, vanilj, apelsin och bakad agave.<\/p>\n<p>Smak<br \/>\nS\u00f6ta ekollon, vanilj, bakad agave, s\u00f6ta kryddor, apelsiner, torkad frukt och kola.<\/p>\n<p>Om produkten<br \/>\nEl Tequile\u00f1o A\u00f1ejo Gran Reserva \u00e4r gjord av 100 % speciellt utvald bl\u00e5 agave fr\u00e5n Jaliscos h\u00f6gland. Dessa kombineras med mineralrikt vatten fr\u00e5n El Volcan Del Tequila, och destilleras i kopparpotstills. Tequilan mognas sedan till perfektion p\u00e5 amerikanska och franska ekfat. Denna tequila \u00e4r ett lyckligt \u00e4ktenskap mellan destilleriets b\u00e4sta a\u00f1ejo tequia och mest exklusiva extra a\u00f1ejo tequila, vilket resulterar i en tequila med enormt djup och komplexitet.<\/p>\n<p>El Tequile\u00f1o A\u00f1ejo Gran Reserva \u00e4r en s\u00e5 kallad a\u00f1ejo tequila, och har d\u00e4rf\u00f6r lagrats p\u00e5 fat i minst 1-3 \u00e5r. A\u00f1ejo tequilas \u00e4r ofta mycket komplexa i smaken och visar tydliga egenskaper hos de ekfat som de har lagrats p\u00e5.<\/p>\n<p>El Tequile\u00f1o A\u00f1ejo Gran Reserva sl\u00e4pps till ett ABV p\u00e5 40 %.<\/p>\n<p>Om El Tequileno<br \/>\nTequile\u00f1o \u00e4r ett av de mest respekterade och popul\u00e4ra premium tequilam\u00e4rkena i v\u00e4rlden. Och inte utan anledning \u2013 destilleriet grundades 1959 av Don Jorge Salles Cuervo i staden Tequila, Mexiko. Destilleriet har f\u00e5tt sitt namn fr\u00e5n staden \u2013 ett namn som inte \u00e4r helt tillf\u00e4lligt. Eftersom staden Tequila \u00e4r platsen d\u00e4r den agavebaserade spriten f\u00f6rst destillerades, och det \u00e4r ocks\u00e5 d\u00e4r drycken har f\u00e5tt sitt namn.<\/p>\n<p>Ut\u00f6ver detta historiska arv \u00e4r Tequile\u00f1o ocks\u00e5 speciell genom att det \u00e4r ett av ytterst f\u00e5 tequiladestillerier som sl\u00e4pper sin tequila under eget namn. Normalt inom tequilaindustrin s\u00e4ljer destillerierna sin tequila till oberoende buteljerare, som sedan s\u00e4ljer den under sitt eget namn. Tequile\u00f1o sk\u00f6ter hela processen sj\u00e4lv \u2013 fr\u00e5n att plantera och sk\u00f6rda den bl\u00e5 agaven, till att blanda och buteljera den slutliga tequiladrycken.<\/p>\n<p>Tequile\u00f1o ger idag ut ett antal olika tequilas: Under 1959 \u00e5rs premiumlinje hittar du klassiker som blanco, reposado, cristalino och a\u00f1ejo; och f\u00f6r den som vill ha ett mer ekonomiskt och dryckesfokuserat alternativ hittar du en blanco och reposado.<\/p>\n","protected":false},"excerpt":{"rendered":"<p>Premium 100% Agave Tequila<\/p>\n","protected":false},"featured_media":29676,"template":"","meta":{"_acf_changed":false,"rs_blank_template":"","rs_page_bg_color":"","slide_template_v7":""},"product_brand":[],"product_cat":[2402,2408],"product_tag":[],"class_list":{"0":"post-25203","1":"product","2":"type-product","3":"status-publish","4":"has-post-thumbnail","6":"product_cat-sprit-sv","7":"product_cat-tequila-mescal-sv","8":"pa_champagne-type-anejo-sv","9":"pa_land-mexiko","10":"pa_procent-40-sv-2","11":"pa_producent-el-tequileno-sv","12":"pa_region-jalisco-sv","13":"pa_volume-70-sv-2","15":"first","16":"instock","17":"sale","18":"taxable","19":"shipping-taxable","20":"purchasable","21":"product-type-simple"},"bundled_by":[],"bundle_stock_status":"instock","bundle_stock_quantity":null,"bundle_virtual":false,"bundle_layout":"","bundle_add_to_cart_form_location":"","bundle_editable_in_cart":false,"bundle_sold_individually_context":"","bundle_item_grouping":"","bundle_min_size":"","bundle_max_size":"","bundle_price":[],"bundled_items":[],"bundle_sell_ids":[],"acf":[],"_links":{"self":[{"href":"https:\/\/www.raschvin.com\/sv\/wp-json\/wp\/v2\/product\/25203","targetHints":{"allow":["GET"]}}],"collection":[{"href":"https:\/\/www.raschvin.com\/sv\/wp-json\/wp\/v2\/product"}],"about":[{"href":"https:\/\/www.raschvin.com\/sv\/wp-json\/wp\/v2\/types\/product"}],"wp:featuredmedia":[{"embeddable":true,"href":"https:\/\/www.raschvin.com\/sv\/wp-json\/wp\/v2\/media\/29676"}],"wp:attachment":[{"href":"https:\/\/www.raschvin.com\/sv\/wp-json\/wp\/v2\/media?parent=25203"}],"wp:term":[{"taxonomy":"product_brand","embeddable":true,"href":"https:\/\/www.raschvin.com\/sv\/wp-json\/wp\/v2\/product_brand?post=25203"},{"taxonomy":"product_cat","embeddable":true,"href":"https:\/\/www.raschvin.com\/sv\/wp-json\/wp\/v2\/product_cat?post=25203"},{"taxonomy":"product_tag","embeddable":true,"href":"https:\/\/www.raschvin.com\/sv\/wp-json\/wp\/v2\/product_tag?post=25203"}],"curies":[{"name":"wp","href":"https:\/\/api.w.org\/{rel}","templated":true}]}}