{"id":25161,"date":"2022-11-15T18:14:05","date_gmt":"2022-11-15T17:14:05","guid":{"rendered":"https:\/\/www.raschvin.com\/produkt\/tio-pepe-tres-palmas-fino-gonzalez-byass-50-cl-1610\/"},"modified":"2023-04-07T21:01:27","modified_gmt":"2023-04-07T19:01:27","slug":"tio-pepe-tres-palmas-fino-gonzalez-byass-50-cl-1610","status":"publish","type":"product","link":"https:\/\/www.raschvin.com\/sv\/produkt\/tio-pepe-tres-palmas-fino-gonzalez-byass-50-cl-1610\/","title":{"rendered":"Tio Pepe \u2013 Tres Palmas Fino \u2013 Gonzalez Byass 50 cl. 16,10%"},"content":{"rendered":"<p>Noggrant urval av bara 1 fat 10 \u00e5r gamla Fino<\/p>\n<p>Tres Palmas \u00e4r biologiskt \u00e5ldrande f\u00f6rs till sin gr\u00e4ns. Ett vin som balanserar mellan liv och d\u00f6d. Efter 10 \u00e5r \u00e5ldrande i kontakt med &#8221;flor&#8221; har den en unik personlighet. Bara ett fat, nummer 38 i Bodega La Constancia har valts ut bland 149 fat som utg\u00f6r denna historiska solera.<\/p>\n<p>Utseende<br \/>\nBlek b\u00e4rnstensf\u00e4rgad, ljus och med nyanser av koppar.<\/p>\n<p>Gom<br \/>\nI gommen, mycket potent, kr\u00e4mig, salt och mycket smakfull. Dess eftersmak \u00e4r extremt l\u00e5ng, n\u00e4stan saftig och fet, och l\u00e4mnar en evig, kryddig, smakrik, kr\u00e4mig och subtilt bitter eftersmak. Ett vin som speglar den tunna linjen mellan en Fino och en Amontillado.<\/p>\n<p>Arom<br \/>\nMycket komplex n\u00e4sa d\u00e4r de markanta aromerna av florsl\u00f6ja \u00e5tf\u00f6ljs av subtila p\u00e5minnelser om \u00e4del ek, vanilj, kamomill, torkad frukt, apelsinskal och karamell.<\/p>\n<p>Parning<br \/>\nTres Palmas Fino Tio Pepe \u00e4r l\u00e4tt tempererad och f\u00f6rh\u00f6jer r\u00e4tter med stark smak, som r\u00f6d tonfisk, vilttr\u00e4ff och grytor. Passar veganer.<\/p>\n<p>Fisk<br \/>\nTonfisk<\/p>\n<p>Grytor<\/p>\n","protected":false},"excerpt":{"rendered":"<p>Dry Sherry \u2013 Jerez \u2013 Spain<\/p>\n","protected":false},"featured_media":29704,"template":"","meta":{"_acf_changed":false,"rs_blank_template":"","rs_page_bg_color":"","slide_template_v7":""},"product_brand":[],"product_cat":[2766,2765],"product_tag":[],"class_list":{"0":"post-25161","1":"product","2":"type-product","3":"status-publish","4":"has-post-thumbnail","6":"product_cat-koersbaer","7":"product_cat-hedvin-sv","8":"pa_drue-palomino-fino-sv","9":"pa_land-spanien-sv","10":"pa_procent-16-10-sv","11":"pa_producent-gonzalez-byass-sv","12":"pa_region-jerez-sv","13":"pa_serveringstemperatur-10-13-sv-2","14":"pa_volume-50-sv","16":"first","17":"outofstock","18":"taxable","19":"shipping-taxable","20":"purchasable","21":"product-type-simple"},"bundled_by":[],"bundle_stock_status":"outofstock","bundle_stock_quantity":null,"bundle_virtual":false,"bundle_layout":"","bundle_add_to_cart_form_location":"","bundle_editable_in_cart":false,"bundle_sold_individually_context":"","bundle_item_grouping":"","bundle_min_size":"","bundle_max_size":"","bundle_price":[],"bundled_items":[],"bundle_sell_ids":[],"acf":[],"_links":{"self":[{"href":"https:\/\/www.raschvin.com\/sv\/wp-json\/wp\/v2\/product\/25161","targetHints":{"allow":["GET"]}}],"collection":[{"href":"https:\/\/www.raschvin.com\/sv\/wp-json\/wp\/v2\/product"}],"about":[{"href":"https:\/\/www.raschvin.com\/sv\/wp-json\/wp\/v2\/types\/product"}],"wp:featuredmedia":[{"embeddable":true,"href":"https:\/\/www.raschvin.com\/sv\/wp-json\/wp\/v2\/media\/29704"}],"wp:attachment":[{"href":"https:\/\/www.raschvin.com\/sv\/wp-json\/wp\/v2\/media?parent=25161"}],"wp:term":[{"taxonomy":"product_brand","embeddable":true,"href":"https:\/\/www.raschvin.com\/sv\/wp-json\/wp\/v2\/product_brand?post=25161"},{"taxonomy":"product_cat","embeddable":true,"href":"https:\/\/www.raschvin.com\/sv\/wp-json\/wp\/v2\/product_cat?post=25161"},{"taxonomy":"product_tag","embeddable":true,"href":"https:\/\/www.raschvin.com\/sv\/wp-json\/wp\/v2\/product_tag?post=25161"}],"curies":[{"name":"wp","href":"https:\/\/api.w.org\/{rel}","templated":true}]}}