{"id":25060,"date":"2022-11-14T14:15:28","date_gmt":"2022-11-14T13:15:28","guid":{"rendered":"https:\/\/www.raschvin.com\/produkt\/del-maguey-las-milpas-mezcal-70-cl-46\/"},"modified":"2023-03-21T13:31:55","modified_gmt":"2023-03-21T12:31:55","slug":"del-maguey-las-milpas-mezcal-70-cl-46","status":"publish","type":"product","link":"https:\/\/www.raschvin.com\/sv\/produkt\/del-maguey-las-milpas-mezcal-70-cl-46\/","title":{"rendered":"Del Maguey &#8211; Las Milpas Mezcal 70 cl. 46%"},"content":{"rendered":"<p>Att kl\u00e4ttra p\u00e5 de ol\u00e4ndiga grusv\u00e4garna h\u00f6gt ovanf\u00f6r San Dionisio Ocotepec, vi uppt\u00e4cker den hj\u00e4lp av Las Milpas, ett sant exempel p\u00e5 att &#8221;du hittar inte Mezcal, Mezcal hittar dig.&#8221; H\u00e4r, inb\u00e4ddat bland s\u00e4desf\u00e4lten med utsikt \u00f6ver b\u00f6ljande betesmarker, ligger palenquen av Anastacio Cruz Antonio och hans s\u00f6ner Rigoberto, Abel och Pedro.<\/p>\n<p>Deras Single Village-uttryck \u00e4r skapat genom att rosta mogen agave Espadin i en lera horno huggen i granitbacken. Rostad agave mals med en h\u00e4stdragen molino och fermenteras med endast omgivande mikrober och j\u00e4st i utomhusj\u00e4sningstankar av tr\u00e4 och destilleras tv\u00e5 g\u00e5nger i sm\u00e5 koppardestillationsapparater. Las Milpas erbjuder en n\u00e4sa av skiffer och mineraler, balanserad av tropiska frukter och citrusnoter, med rosenbladsblommor, lavendel, dragon och \u00e4rtskott, som utvecklas till en l\u00e5ng och behaglig torr finish.<\/p>\n<p>Magueys \u00e5lder: 8-10 \u00e5r<br \/>\nH\u00f6jd: 5600 fot (1700 meter)<br \/>\nStektid: 4 dagar<br \/>\nTr\u00e4sort: Encino<br \/>\nFr\u00e4sning: H\u00e4stdragen molino<br \/>\nStorlek p\u00e5 Tinas: 1400 L<br \/>\nJ\u00e4sningstid: 7-10 dagar<br \/>\nVattenk\u00e4lla: Lokal k\u00e4lla (manantial)<\/p>\n","protected":false},"excerpt":{"rendered":"<p>Single Vintage Mescal<\/p>\n","protected":false},"featured_media":29654,"template":"","meta":{"_acf_changed":false,"rs_blank_template":"","rs_page_bg_color":"","slide_template_v7":""},"product_brand":[],"product_cat":[2402,2408],"product_tag":[],"class_list":{"0":"post-25060","1":"product","2":"type-product","3":"status-publish","4":"has-post-thumbnail","6":"product_cat-sprit-sv","7":"product_cat-tequila-mescal-sv","8":"pa_land-mexiko","9":"pa_procent-46-sv","10":"pa_producent-del-maguey-sv","11":"pa_region-oaxaca-sv","12":"pa_volume-70-sv-2","14":"first","15":"instock","16":"taxable","17":"shipping-taxable","18":"purchasable","19":"product-type-simple"},"bundled_by":[],"bundle_stock_status":"instock","bundle_stock_quantity":null,"bundle_virtual":false,"bundle_layout":"","bundle_add_to_cart_form_location":"","bundle_editable_in_cart":false,"bundle_sold_individually_context":"","bundle_item_grouping":"","bundle_min_size":"","bundle_max_size":"","bundle_price":[],"bundled_items":[],"bundle_sell_ids":[],"acf":[],"_links":{"self":[{"href":"https:\/\/www.raschvin.com\/sv\/wp-json\/wp\/v2\/product\/25060","targetHints":{"allow":["GET"]}}],"collection":[{"href":"https:\/\/www.raschvin.com\/sv\/wp-json\/wp\/v2\/product"}],"about":[{"href":"https:\/\/www.raschvin.com\/sv\/wp-json\/wp\/v2\/types\/product"}],"wp:featuredmedia":[{"embeddable":true,"href":"https:\/\/www.raschvin.com\/sv\/wp-json\/wp\/v2\/media\/29654"}],"wp:attachment":[{"href":"https:\/\/www.raschvin.com\/sv\/wp-json\/wp\/v2\/media?parent=25060"}],"wp:term":[{"taxonomy":"product_brand","embeddable":true,"href":"https:\/\/www.raschvin.com\/sv\/wp-json\/wp\/v2\/product_brand?post=25060"},{"taxonomy":"product_cat","embeddable":true,"href":"https:\/\/www.raschvin.com\/sv\/wp-json\/wp\/v2\/product_cat?post=25060"},{"taxonomy":"product_tag","embeddable":true,"href":"https:\/\/www.raschvin.com\/sv\/wp-json\/wp\/v2\/product_tag?post=25060"}],"curies":[{"name":"wp","href":"https:\/\/api.w.org\/{rel}","templated":true}]}}