{"id":24943,"date":"2023-05-25T17:50:05","date_gmt":"2023-05-25T15:50:05","guid":{"rendered":"https:\/\/www.raschvin.com\/produkt\/macallan-the-harmony-collection-vol-2-intense-arabica-70-cl-44\/"},"modified":"2023-03-29T09:06:43","modified_gmt":"2023-03-29T07:06:43","slug":"macallan-the-harmony-collection-vol-2-intense-arabica-70-cl-44","status":"publish","type":"product","link":"https:\/\/www.raschvin.com\/sv\/produkt\/macallan-the-harmony-collection-vol-2-intense-arabica-70-cl-44\/","title":{"rendered":"Macallan &#8211; The Harmony Collection Vol.2 Intense Arabica 70 cl. 44%"},"content":{"rendered":"<p>Max 1 fl\/ kund<\/p>\n<p>-Inspirerad av Intense Arabica.<br \/>\nMacallan Harmony Collection Intense Arabica \u00e4r en underbar upplevelse som sammanf\u00f6r whiskyns v\u00e4rld med chokladens fascinerande v\u00e4rld. Den andra upplagan av den \u00e5rliga Limited Edition-releaseserien.<br \/>\nDenna speciella Single Malt har en smak av s\u00f6t ek, tiramisu, m\u00f6rk choklad och ger en underbar kombinationsupplevelse mellan whisky och kaffe. Denna speciella singelmalt \u00e4r inspirerad av den etiopiska Arabicab\u00f6nan. Etiopien p\u00e5st\u00e5s vara kaffets f\u00f6delseplats, eftersom Arabicab\u00f6nan var den f\u00f6rsta kaffearten som odlades. Med en distinkt kaffesmak utstr\u00e5lar denna whisky toner av espresso, m\u00f6rk choklad och s\u00f6t ek. Den intensivt smakande singelmalten inbjuder dig att f\u00f6rdjupa dig i en sensorisk resa genom smak och arom.<\/p>\n<p>Harmony Collection \u00e4r en begr\u00e4nsad \u00e5rlig releaseserie inspirerad av v\u00e5r inneboende nyfikenhet och v\u00e5rt innovativa och kreativa t\u00e4nkande. Macallan Whisky Maker Steven Bremner var v\u00e4rd f\u00f6r en m\u00e4starklass med v\u00e4rldsk\u00e4nda kaffem\u00e4stare f\u00f6r att utforska processen fr\u00e5n f\u00e4lt till kopp.<\/p>\n<p>N\u00e4sa:<br \/>\nTiramisu, cappuccino, pepparkakor, russin, mandel, s\u00f6t ek, vanilj.<br \/>\nSmak:<br \/>\nEspresso, m\u00f6rk choklad, russin, tiramisu, bj\u00f6rnb\u00e4r, vanilj, paran\u00f6tter, s\u00f6t ek.<br \/>\nEftersmak:<br \/>\nL\u00e5ngt, m\u00f6rkrostat kaffe, balanserat och s\u00f6tt.<\/p>\n","protected":false},"excerpt":{"rendered":"<p>Limited Scotch Single Malt Whisky<\/p>\n","protected":false},"featured_media":29606,"template":"","meta":{"_acf_changed":false,"rs_blank_template":"","rs_page_bg_color":"","slide_template_v7":""},"product_brand":[],"product_cat":[2387,2392,4651],"product_tag":[],"class_list":{"0":"post-24943","1":"product","2":"type-product","3":"status-publish","4":"has-post-thumbnail","6":"product_cat-avec-sv","7":"product_cat-whisky-sv","8":"product_cat-single-malt-sv","9":"pa_land-skottland","10":"pa_procent-44-sv","11":"pa_producent-macallan-sv","12":"pa_region-speyside-sv","13":"pa_volume-70-sv-2","15":"first","16":"instock","17":"sold-individually","18":"taxable","19":"shipping-taxable","20":"purchasable","21":"product-type-simple"},"bundled_by":[],"bundle_stock_status":"instock","bundle_stock_quantity":5,"bundle_virtual":false,"bundle_layout":"","bundle_add_to_cart_form_location":"","bundle_editable_in_cart":false,"bundle_sold_individually_context":"","bundle_item_grouping":"","bundle_min_size":"","bundle_max_size":"","bundle_price":[],"bundled_items":[],"bundle_sell_ids":[],"acf":[],"_links":{"self":[{"href":"https:\/\/www.raschvin.com\/sv\/wp-json\/wp\/v2\/product\/24943","targetHints":{"allow":["GET"]}}],"collection":[{"href":"https:\/\/www.raschvin.com\/sv\/wp-json\/wp\/v2\/product"}],"about":[{"href":"https:\/\/www.raschvin.com\/sv\/wp-json\/wp\/v2\/types\/product"}],"wp:featuredmedia":[{"embeddable":true,"href":"https:\/\/www.raschvin.com\/sv\/wp-json\/wp\/v2\/media\/29606"}],"wp:attachment":[{"href":"https:\/\/www.raschvin.com\/sv\/wp-json\/wp\/v2\/media?parent=24943"}],"wp:term":[{"taxonomy":"product_brand","embeddable":true,"href":"https:\/\/www.raschvin.com\/sv\/wp-json\/wp\/v2\/product_brand?post=24943"},{"taxonomy":"product_cat","embeddable":true,"href":"https:\/\/www.raschvin.com\/sv\/wp-json\/wp\/v2\/product_cat?post=24943"},{"taxonomy":"product_tag","embeddable":true,"href":"https:\/\/www.raschvin.com\/sv\/wp-json\/wp\/v2\/product_tag?post=24943"}],"curies":[{"name":"wp","href":"https:\/\/api.w.org\/{rel}","templated":true}]}}