{"id":24914,"date":"2022-11-11T09:14:15","date_gmt":"2022-11-11T08:14:15","guid":{"rendered":"https:\/\/www.raschvin.com\/produkt\/crystal-bay-riesling-75-cl\/"},"modified":"2023-03-17T19:07:31","modified_gmt":"2023-03-17T18:07:31","slug":"crystal-bay-riesling-75-cl","status":"publish","type":"product","link":"https:\/\/www.raschvin.com\/sv\/produkt\/crystal-bay-riesling-75-cl\/","title":{"rendered":"Crystal Bay &#8211; Riesling 75 cl."},"content":{"rendered":"<p>Riesling fr\u00e5n Mosel. Spr\u00f6d och elegant som en riesling ska vara.<\/p>\n<p>Bra p\u00e5:<br \/>\nFisk &#8211; magert, f\u00f6rr\u00e4tter, skaldjur<\/p>\n<p>ELEGANT OCH KRISP<\/p>\n<p>Crystal Bay Riesling Feinherb \u00e4r elegant och harmonisk. Den har fina, fr\u00e4scha aromer av lime, \u00e4pple och blommor. Vinet k\u00e4nns sk\u00f6nt krispigt med en elegant syra och en l\u00e4tt s\u00f6t eftersmak.<\/p>\n<p>Njut av denna riesling med f\u00f6rr\u00e4tter, skaldjur och l\u00e4tta fiskr\u00e4tter.<\/p>\n<p>Serveringstemperatur: 8-10\u00b0C<\/p>\n<p>Tillverkning<\/p>\n<p>Crystal Bay Riesling Feinherb Mosel \u00e4r gjord p\u00e5 noga utvalda druvor fr\u00e5n Moselregionen som \u00e4r k\u00e4nd f\u00f6r att producera n\u00e5gra av v\u00e4rldens b\u00e4sta Rieslingviner.<br \/>\nVing\u00e5rdarna ligger vackert l\u00e4ngs floden Mosel och p\u00e5 flera st\u00e4llen l\u00e4ngs floden har det byggts &#8221;presshus&#8221;, d\u00e4r druvorna pressas innan musten transporteras till ving\u00e5rden. Detta s\u00e4kerst\u00e4ller den fr\u00e4scha fruktsmaken i vinet.<\/p>\n<p>Om tillverkaren<\/p>\n<p>En serie utm\u00e4rkta viner fr\u00e5n de b\u00e4sta vinregionerna i v\u00e4rlden.<br \/>\nAlla viner \u00e4r speciellt utvalda f\u00f6r serien och har fina utm\u00e4rkelser fr\u00e5n olika provningar. Med Crystal Bay-serien \u00e4r uttrycket &#8221;valuta f\u00f6r pengarna&#8221; kristallklart meningsfullt.<\/p>\n","protected":false},"excerpt":{"rendered":"<p>Mosel &#8211; Germany &#8211; Fruity Dry White<\/p>\n","protected":false},"featured_media":29584,"template":"","meta":{"_acf_changed":false,"rs_blank_template":"","rs_page_bg_color":"","slide_template_v7":""},"product_brand":[],"product_cat":[2788,2792],"product_tag":[],"class_list":{"0":"post-24914","1":"product","2":"type-product","3":"status-publish","4":"has-post-thumbnail","6":"product_cat-vin-sv","7":"product_cat-vitt-vin","8":"pa_drue-riesling-sv","9":"pa_land-tyskland-sv","10":"pa_procent-11-5-sv","11":"pa_producent-crystal-bay-sv","12":"pa_region-mosel-sv","13":"pa_serveringstemperatur-8-10-sv","14":"pa_volume-75-sv","16":"first","17":"instock","18":"taxable","19":"shipping-taxable","20":"purchasable","21":"product-type-simple"},"bundled_by":[],"bundle_stock_status":"instock","bundle_stock_quantity":null,"bundle_virtual":false,"bundle_layout":"","bundle_add_to_cart_form_location":"","bundle_editable_in_cart":false,"bundle_sold_individually_context":"","bundle_item_grouping":"","bundle_min_size":"","bundle_max_size":"","bundle_price":[],"bundled_items":[],"bundle_sell_ids":[],"acf":[],"_links":{"self":[{"href":"https:\/\/www.raschvin.com\/sv\/wp-json\/wp\/v2\/product\/24914","targetHints":{"allow":["GET"]}}],"collection":[{"href":"https:\/\/www.raschvin.com\/sv\/wp-json\/wp\/v2\/product"}],"about":[{"href":"https:\/\/www.raschvin.com\/sv\/wp-json\/wp\/v2\/types\/product"}],"wp:featuredmedia":[{"embeddable":true,"href":"https:\/\/www.raschvin.com\/sv\/wp-json\/wp\/v2\/media\/29584"}],"wp:attachment":[{"href":"https:\/\/www.raschvin.com\/sv\/wp-json\/wp\/v2\/media?parent=24914"}],"wp:term":[{"taxonomy":"product_brand","embeddable":true,"href":"https:\/\/www.raschvin.com\/sv\/wp-json\/wp\/v2\/product_brand?post=24914"},{"taxonomy":"product_cat","embeddable":true,"href":"https:\/\/www.raschvin.com\/sv\/wp-json\/wp\/v2\/product_cat?post=24914"},{"taxonomy":"product_tag","embeddable":true,"href":"https:\/\/www.raschvin.com\/sv\/wp-json\/wp\/v2\/product_tag?post=24914"}],"curies":[{"name":"wp","href":"https:\/\/api.w.org\/{rel}","templated":true}]}}