{"id":24905,"date":"2022-11-11T08:43:26","date_gmt":"2022-11-11T07:43:26","guid":{"rendered":"https:\/\/www.raschvin.com\/produkt\/crystal-bay-cabernet-sauvignon-75-cl\/"},"modified":"2023-03-17T19:03:34","modified_gmt":"2023-03-17T18:03:34","slug":"crystal-bay-cabernet-sauvignon-75-cl","status":"publish","type":"product","link":"https:\/\/www.raschvin.com\/sv\/produkt\/crystal-bay-cabernet-sauvignon-75-cl\/","title":{"rendered":"Crystal Bay &#8211; Cabernet Sauvignon 75 cl."},"content":{"rendered":"<p>Elegant och fyllig Cabernet Sauvignon med en mjuk smak av sommarmogna svarta vinb\u00e4r och m\u00f6rk frukt.<\/p>\n<p>Bra p\u00e5:<br \/>\nStarka kryddiga r\u00e4tter, pasta och pizza, ost &#8211; mild, n\u00f6tk\u00f6tt, kalvk\u00f6tt<\/p>\n<p>F\u00c4RSK OCH HARMONISK MED FIN FULLHET<\/p>\n<p>Crystal Bay Cabernet Sauvignon framtr\u00e4der med en vacker rubinr\u00f6d f\u00e4rg. I n\u00e4san k\u00e4nner man en touch av vanilj, varma kryddor och lite tobak. Smaken \u00e4r harmonisk, mjuk och fyllig med en v\u00e4lbalanserad och h\u00e4rlig ih\u00e5llande eftersmak.<\/p>\n<p>Servera vinet till r\u00e4tter med n\u00f6t- eller fl\u00e4sk, en god pastar\u00e4tt eller ett fint urval av ostar.<\/p>\n<p>Serveringstemperatur: 16-18\u00b0C<\/p>\n<p>Tillverkning<\/p>\n<p>Crystal Bay framst\u00e4lls av den \u00e4dla Bordeaux-druvan: Cabernet Sauvignon. Druvorna sk\u00f6rdas i Central Valley i Chile, d\u00e4r det torra klimatet och de friska, svala vindarna fr\u00e5n Stilla havet utvecklar druvorna s\u00e5 att de kvitterar med mjuka och eleganta viner med h\u00e4rlig fruktkoncentration.<\/p>\n<p>Vinifieringen sker enligt de modernaste metoderna, d\u00e4r j\u00e4sningstemperaturen inte \u00f6verstiger 28\u00b0 C. Vinet f\u00f6rvaras i rostfria st\u00e5ltankar fram till buteljering.<\/p>\n<p>Om tillverkaren<\/p>\n<p>En serie utm\u00e4rkta viner fr\u00e5n de b\u00e4sta vinregionerna i v\u00e4rlden.<br \/>\nAlla viner \u00e4r speciellt utvalda f\u00f6r serien och har fina utm\u00e4rkelser fr\u00e5n olika provningar. Med Crystal Bay-serien \u00e4r uttrycket &#8221;valuta f\u00f6r pengarna&#8221; kristallklart meningsfullt.<\/p>\n","protected":false},"excerpt":{"rendered":"<p>Central Valley &#8211; Chile Powerful Red<\/p>\n","protected":false},"featured_media":29560,"template":"","meta":{"_acf_changed":false,"rs_blank_template":"","rs_page_bg_color":"","slide_template_v7":""},"product_brand":[],"product_cat":[2788,2798],"product_tag":[],"class_list":{"0":"post-24905","1":"product","2":"type-product","3":"status-publish","4":"has-post-thumbnail","6":"product_cat-vin-sv","7":"product_cat-roedvin-sv","8":"pa_drue-cabernet-sauvignon-sv","9":"pa_land-chile-sv","10":"pa_procent-13-sv","11":"pa_producent-crystal-bay-sv","12":"pa_region-central-valley-sv","13":"pa_serveringstemperatur-16-18-sv","14":"pa_volume-75-sv","16":"first","17":"instock","18":"taxable","19":"shipping-taxable","20":"purchasable","21":"product-type-simple"},"bundled_by":[],"bundle_stock_status":"instock","bundle_stock_quantity":null,"bundle_virtual":false,"bundle_layout":"","bundle_add_to_cart_form_location":"","bundle_editable_in_cart":false,"bundle_sold_individually_context":"","bundle_item_grouping":"","bundle_min_size":"","bundle_max_size":"","bundle_price":[],"bundled_items":[],"bundle_sell_ids":[],"acf":[],"_links":{"self":[{"href":"https:\/\/www.raschvin.com\/sv\/wp-json\/wp\/v2\/product\/24905","targetHints":{"allow":["GET"]}}],"collection":[{"href":"https:\/\/www.raschvin.com\/sv\/wp-json\/wp\/v2\/product"}],"about":[{"href":"https:\/\/www.raschvin.com\/sv\/wp-json\/wp\/v2\/types\/product"}],"wp:featuredmedia":[{"embeddable":true,"href":"https:\/\/www.raschvin.com\/sv\/wp-json\/wp\/v2\/media\/29560"}],"wp:attachment":[{"href":"https:\/\/www.raschvin.com\/sv\/wp-json\/wp\/v2\/media?parent=24905"}],"wp:term":[{"taxonomy":"product_brand","embeddable":true,"href":"https:\/\/www.raschvin.com\/sv\/wp-json\/wp\/v2\/product_brand?post=24905"},{"taxonomy":"product_cat","embeddable":true,"href":"https:\/\/www.raschvin.com\/sv\/wp-json\/wp\/v2\/product_cat?post=24905"},{"taxonomy":"product_tag","embeddable":true,"href":"https:\/\/www.raschvin.com\/sv\/wp-json\/wp\/v2\/product_tag?post=24905"}],"curies":[{"name":"wp","href":"https:\/\/api.w.org\/{rel}","templated":true}]}}