{"id":24900,"date":"2022-11-11T08:34:15","date_gmt":"2022-11-11T07:34:15","guid":{"rendered":"https:\/\/www.raschvin.com\/produkt\/crystal-bay-sauvignon-blanc-75-cl\/"},"modified":"2023-03-17T19:09:34","modified_gmt":"2023-03-17T18:09:34","slug":"crystal-bay-sauvignon-blanc-75-cl","status":"publish","type":"product","link":"https:\/\/www.raschvin.com\/sv\/produkt\/crystal-bay-sauvignon-blanc-75-cl\/","title":{"rendered":"Crystal Bay &#8211; Sauvignon Blanc 75 cl."},"content":{"rendered":"<p>Skarp och l\u00e4cker Sauvignon Blanc fr\u00e5n Sydafrika. Glittrande klart i glaset med en h\u00e4rlig doft av fl\u00e4derblom och f\u00e4rska druvor.<\/p>\n<p>Bra p\u00e5:<br \/>\nKyckling och kalkon, sallader, skaldjur<\/p>\n<p>F\u00c4RSK OCH KRISPIGA<\/p>\n<p>Crystal Bay Sauvignon Blanc har en inbjudande klar gyllene f\u00e4rg. Det friska och livliga vinet har fruktiga toner av krusb\u00e4r, gr\u00f6na \u00e4pplen och citrus. Crystal Bay Sauvignon Blanc \u00e4r s\u00e4rskilt harmonisk med en l\u00e4tt mineralisk underton. Eftersmaken \u00e4r elegant och kryper mjukt i gommen.<br \/>\nNjut av vinet till thaimat, r\u00e4tter med l\u00e4tt k\u00f6tt eller gr\u00f6nsaker eller till ostar. Testa \u00e4ven att servera vinet till efterr\u00e4tten!<\/p>\n<p>Serveringstemperatur: 8-10\u00b0C<\/p>\n<p>Tillverkning<\/p>\n<p>Vinet \u00e4r gjort p\u00e5 druvsorten Sauvignon Blanc, som mognar l\u00e5ngsamt i det relativt svala klimatet i Western Cape-regionen i Sydafrika. Druvorna mognar perfekt i omr\u00e5dets medelhavsklimat. Druvorna plockas under de svala morgontimmarna f\u00f6r att s\u00e4kerst\u00e4lla druvornas friskhet och syra. De avskalas sedan och pressas snabbt. J\u00e4sning sker vid l\u00e5g temperatur i rostfria st\u00e5ltankar.<\/p>\n<p>CO2 &#8211; Milj\u00f6v\u00e4nlig<\/p>\n<p>Transport av vin i bulk fr\u00e5n ursprungslandet till buteljering i Danmark utg\u00f6r en avsev\u00e4rt minskad CO2-belastning j\u00e4mf\u00f6rt med vin som importeras p\u00e5 flaska. Som ett erk\u00e4nnande av det minskade CO2-avtrycket, men ocks\u00e5 f\u00f6rs\u00e4kran om vinets kvalitet samt de ekonomiska f\u00f6rdelarna med att transportera vin i bulk, utg\u00f6r bulkvin en allt st\u00f6rre del av v\u00e5r verksamhet. L\u00e4s mer h\u00e4r &#8211; www.co2friendlywine.eu.<\/p>\n<p>Om tillverkaren<\/p>\n<p>En serie utm\u00e4rkta viner fr\u00e5n de b\u00e4sta vinregionerna i v\u00e4rlden.<br \/>\nAlla viner \u00e4r speciellt utvalda f\u00f6r serien och har fina utm\u00e4rkelser fr\u00e5n olika provningar. Med Crystal Bay-serien \u00e4r uttrycket &#8221;valuta f\u00f6r pengarna&#8221; kristallklart meningsfullt.<\/p>\n<p>Recensioner fr\u00e5n andra \u00e5r<\/p>\n<p>\u00c5r 2019<\/p>\n<p> \u2014 Luca Maroni (2020-09-30)<\/p>\n","protected":false},"excerpt":{"rendered":"<p>Western Cape &#8211; South Africa Dry White<\/p>\n","protected":false},"featured_media":29582,"template":"","meta":{"_acf_changed":false,"rs_blank_template":"","rs_page_bg_color":"","slide_template_v7":""},"product_brand":[],"product_cat":[2788,2792],"product_tag":[],"class_list":{"0":"post-24900","1":"product","2":"type-product","3":"status-publish","4":"has-post-thumbnail","6":"product_cat-vin-sv","7":"product_cat-vitt-vin","8":"pa_drue-sauvignon-blanc-sv","9":"pa_land-sydafrika-sv-2","10":"pa_procent-12-5-sv","11":"pa_producent-crystal-bay-sv","12":"pa_region-western-cape-sv","13":"pa_serveringstemperatur-8-10-sv","14":"pa_volume-75-sv","16":"first","17":"instock","18":"taxable","19":"shipping-taxable","20":"purchasable","21":"product-type-simple"},"bundled_by":[],"bundle_stock_status":"instock","bundle_stock_quantity":null,"bundle_virtual":false,"bundle_layout":"","bundle_add_to_cart_form_location":"","bundle_editable_in_cart":false,"bundle_sold_individually_context":"","bundle_item_grouping":"","bundle_min_size":"","bundle_max_size":"","bundle_price":[],"bundled_items":[],"bundle_sell_ids":[],"acf":[],"_links":{"self":[{"href":"https:\/\/www.raschvin.com\/sv\/wp-json\/wp\/v2\/product\/24900","targetHints":{"allow":["GET"]}}],"collection":[{"href":"https:\/\/www.raschvin.com\/sv\/wp-json\/wp\/v2\/product"}],"about":[{"href":"https:\/\/www.raschvin.com\/sv\/wp-json\/wp\/v2\/types\/product"}],"wp:featuredmedia":[{"embeddable":true,"href":"https:\/\/www.raschvin.com\/sv\/wp-json\/wp\/v2\/media\/29582"}],"wp:attachment":[{"href":"https:\/\/www.raschvin.com\/sv\/wp-json\/wp\/v2\/media?parent=24900"}],"wp:term":[{"taxonomy":"product_brand","embeddable":true,"href":"https:\/\/www.raschvin.com\/sv\/wp-json\/wp\/v2\/product_brand?post=24900"},{"taxonomy":"product_cat","embeddable":true,"href":"https:\/\/www.raschvin.com\/sv\/wp-json\/wp\/v2\/product_cat?post=24900"},{"taxonomy":"product_tag","embeddable":true,"href":"https:\/\/www.raschvin.com\/sv\/wp-json\/wp\/v2\/product_tag?post=24900"}],"curies":[{"name":"wp","href":"https:\/\/api.w.org\/{rel}","templated":true}]}}