{"id":24845,"date":"2022-11-10T19:10:34","date_gmt":"2022-11-10T18:10:34","guid":{"rendered":"https:\/\/www.raschvin.com\/produkt\/teeling-whiskey-single-pot-still-70-cl-46\/"},"modified":"2023-04-07T08:26:12","modified_gmt":"2023-04-07T06:26:12","slug":"teeling-whiskey-single-pot-still-70-cl-46","status":"publish","type":"product","link":"https:\/\/www.raschvin.com\/sv\/produkt\/teeling-whiskey-single-pot-still-70-cl-46\/","title":{"rendered":"Teeling Whiskey &#8211; Single Pot Still Batch Nr.3 70 cl. 46%"},"content":{"rendered":"<p>Uppt\u00e4ck en okonventionell version av en klassisk irl\u00e4ndsk whiskystil. Den f\u00f6rsta whiskyn som destillerats i Dublin p\u00e5 n\u00e4stan 50 \u00e5r, v\u00e5r Single Pot Still hyllar en Dublin-stil som gjorts k\u00e4nd av de gamla, nu st\u00e4ngda, Dublin Whisky Distilleries.<\/p>\n<p>Smakanteckningar<br \/>\nN\u00e4san avger toner av hibiskusblommor, honungskaka, vitt druvk\u00f6tt, grapefrukt och citrus. Smaken har inslag av litchi, mer vita druvnoter tillsammans med vitpeppar, varma, rostade persikor och bakade kex. Det hela \u00e4r inlindat med en torr finish, med inslag av kryddor, rostad mandel och l\u00f6nnsocker kvar i munnen.<\/p>\n<p>Teeling Single Pot Still Irish Whisky \u00e4r tillverkad med en unik irl\u00e4ndsk m\u00e4skn\u00e4bb som best\u00e5r av 50 % m\u00e4ltat och 50 % om\u00e4ltat korn som har trippeldestillerats och mognat i en kombination av fat av American Virgin Oak, Bourbon och Sherry.<\/p>\n<p>Det \u00e4r inte s\u00e5 alla g\u00f6r irl\u00e4ndsk whisky \u2013 det \u00e4r Teeling-s\u00e4ttet. Det \u00e4r Spirit of Dublin.<\/p>\n<p>Traditionellt Dublin-recept, d\u00e4r det s\u00f6ta kexelementet i det m\u00e4ltade kornet blandas utan anstr\u00e4ngning med krydd- och gr\u00e4ddelementen i det om\u00e4ltade v\u00e5rkornet.<\/p>\n<p>Anv\u00e4ndningen av en tv\u00e4ttbak i tr\u00e4 ger v\u00e5r pot still whisky dess fruktiga och l\u00e4tta blommiga doft. Trippeldestillerade i v\u00e5rt Dublin-destilleri, v\u00e5ra Pot Stills bevarar spannm\u00e5len och j\u00e4sningselementen under destillationen, vilket g\u00f6r att vi kan beh\u00e5lla den kryddiga och kr\u00e4miga munk\u00e4nslan.<br \/>\nMetoder Fat<\/p>\n<p>Mognad i American Virgin Oak, Ex-Bourbon och Ex-Sherry Barrels ger olika smaker fr\u00e5n varje och l\u00e4mnar oss med en unik krydda, gr\u00e4dde och muscovados\u00f6tma.<\/p>\n","protected":false},"excerpt":{"rendered":"<p> Non Chill Filtered Irish Whiskey<\/p>\n","protected":false},"featured_media":29538,"template":"","meta":{"_acf_changed":false,"rs_blank_template":"","rs_page_bg_color":"","slide_template_v7":""},"product_brand":[],"product_cat":[2387,4768,2392],"product_tag":[],"class_list":{"0":"post-24845","1":"product","2":"type-product","3":"status-publish","4":"has-post-thumbnail","6":"product_cat-avec-sv","7":"product_cat-irish-pot-still-sv","8":"product_cat-whisky-sv","9":"pa_land-irland-sv","10":"pa_procent-46-sv","11":"pa_producent-teeling-sv","12":"pa_region-dublin-sv","13":"pa_volume-70-sv-2","15":"first","16":"instock","17":"sale","18":"taxable","19":"shipping-taxable","20":"purchasable","21":"product-type-simple"},"bundled_by":[],"bundle_stock_status":"instock","bundle_stock_quantity":null,"bundle_virtual":false,"bundle_layout":"","bundle_add_to_cart_form_location":"","bundle_editable_in_cart":false,"bundle_sold_individually_context":"","bundle_item_grouping":"","bundle_min_size":"","bundle_max_size":"","bundle_price":[],"bundled_items":[],"bundle_sell_ids":[],"acf":[],"_links":{"self":[{"href":"https:\/\/www.raschvin.com\/sv\/wp-json\/wp\/v2\/product\/24845","targetHints":{"allow":["GET"]}}],"collection":[{"href":"https:\/\/www.raschvin.com\/sv\/wp-json\/wp\/v2\/product"}],"about":[{"href":"https:\/\/www.raschvin.com\/sv\/wp-json\/wp\/v2\/types\/product"}],"wp:featuredmedia":[{"embeddable":true,"href":"https:\/\/www.raschvin.com\/sv\/wp-json\/wp\/v2\/media\/29538"}],"wp:attachment":[{"href":"https:\/\/www.raschvin.com\/sv\/wp-json\/wp\/v2\/media?parent=24845"}],"wp:term":[{"taxonomy":"product_brand","embeddable":true,"href":"https:\/\/www.raschvin.com\/sv\/wp-json\/wp\/v2\/product_brand?post=24845"},{"taxonomy":"product_cat","embeddable":true,"href":"https:\/\/www.raschvin.com\/sv\/wp-json\/wp\/v2\/product_cat?post=24845"},{"taxonomy":"product_tag","embeddable":true,"href":"https:\/\/www.raschvin.com\/sv\/wp-json\/wp\/v2\/product_tag?post=24845"}],"curies":[{"name":"wp","href":"https:\/\/api.w.org\/{rel}","templated":true}]}}