{"id":24839,"date":"2022-11-10T18:44:09","date_gmt":"2022-11-10T17:44:09","guid":{"rendered":"https:\/\/www.raschvin.com\/produkt\/licor-crema-de-limon-con-tequila-teichenne-70-cl-17\/"},"modified":"2024-12-19T08:29:59","modified_gmt":"2024-12-19T07:29:59","slug":"licor-crema-de-limon-con-tequila-teichenne-70-cl-17","status":"publish","type":"product","link":"https:\/\/www.raschvin.com\/sv\/produkt\/licor-crema-de-limon-con-tequila-teichenne-70-cl-17\/","title":{"rendered":"Kilda Limon 70 cl. 17%"},"content":{"rendered":"<p>Ny smak i familjen av kr\u00e4mer med Tequila! Nu kan du njuta av den fr\u00e4scha smaken av citron, som kombineras perfekt med doften av gr\u00e4dde fr\u00e5n mejeribasen och de subtila nyanserna i den destillerade agaven.<\/p>\n<p>Lemon Cream with Tequila \u00e4r gjord med \u00e4kta mexikansk tequila kombinerat med de fr\u00e4scha tonerna av destillerad citron. Elegant, sofistikerad och modern. Mj\u00f6lkbaserad kr\u00e4mig dryck. Servera mycket kall. Inneh\u00e5ller mj\u00f6lk.<\/p>\n","protected":false},"excerpt":{"rendered":"<p>Premium Lemon Cream Liqueur \u2013 Spain<\/p>\n","protected":false},"featured_media":79088,"template":"","meta":{"_acf_changed":false,"rs_blank_template":"","rs_page_bg_color":"","slide_template_v7":""},"product_brand":[],"product_cat":[2387,2390,4673],"product_tag":[],"class_list":{"0":"post-24839","1":"product","2":"type-product","3":"status-publish","4":"has-post-thumbnail","6":"product_cat-avec-sv","7":"product_cat-sprit","8":"product_cat-creme-sv","9":"pa_land-spanien-sv","10":"pa_procent-17-sv","11":"pa_producent-teichenne-sv","12":"pa_volume-70-sv-2","14":"first","15":"instock","16":"sale","17":"taxable","18":"shipping-taxable","19":"purchasable","20":"product-type-simple"},"bundled_by":[],"bundle_stock_status":"instock","bundle_stock_quantity":null,"bundle_virtual":false,"bundle_layout":"","bundle_add_to_cart_form_location":"","bundle_editable_in_cart":false,"bundle_sold_individually_context":"","bundle_item_grouping":"","bundle_min_size":"","bundle_max_size":"","bundle_price":[],"bundled_items":[],"bundle_sell_ids":[],"acf":[],"_links":{"self":[{"href":"https:\/\/www.raschvin.com\/sv\/wp-json\/wp\/v2\/product\/24839","targetHints":{"allow":["GET"]}}],"collection":[{"href":"https:\/\/www.raschvin.com\/sv\/wp-json\/wp\/v2\/product"}],"about":[{"href":"https:\/\/www.raschvin.com\/sv\/wp-json\/wp\/v2\/types\/product"}],"wp:featuredmedia":[{"embeddable":true,"href":"https:\/\/www.raschvin.com\/sv\/wp-json\/wp\/v2\/media\/79088"}],"wp:attachment":[{"href":"https:\/\/www.raschvin.com\/sv\/wp-json\/wp\/v2\/media?parent=24839"}],"wp:term":[{"taxonomy":"product_brand","embeddable":true,"href":"https:\/\/www.raschvin.com\/sv\/wp-json\/wp\/v2\/product_brand?post=24839"},{"taxonomy":"product_cat","embeddable":true,"href":"https:\/\/www.raschvin.com\/sv\/wp-json\/wp\/v2\/product_cat?post=24839"},{"taxonomy":"product_tag","embeddable":true,"href":"https:\/\/www.raschvin.com\/sv\/wp-json\/wp\/v2\/product_tag?post=24839"}],"curies":[{"name":"wp","href":"https:\/\/api.w.org\/{rel}","templated":true}]}}