{"id":24776,"date":"2022-11-10T14:42:04","date_gmt":"2022-11-10T13:42:04","guid":{"rendered":"https:\/\/www.raschvin.com\/produkt\/cointreau-fizz-giftpack-70-cl-glass-40\/"},"modified":"2023-03-16T09:05:28","modified_gmt":"2023-03-16T08:05:28","slug":"cointreau-fizz-giftpack-70-cl-glass-40","status":"publish","type":"product","link":"https:\/\/www.raschvin.com\/sv\/produkt\/cointreau-fizz-giftpack-70-cl-glass-40\/","title":{"rendered":"Cointreau Fizz Giftpack 70 cl. + Glass 40%"},"content":{"rendered":"<p>Cointreau \u00e4r v\u00e4rldsledande och mest prisbel\u00f8nnede appelsinlik\u00f6r eller &#8221;triple sec&#8221;. Den blev skapad i 1910 och ingick i originaluppskrifter p\u00e5 k\u00e4nda cocktails som White Lady, Sidecar, Margarita och Cosmopolitan.<br \/>\nCointreau \u00e4r tillverkad p\u00e5 bitre och s\u00f6ta appelsiner. Smagen \u00e4r aromatisk, v\u00e4lafbalanceret, frisk och inte f\u00f6r s\u00f6t. Duften er frisk, ren och let parfumeret med noter af appelsinskal. Den kan serveras avk\u00f8let, med \u00e4r eller i cocktails.<\/p>\n<p>Gave\u00e6sken inneh\u00e5ller en flaska Cointreau 70 cl och et flot Cointreau-glas, som kan anv\u00e4ndas till serverade drinkar och cocktails med Cointreau, till exempel Cointreau Fizz med Cointreau, frisk limesaft och danskvand.<br \/>\n70 cl. \/ 40 %<\/p>\n","protected":false},"excerpt":{"rendered":"<p>French Orange Liqueur<\/p>\n","protected":false},"featured_media":29432,"template":"","meta":{"_acf_changed":false,"rs_blank_template":"","rs_page_bg_color":"","slide_template_v7":""},"product_brand":[],"product_cat":[2387,2754,4670,2753,2390],"product_tag":[],"class_list":{"0":"post-24776","1":"product","2":"type-product","3":"status-publish","4":"has-post-thumbnail","6":"product_cat-avec-sv","7":"product_cat-foeretagspresenter","8":"product_cat-frukt","9":"product_cat-gaavor","10":"product_cat-sprit","11":"pa_land-frankrike","12":"pa_procent-40-sv-2","13":"pa_producent-remy-cointreau-sv","14":"pa_volume-70-sv-2","16":"first","17":"outofstock","18":"sale","19":"taxable","20":"shipping-taxable","21":"purchasable","22":"product-type-simple"},"bundled_by":[],"bundle_stock_status":"outofstock","bundle_stock_quantity":null,"bundle_virtual":false,"bundle_layout":"","bundle_add_to_cart_form_location":"","bundle_editable_in_cart":false,"bundle_sold_individually_context":"","bundle_item_grouping":"","bundle_min_size":"","bundle_max_size":"","bundle_price":[],"bundled_items":[],"bundle_sell_ids":[],"acf":[],"_links":{"self":[{"href":"https:\/\/www.raschvin.com\/sv\/wp-json\/wp\/v2\/product\/24776","targetHints":{"allow":["GET"]}}],"collection":[{"href":"https:\/\/www.raschvin.com\/sv\/wp-json\/wp\/v2\/product"}],"about":[{"href":"https:\/\/www.raschvin.com\/sv\/wp-json\/wp\/v2\/types\/product"}],"wp:featuredmedia":[{"embeddable":true,"href":"https:\/\/www.raschvin.com\/sv\/wp-json\/wp\/v2\/media\/29432"}],"wp:attachment":[{"href":"https:\/\/www.raschvin.com\/sv\/wp-json\/wp\/v2\/media?parent=24776"}],"wp:term":[{"taxonomy":"product_brand","embeddable":true,"href":"https:\/\/www.raschvin.com\/sv\/wp-json\/wp\/v2\/product_brand?post=24776"},{"taxonomy":"product_cat","embeddable":true,"href":"https:\/\/www.raschvin.com\/sv\/wp-json\/wp\/v2\/product_cat?post=24776"},{"taxonomy":"product_tag","embeddable":true,"href":"https:\/\/www.raschvin.com\/sv\/wp-json\/wp\/v2\/product_tag?post=24776"}],"curies":[{"name":"wp","href":"https:\/\/api.w.org\/{rel}","templated":true}]}}