{"id":24773,"date":"2026-02-19T07:27:05","date_gmt":"2026-02-19T06:27:05","guid":{"rendered":"https:\/\/www.raschvin.com\/produkt\/citadelle-gin-jardin-dete-70-cl-415\/"},"modified":"2023-08-08T08:49:22","modified_gmt":"2023-08-08T06:49:22","slug":"citadelle-gin-jardin-dete-70-cl-415__trashed","status":"publish","type":"product","link":"https:\/\/www.raschvin.com\/sv\/produkt\/citadelle-gin-jardin-dete-70-cl-415__trashed\/","title":{"rendered":"Citadelle Gin &#8211; Jardin d&#8217;\u00c9t\u00e9 70 cl. 41,5%"},"content":{"rendered":"<p>Citadelle Jardin d&#8217;\u00e9t\u00e9 \u00e4r en sommarfr\u00e4sch och citrusig gin fr\u00e5n Charente i Frankrike. Doften vimlar av cantaloupemelon, yuzu och citron, som tillsammans med 19 andra v\u00e4xter ger en intensiv, komplex och balanserad gin. Det \u00e4r verkligen som en promenad i en sydfransk sommartr\u00e4dg\u00e5rd!<\/p>\n<p>F\u00e4rg: Klar.<br \/>\nArom: En imponerande stor doft som hoppar ur glaset med melon, citronskal, yuzu och enb\u00e4r.<br \/>\nSmaknoter: Crisp och frisk, men ocks\u00e5 med en l\u00e4tt s\u00f6tma. Fin balans. Mandarin, mandel, en hint av muskot \u2013 och mycket citrus.<\/p>\n<p>Serveringsf\u00f6rslag: Njut av den 1:2 med en god tonic och en twist av citronskal.<\/p>\n","protected":false},"excerpt":{"rendered":"<p>Gin de France &#8211; Infusion Of Fruits &#038; Aromatics<\/p>\n","protected":false},"featured_media":29448,"template":"","meta":{"_acf_changed":false,"rs_blank_template":"","rs_page_bg_color":"","slide_template_v7":""},"product_brand":[],"product_cat":[4711,2404,8359,2402],"product_tag":[],"class_list":{"0":"post-24773","1":"product","2":"type-product","3":"status-publish","4":"has-post-thumbnail","6":"product_cat-andra-gins","7":"product_cat-gin-sv","8":"product_cat-planteray-sv","9":"product_cat-sprit-sv","10":"pa_land-frankrike","11":"pa_procent-41-5-2-sv","12":"pa_producent-maison-ferrand-sv","13":"pa_volume-70-sv-2","15":"first","16":"instock","17":"sale","18":"taxable","19":"shipping-taxable","20":"purchasable","21":"product-type-simple"},"bundled_by":["58811"],"bundle_stock_status":"instock","bundle_stock_quantity":null,"bundle_virtual":false,"bundle_layout":"","bundle_add_to_cart_form_location":"","bundle_editable_in_cart":false,"bundle_sold_individually_context":"","bundle_item_grouping":"","bundle_min_size":"","bundle_max_size":"","bundle_price":[],"bundled_items":[],"bundle_sell_ids":[],"acf":[],"_links":{"self":[{"href":"https:\/\/www.raschvin.com\/sv\/wp-json\/wp\/v2\/product\/24773","targetHints":{"allow":["GET"]}}],"collection":[{"href":"https:\/\/www.raschvin.com\/sv\/wp-json\/wp\/v2\/product"}],"about":[{"href":"https:\/\/www.raschvin.com\/sv\/wp-json\/wp\/v2\/types\/product"}],"wp:featuredmedia":[{"embeddable":true,"href":"https:\/\/www.raschvin.com\/sv\/wp-json\/wp\/v2\/media\/29448"}],"wp:attachment":[{"href":"https:\/\/www.raschvin.com\/sv\/wp-json\/wp\/v2\/media?parent=24773"}],"wp:term":[{"taxonomy":"product_brand","embeddable":true,"href":"https:\/\/www.raschvin.com\/sv\/wp-json\/wp\/v2\/product_brand?post=24773"},{"taxonomy":"product_cat","embeddable":true,"href":"https:\/\/www.raschvin.com\/sv\/wp-json\/wp\/v2\/product_cat?post=24773"},{"taxonomy":"product_tag","embeddable":true,"href":"https:\/\/www.raschvin.com\/sv\/wp-json\/wp\/v2\/product_tag?post=24773"}],"curies":[{"name":"wp","href":"https:\/\/api.w.org\/{rel}","templated":true}]}}