{"id":24770,"date":"2022-11-10T14:27:31","date_gmt":"2022-11-10T13:27:31","guid":{"rendered":"https:\/\/www.raschvin.com\/produkt\/jameson-100-cl-40\/"},"modified":"2023-03-26T21:32:38","modified_gmt":"2023-03-26T19:32:38","slug":"jameson-100-cl-40","status":"publish","type":"product","link":"https:\/\/www.raschvin.com\/sv\/produkt\/jameson-100-cl-40\/","title":{"rendered":"Jameson 100 cl. 40%"},"content":{"rendered":"<p>Jameson Irish Whisky \u00e4r v\u00e4rldens mest s\u00e5lda irl\u00e4ndska whisky. Jameson Caskmates var ursprungligen ett experiment mellan Jameson och ett kraftigt bryggeri. Det blev en \u00f6verv\u00e4ldigande framg\u00e5ng och sattes i produktion.<\/p>\n<p>Jameson Irish Whisky har en l\u00e4tt blommig doft som kompletteras med kryddigt tr\u00e4 och s\u00f6ta toner. Smaken \u00e4r i perfekt balans med kryddiga och n\u00f6tiga toner, toner av vanilj och inslag av s\u00f6t sherry. Den har en exceptionell j\u00e4mnhet.<\/p>\n<p>Whiskyn kan avnjutas f\u00f6r sig eller anv\u00e4ndas i en uts\u00f6kt drink eller Irish Coffee.<br \/>\n100 cl. \/ 40 %<\/p>\n<p>JAMESON WHISKY<br \/>\nJameson \u00e4r v\u00e4rldens mest popul\u00e4ra irl\u00e4ndska whisky och det tredje st\u00f6rsta destilleriet i v\u00e4rlden. Jameson whisky tillverkas i Cork, och de s\u00e4ljer \u00f6ver 30 miljoner flaskor om \u00e5ret.<br \/>\nTraditionen med Jameson whisky b\u00f6rjade redan 1780. John Jameson, som \u00e4r grundare och f\u00f6re detta Master Distiller, trodde att det b\u00e4sta s\u00e4ttet att producera whisky var att destillera den tre g\u00e5nger.<br \/>\nDenna whisky \u00e4r ett samarbete mellan Master Distiller p\u00e5 Jameson och bryggm\u00e4staren p\u00e5 Franciscan Well. De tv\u00e5 destillerierna byter ut fat som har inneh\u00e5llit whisky och \u00f6l f\u00f6r lagring.<\/p>\n","protected":false},"excerpt":{"rendered":"<p>Classic Irish Whiskey &#8211; Triple Distilled <\/p>\n","protected":false},"featured_media":29468,"template":"","meta":{"_acf_changed":false,"rs_blank_template":"","rs_page_bg_color":"","slide_template_v7":""},"product_brand":[],"product_cat":[2387,4765,4768,2392],"product_tag":[],"class_list":{"0":"post-24770","1":"product","2":"type-product","3":"status-publish","4":"has-post-thumbnail","6":"product_cat-avec-sv","7":"product_cat-blended-sv","8":"product_cat-irish-pot-still-sv","9":"product_cat-whisky-sv","10":"pa_land-irland-sv","11":"pa_procent-40-sv-2","12":"pa_producent-pernod-ricard-sv","13":"pa_volume-100-sv","15":"first","16":"instock","17":"taxable","18":"shipping-taxable","19":"purchasable","20":"product-type-simple"},"bundled_by":[],"bundle_stock_status":"instock","bundle_stock_quantity":null,"bundle_virtual":false,"bundle_layout":"","bundle_add_to_cart_form_location":"","bundle_editable_in_cart":false,"bundle_sold_individually_context":"","bundle_item_grouping":"","bundle_min_size":"","bundle_max_size":"","bundle_price":[],"bundled_items":[],"bundle_sell_ids":[],"acf":[],"_links":{"self":[{"href":"https:\/\/www.raschvin.com\/sv\/wp-json\/wp\/v2\/product\/24770","targetHints":{"allow":["GET"]}}],"collection":[{"href":"https:\/\/www.raschvin.com\/sv\/wp-json\/wp\/v2\/product"}],"about":[{"href":"https:\/\/www.raschvin.com\/sv\/wp-json\/wp\/v2\/types\/product"}],"wp:featuredmedia":[{"embeddable":true,"href":"https:\/\/www.raschvin.com\/sv\/wp-json\/wp\/v2\/media\/29468"}],"wp:attachment":[{"href":"https:\/\/www.raschvin.com\/sv\/wp-json\/wp\/v2\/media?parent=24770"}],"wp:term":[{"taxonomy":"product_brand","embeddable":true,"href":"https:\/\/www.raschvin.com\/sv\/wp-json\/wp\/v2\/product_brand?post=24770"},{"taxonomy":"product_cat","embeddable":true,"href":"https:\/\/www.raschvin.com\/sv\/wp-json\/wp\/v2\/product_cat?post=24770"},{"taxonomy":"product_tag","embeddable":true,"href":"https:\/\/www.raschvin.com\/sv\/wp-json\/wp\/v2\/product_tag?post=24770"}],"curies":[{"name":"wp","href":"https:\/\/api.w.org\/{rel}","templated":true}]}}