{"id":24755,"date":"2022-11-10T13:58:52","date_gmt":"2022-11-10T12:58:52","guid":{"rendered":"https:\/\/www.raschvin.com\/produkt\/finsbury-wild-strawberry-gin-70-cl-375\/"},"modified":"2023-03-23T08:19:32","modified_gmt":"2023-03-23T07:19:32","slug":"finsbury-wild-strawberry-gin-70-cl-375","status":"publish","type":"product","link":"https:\/\/www.raschvin.com\/sv\/produkt\/finsbury-wild-strawberry-gin-70-cl-375\/","title":{"rendered":"Finsbury Wild Strawberry Gin 70 cl. 37,5%"},"content":{"rendered":"<p>Grunden f\u00f6r Finsbury Wild Strawberry Gin \u00e4r det klassiska receptet p\u00e5 Finsbury London Dry Gin, of\u00f6r\u00e4ndrat sedan 1740. Den \u00e4r baserad p\u00e5 10 v\u00e4xter, inklusive torkat apelsinskal och kanelbark. Endast naturliga fruktsmaker av h\u00f6gsta kvalitet anv\u00e4nds, som \u00e4r integrerade i smakprofilen f\u00f6r Finsbury London Dry Gin.<\/p>\n<p>Resultatet \u00e4r en perfekt balans och en f\u00f6rf\u00f6risk twist med s\u00f6tma fr\u00e5n r\u00f6da b\u00e4r. Finsbury Wild Strawberry Gin kombinerar s\u00f6tman fr\u00e5n f\u00e4rska jordgubbsnoter, inramade av r\u00f6da b\u00e4r och en harmonisk finish av subtila enb\u00e4rs- och citrusnoter som har varit ett k\u00e4nnetecken f\u00f6r Finsbury London Dry Gin i \u00f6ver 250 \u00e5r.<\/p>\n<p>Finsbury Wild Strawberry Gin \u00e4r en smakfull promenad genom den blomstrande Finsbury Park i det livliga distriktet med samma namn i norra delen av den brittiska huvudstaden. Parken \u00e4r bara en av m\u00e5nga platser i London som forts\u00e4tter att stolt b\u00e4ra namnet p\u00e5 destilleriet som byggts av Joseph Bishop.<br \/>\n70 cl. \/ 37,5 %<\/p>\n<p>FINSBURY DISTILLERI<\/p>\n<p>\u00c5r 1740 grundades The Finsbury Distillery i London av Joseph Bishop och har \u00e4nda sedan dess varit en av Englands finaste spritdrycker. Joseph Bishop samlade det b\u00e4sta av de b\u00e4sta v\u00e4xterna och blandade dem med ett v\u00e4lbevarat och till denna dag of\u00f6r\u00e4ndrat recept.<\/p>\n","protected":false},"excerpt":{"rendered":"<p>Pink Premium Gin<\/p>\n","protected":false},"featured_media":29460,"template":"","meta":{"_acf_changed":false,"rs_blank_template":"","rs_page_bg_color":"","slide_template_v7":""},"product_brand":[],"product_cat":[4700,2404,4697,2402],"product_tag":[],"class_list":{"0":"post-24755","1":"product","2":"type-product","3":"status-publish","4":"has-post-thumbnail","6":"product_cat-flavoured-gin-sv","7":"product_cat-gin-sv","8":"product_cat-rose-gin-sv","9":"product_cat-sprit-sv","10":"pa_land-england-sv","11":"pa_procent-37-5-sv","12":"pa_producent-borco-international-sv","13":"pa_volume-70-sv-2","15":"first","16":"instock","17":"sale","18":"taxable","19":"shipping-taxable","20":"purchasable","21":"product-type-simple"},"bundled_by":[],"bundle_stock_status":"instock","bundle_stock_quantity":null,"bundle_virtual":false,"bundle_layout":"","bundle_add_to_cart_form_location":"","bundle_editable_in_cart":false,"bundle_sold_individually_context":"","bundle_item_grouping":"","bundle_min_size":"","bundle_max_size":"","bundle_price":[],"bundled_items":[],"bundle_sell_ids":[],"acf":[],"_links":{"self":[{"href":"https:\/\/www.raschvin.com\/sv\/wp-json\/wp\/v2\/product\/24755","targetHints":{"allow":["GET"]}}],"collection":[{"href":"https:\/\/www.raschvin.com\/sv\/wp-json\/wp\/v2\/product"}],"about":[{"href":"https:\/\/www.raschvin.com\/sv\/wp-json\/wp\/v2\/types\/product"}],"wp:featuredmedia":[{"embeddable":true,"href":"https:\/\/www.raschvin.com\/sv\/wp-json\/wp\/v2\/media\/29460"}],"wp:attachment":[{"href":"https:\/\/www.raschvin.com\/sv\/wp-json\/wp\/v2\/media?parent=24755"}],"wp:term":[{"taxonomy":"product_brand","embeddable":true,"href":"https:\/\/www.raschvin.com\/sv\/wp-json\/wp\/v2\/product_brand?post=24755"},{"taxonomy":"product_cat","embeddable":true,"href":"https:\/\/www.raschvin.com\/sv\/wp-json\/wp\/v2\/product_cat?post=24755"},{"taxonomy":"product_tag","embeddable":true,"href":"https:\/\/www.raschvin.com\/sv\/wp-json\/wp\/v2\/product_tag?post=24755"}],"curies":[{"name":"wp","href":"https:\/\/api.w.org\/{rel}","templated":true}]}}