{"id":24570,"date":"2022-11-08T14:00:39","date_gmt":"2022-11-08T13:00:39","guid":{"rendered":"https:\/\/www.raschvin.com\/produkt\/stork-club-smoky-rye-whiskey-50-cl-50\/"},"modified":"2023-04-05T08:31:52","modified_gmt":"2023-04-05T06:31:52","slug":"stork-club-smoky-rye-whiskey-50-cl-50","status":"publish","type":"product","link":"https:\/\/www.raschvin.com\/sv\/produkt\/stork-club-smoky-rye-whiskey-50-cl-50\/","title":{"rendered":"Stork Club &#8211; Smoky Rye Whiskey 50 cl. 50%"},"content":{"rendered":"<p>Tysklands Stork Club fick tag p\u00e5 n\u00e5gra whiskyfat fr\u00e5n Islays Laphroaig och mognade lite av sin egen r\u00e5gwhisky i dem, vilket skapade&#8230; Stork Club Smoky Rye! Laphroaigfaten har, vid sidan av f\u00f6rstafyllda amerikanska ekfat och tyska Napoleonfat, gett en distinkt torvaktig hint till detta uttryck, som fungerar bra med r\u00e5gens v\u00e4lbekanta kryddighet. Tror detta kommer att ge n\u00e5gra riktigt sp\u00e4nnande cocktails!<\/p>\n<p>N\u00e4sa: Rostat br\u00f6d med ett lager Nutella, l\u00e4gereldsgl\u00f6d och apelsinolja.<\/p>\n<p>Smak: K\u00f6ttig r\u00f6k och farinsocker, med n\u00e5gra inslag av kassia och svartpeppar.<\/p>\n<p>Finish: Dr\u00f6jande BBQ-smak<\/p>\n<p>60 kilometer fr\u00e5n Berlin, mitt i Tysklands spannm\u00e5lsmagasin, Brandenburg, ligger Spreewood-destilleriet. \u00c5krarna runt destilleriet levererar r\u00e5gen till whiskyn \u2013 faktiskt \u00e4r Brandenburg Europas st\u00f6rsta r\u00e5gproducerande omr\u00e5de och \u00e4ven amerikanska destillerier k\u00f6per spannm\u00e5l h\u00e4rifr\u00e5n till sina r\u00e5gwhisky! Steffen Lohr, Bastian Heuser, Sebastian Brack tog \u00f6ver destilleriet 2016. Sedan dess har de \u00e4gnat tiden \u00e5t att f\u00f6rfina de 2 recepten som destilleriet arbetar med: det ena p\u00e5 100 % m\u00e4ltad r\u00e5g, och det andra 100 % om\u00e4ltad r\u00e5g. Den om\u00e4ltade r\u00e5gen ger en mer robust och kryddig whisky, medan den m\u00e4ltade \u00e4r rundare, mjukare och s\u00f6tare. Efter destilleringen fylls spriten p\u00e5 fat till 60 % \u2013 och h\u00e4r anv\u00e4nds b\u00e5de bourbon-, sherry- och vinfat fr\u00e5n utvalda ving\u00e5rdar i Tyskland.<\/p>\n","protected":false},"excerpt":{"rendered":"<p>German Rye Whiskey<\/p>\n","protected":false},"featured_media":29374,"template":"","meta":{"_acf_changed":false,"rs_blank_template":"","rs_page_bg_color":"","slide_template_v7":""},"product_brand":[],"product_cat":[2387,4663,2392],"product_tag":[],"class_list":{"0":"post-24570","1":"product","2":"type-product","3":"status-publish","4":"has-post-thumbnail","6":"product_cat-avec-sv","7":"product_cat-rye-sv","8":"product_cat-whisky-sv","9":"pa_land-tyskland-sv","10":"pa_procent-50-sv","11":"pa_producent-spreewood-distillers-sv","12":"pa_region-brandenburg-sv","13":"pa_volume-50-sv","15":"first","16":"instock","17":"sale","18":"taxable","19":"shipping-taxable","20":"purchasable","21":"product-type-simple"},"bundled_by":[],"bundle_stock_status":"instock","bundle_stock_quantity":null,"bundle_virtual":false,"bundle_layout":"","bundle_add_to_cart_form_location":"","bundle_editable_in_cart":false,"bundle_sold_individually_context":"","bundle_item_grouping":"","bundle_min_size":"","bundle_max_size":"","bundle_price":[],"bundled_items":[],"bundle_sell_ids":[],"acf":[],"_links":{"self":[{"href":"https:\/\/www.raschvin.com\/sv\/wp-json\/wp\/v2\/product\/24570","targetHints":{"allow":["GET"]}}],"collection":[{"href":"https:\/\/www.raschvin.com\/sv\/wp-json\/wp\/v2\/product"}],"about":[{"href":"https:\/\/www.raschvin.com\/sv\/wp-json\/wp\/v2\/types\/product"}],"wp:featuredmedia":[{"embeddable":true,"href":"https:\/\/www.raschvin.com\/sv\/wp-json\/wp\/v2\/media\/29374"}],"wp:attachment":[{"href":"https:\/\/www.raschvin.com\/sv\/wp-json\/wp\/v2\/media?parent=24570"}],"wp:term":[{"taxonomy":"product_brand","embeddable":true,"href":"https:\/\/www.raschvin.com\/sv\/wp-json\/wp\/v2\/product_brand?post=24570"},{"taxonomy":"product_cat","embeddable":true,"href":"https:\/\/www.raschvin.com\/sv\/wp-json\/wp\/v2\/product_cat?post=24570"},{"taxonomy":"product_tag","embeddable":true,"href":"https:\/\/www.raschvin.com\/sv\/wp-json\/wp\/v2\/product_tag?post=24570"}],"curies":[{"name":"wp","href":"https:\/\/api.w.org\/{rel}","templated":true}]}}