{"id":24556,"date":"2022-11-08T13:18:18","date_gmt":"2022-11-08T12:18:18","guid":{"rendered":"https:\/\/www.raschvin.com\/produkt\/riegers-kansas-city-whiskey-70-cl-46\/"},"modified":"2023-04-03T11:28:40","modified_gmt":"2023-04-03T09:28:40","slug":"riegers-kansas-city-whiskey-70-cl-46","status":"publish","type":"product","link":"https:\/\/www.raschvin.com\/sv\/produkt\/riegers-kansas-city-whiskey-70-cl-46\/","title":{"rendered":"Rieger&#8217;s Kansas City Whiskey 70 cl. 46%"},"content":{"rendered":"<p>Om du inte har h\u00f6rt talas om Kansas City Whisky, \u00e4r du f\u00f6rl\u00e5ten. Just nu \u00e4r det ingen annan \u00e4n J. Rieger Co. som g\u00f6r denna speciella stil! Historien b\u00f6rjade n\u00e4r Ryan och Andy forskade i historien om J. Rieger och r\u00e5kade r\u00e5ka ut f\u00f6r en nyfiken och n\u00e4stan bortgl\u00f6md whiskystil. F\u00f6rr i tiden beskattades amerikansk whisky s\u00e5 fort den destillerades, inte n\u00e4r den s\u00e5ldes. D\u00e4rf\u00f6r var det m\u00e5nga som s\u00e5lde whiskyn s\u00e5 unga som m\u00f6jligt. F\u00f6r att kompensera f\u00f6r bristen p\u00e5 \u00e5ldring \u201dr\u00e4ttades\u201d \u2013 justerades whiskyn \u2013 med till exempel billig sherry eller kokt katrinplommonjuice. 1897 kom Bottled-in-Bond-lagen, som gav skattel\u00e4ttnader till whisky \u00f6ver 4 \u00e5r gammal; ett kraftfullt incitament att lagra whiskyn l\u00e4ngre. Detta innebar att tekniken att tills\u00e4tta sherry gick i gl\u00f6mska \u2013 och bra riddance skulle vissa s\u00e4ga. Men det som utm\u00e4rker J. Riegers sherryf\u00f6rst\u00e4rkta whisky \u00e4r att de anv\u00e4nder b\u00e5de v\u00e4llagrad whisky och god sherry. Riktigt bra till och med!<\/p>\n<p>Det moderna receptet fr\u00e5n Reiger kr\u00e4ver en blandning av straight bourbon whisky, light corn whisky och straight rye whisky, alla minst 4 \u00e5r gamla, som blandas med en liten m\u00e4ngd av en helt suver\u00e4n, 15 \u00e5r gammal sherry fr\u00e5n Williams &#038; Humbert i Jerez de la Frontera. Sherryn hj\u00e4lper till att runda av whiskyn, ge komplexitet och en n\u00e4stan om\u00e4rklig s\u00f6tma. Tappade p\u00e5 46 %.<br \/>\nButeljeringen har sedan dess blivit s\u00e5 popul\u00e4r att J. Rieger har f\u00e5tt en s\u00e4rskild dispens som g\u00f6r att de kan importera sherry p\u00e5 tankar\/fat, ist\u00e4llet f\u00f6r p\u00e5 flaska, som lagen i Jerez annars f\u00f6reskriver.<\/p>\n<p>F\u00e4rg: Amber.<br \/>\nDoft: Stor, stor doft av kanderade frukter, fikon, n\u00f6tter, kola och m\u00f6rk choklad.<br \/>\nSmaknoter: S\u00f6ta toner av majs, torkad frukt (s\u00e4rskilt russin) och varma kryddor. L\u00e5ng, behaglig eftersmak, d\u00e4r de 46% perfekt balanserar den l\u00e4tta s\u00f6tman.<\/p>\n<p>Serveringsf\u00f6rslag: Njut av det snyggt eller i cocktails.<\/p>\n","protected":false},"excerpt":{"rendered":"<p>American Kansas City Whiskey<\/p>\n","protected":false},"featured_media":29358,"template":"","meta":{"_acf_changed":false,"rs_blank_template":"","rs_page_bg_color":"","slide_template_v7":""},"product_brand":[],"product_cat":[4657,2387,2392],"product_tag":[],"class_list":{"0":"post-24556","1":"product","2":"type-product","3":"status-publish","4":"has-post-thumbnail","6":"product_cat-american-bourbon-sv","7":"product_cat-avec-sv","8":"product_cat-whisky-sv","9":"pa_land-usa-sv","10":"pa_procent-46-sv","11":"pa_producent-j-rieger-co-sv","12":"pa_region-kansas-city-sv","13":"pa_volume-70-sv-2","15":"first","16":"instock","17":"sale","18":"taxable","19":"shipping-taxable","20":"purchasable","21":"product-type-simple"},"bundled_by":[],"bundle_stock_status":"instock","bundle_stock_quantity":null,"bundle_virtual":false,"bundle_layout":"","bundle_add_to_cart_form_location":"","bundle_editable_in_cart":false,"bundle_sold_individually_context":"","bundle_item_grouping":"","bundle_min_size":"","bundle_max_size":"","bundle_price":[],"bundled_items":[],"bundle_sell_ids":[],"acf":[],"_links":{"self":[{"href":"https:\/\/www.raschvin.com\/sv\/wp-json\/wp\/v2\/product\/24556","targetHints":{"allow":["GET"]}}],"collection":[{"href":"https:\/\/www.raschvin.com\/sv\/wp-json\/wp\/v2\/product"}],"about":[{"href":"https:\/\/www.raschvin.com\/sv\/wp-json\/wp\/v2\/types\/product"}],"wp:featuredmedia":[{"embeddable":true,"href":"https:\/\/www.raschvin.com\/sv\/wp-json\/wp\/v2\/media\/29358"}],"wp:attachment":[{"href":"https:\/\/www.raschvin.com\/sv\/wp-json\/wp\/v2\/media?parent=24556"}],"wp:term":[{"taxonomy":"product_brand","embeddable":true,"href":"https:\/\/www.raschvin.com\/sv\/wp-json\/wp\/v2\/product_brand?post=24556"},{"taxonomy":"product_cat","embeddable":true,"href":"https:\/\/www.raschvin.com\/sv\/wp-json\/wp\/v2\/product_cat?post=24556"},{"taxonomy":"product_tag","embeddable":true,"href":"https:\/\/www.raschvin.com\/sv\/wp-json\/wp\/v2\/product_tag?post=24556"}],"curies":[{"name":"wp","href":"https:\/\/api.w.org\/{rel}","templated":true}]}}