{"id":24552,"date":"2022-11-08T13:04:53","date_gmt":"2022-11-08T12:04:53","guid":{"rendered":"https:\/\/www.raschvin.com\/produkt\/riegers-straight-bourbon-whiskey-70-cl-43\/"},"modified":"2023-01-26T15:07:55","modified_gmt":"2023-01-26T14:07:55","slug":"riegers-straight-bourbon-whiskey-70-cl-43","status":"publish","type":"product","link":"https:\/\/www.raschvin.com\/sv\/produkt\/riegers-straight-bourbon-whiskey-70-cl-43\/","title":{"rendered":"Rieger&#8217;s Straight Bourbon Whiskey 70 cl. 43%"},"content":{"rendered":"<p>En explosion av en Straight Bourbon Whisky buteljerad av J. Rieger Co. i Kansas City, Missouri. Whiskyn lagras p\u00e5 jungfruliga amerikanska ekfat och eftersom den har beteckningen &#8221;straight&#8221; vet vi att den har lagrats i minst 2 \u00e5r. N\u00e4r Rieger trodde att den var mogen buteljerades den p\u00e5 43 % alkohol som &#8221;EU Exclusive&#8221;.<\/p>\n<p>F\u00e4rg: Amber.<br \/>\nDoft: Underbar, klassisk bourbondoft av sm\u00e4lt farinsocker, vaniljst\u00e5ng och rostad ek.<br \/>\nSmaknoter: S\u00f6t och sm\u00f6rig munk\u00e4nsla med toner av kryddnejlika, kanel, honung och nymalet kaffe.<\/p>\n<p>Serveringsf\u00f6rslag: En suver\u00e4n bourbon f\u00f6r en gammaldags, men den kan s\u00e4kert ocks\u00e5 avnjutas snyggt!<\/p>\n","protected":false},"excerpt":{"rendered":"<p>American Straight Bourbon Whiskey<\/p>\n","protected":false},"featured_media":29348,"template":"","meta":{"_acf_changed":false,"rs_blank_template":"","rs_page_bg_color":"","slide_template_v7":""},"product_brand":[],"product_cat":[4657,2387,2392],"product_tag":[],"class_list":{"0":"post-24552","1":"product","2":"type-product","3":"status-publish","4":"has-post-thumbnail","6":"product_cat-american-bourbon-sv","7":"product_cat-avec-sv","8":"product_cat-whisky-sv","9":"pa_land-usa-sv","10":"pa_procent-43-sv","11":"pa_producent-j-rieger-co-sv","12":"pa_region-kansas-city-sv","13":"pa_volume-70-sv-2","15":"first","16":"instock","17":"sale","18":"taxable","19":"shipping-taxable","20":"purchasable","21":"product-type-simple"},"bundled_by":[],"bundle_stock_status":"instock","bundle_stock_quantity":null,"bundle_virtual":false,"bundle_layout":"","bundle_add_to_cart_form_location":"","bundle_editable_in_cart":false,"bundle_sold_individually_context":"","bundle_item_grouping":"","bundle_min_size":"","bundle_max_size":"","bundle_price":[],"bundled_items":[],"bundle_sell_ids":[],"acf":[],"_links":{"self":[{"href":"https:\/\/www.raschvin.com\/sv\/wp-json\/wp\/v2\/product\/24552","targetHints":{"allow":["GET"]}}],"collection":[{"href":"https:\/\/www.raschvin.com\/sv\/wp-json\/wp\/v2\/product"}],"about":[{"href":"https:\/\/www.raschvin.com\/sv\/wp-json\/wp\/v2\/types\/product"}],"wp:featuredmedia":[{"embeddable":true,"href":"https:\/\/www.raschvin.com\/sv\/wp-json\/wp\/v2\/media\/29348"}],"wp:attachment":[{"href":"https:\/\/www.raschvin.com\/sv\/wp-json\/wp\/v2\/media?parent=24552"}],"wp:term":[{"taxonomy":"product_brand","embeddable":true,"href":"https:\/\/www.raschvin.com\/sv\/wp-json\/wp\/v2\/product_brand?post=24552"},{"taxonomy":"product_cat","embeddable":true,"href":"https:\/\/www.raschvin.com\/sv\/wp-json\/wp\/v2\/product_cat?post=24552"},{"taxonomy":"product_tag","embeddable":true,"href":"https:\/\/www.raschvin.com\/sv\/wp-json\/wp\/v2\/product_tag?post=24552"}],"curies":[{"name":"wp","href":"https:\/\/api.w.org\/{rel}","templated":true}]}}