{"id":24541,"date":"2022-11-08T12:23:55","date_gmt":"2022-11-08T11:23:55","guid":{"rendered":"https:\/\/www.raschvin.com\/produkt\/peats-beast-cask-strength-px-70-cl-541\/"},"modified":"2023-04-02T10:23:22","modified_gmt":"2023-04-02T08:23:22","slug":"peats-beast-cask-strength-px-70-cl-541","status":"publish","type":"product","link":"https:\/\/www.raschvin.com\/sv\/produkt\/peats-beast-cask-strength-px-70-cl-541\/","title":{"rendered":"Peat&#8217;s Beast Cask Strength PX 70 cl. 54,1%"},"content":{"rendered":"<p>Denna Peat&#8217;s Beast \u00e4r inte bara fatstyrka utan ocks\u00e5 f\u00e4rdig i Pedro Xim\u00e9nez Sherry-fat. Genom att g\u00f6ra det har Fox Fitzgerald lagt till en helt ny dimension till detta monster!<\/p>\n<p>Tasting Note av Richard Paterson S\u00e5 vi har de v\u00e4lbekanta inslagen av pepprig torvr\u00f6k, fuktig br\u00e4nd brack och de salta tonerna av t\u00e5ng. Men Peat&#8217;s Beast Sherry ger dig mer. Det finns subtila s\u00f6ta toner av dadlar och fikon med de s\u00f6ta nyanserna av spansk sherry; en absolut sammanst\u00e4llning mellan torr torvr\u00f6k och rom och russinglass, en ganska sublim dram.<\/p>\n<p>N\u00e4sa: Fuktig r\u00f6k, torv, TCP, t\u00e5ng som sedan f\u00f6rvandlas till s\u00f6ta sirapsliknande br\u00e4nda sockernoter fr\u00e5n sherryfatet.<\/p>\n<p>Smak: Ett riktigt torvbett men insvept i en underbar varm p\u00e4ls av dadlar, fikon, inslag av kryddnejlika och vanilj.<\/p>\n<p>Efterbehandling: Torvelden stannar l\u00e4ngst bak i halsen men det finns starka toner av choklad, s\u00f6t rom och russinglass, br\u00e4nd kola. Otroligt l\u00e5ng finish.<\/p>\n","protected":false},"excerpt":{"rendered":"<p>Un Chill Filtered Single Malt Scotch Whisky<\/p>\n","protected":false},"featured_media":29392,"template":"","meta":{"_acf_changed":false,"rs_blank_template":"","rs_page_bg_color":"","slide_template_v7":""},"product_brand":[],"product_cat":[2387,4651,2392],"product_tag":[],"class_list":{"0":"post-24541","1":"product","2":"type-product","3":"status-publish","4":"has-post-thumbnail","6":"product_cat-avec-sv","7":"product_cat-single-malt-sv","8":"product_cat-whisky-sv","9":"pa_champagne-type-single-cask-sv","10":"pa_land-skottland","11":"pa_procent-54-1-sv","12":"pa_producent-peats-beast-ltd-sv","13":"pa_region-speyside-sv","14":"pa_traefad-pedro-ximenez-px-sv","15":"pa_volume-70-sv-2","17":"first","18":"instock","19":"taxable","20":"shipping-taxable","21":"purchasable","22":"product-type-simple"},"bundled_by":[],"bundle_stock_status":"instock","bundle_stock_quantity":null,"bundle_virtual":false,"bundle_layout":"","bundle_add_to_cart_form_location":"","bundle_editable_in_cart":false,"bundle_sold_individually_context":"","bundle_item_grouping":"","bundle_min_size":"","bundle_max_size":"","bundle_price":[],"bundled_items":[],"bundle_sell_ids":[],"acf":[],"_links":{"self":[{"href":"https:\/\/www.raschvin.com\/sv\/wp-json\/wp\/v2\/product\/24541","targetHints":{"allow":["GET"]}}],"collection":[{"href":"https:\/\/www.raschvin.com\/sv\/wp-json\/wp\/v2\/product"}],"about":[{"href":"https:\/\/www.raschvin.com\/sv\/wp-json\/wp\/v2\/types\/product"}],"wp:featuredmedia":[{"embeddable":true,"href":"https:\/\/www.raschvin.com\/sv\/wp-json\/wp\/v2\/media\/29392"}],"wp:attachment":[{"href":"https:\/\/www.raschvin.com\/sv\/wp-json\/wp\/v2\/media?parent=24541"}],"wp:term":[{"taxonomy":"product_brand","embeddable":true,"href":"https:\/\/www.raschvin.com\/sv\/wp-json\/wp\/v2\/product_brand?post=24541"},{"taxonomy":"product_cat","embeddable":true,"href":"https:\/\/www.raschvin.com\/sv\/wp-json\/wp\/v2\/product_cat?post=24541"},{"taxonomy":"product_tag","embeddable":true,"href":"https:\/\/www.raschvin.com\/sv\/wp-json\/wp\/v2\/product_tag?post=24541"}],"curies":[{"name":"wp","href":"https:\/\/api.w.org\/{rel}","templated":true}]}}